{"id":1260,"date":"2018-03-17T10:23:54","date_gmt":"2018-03-17T10:23:54","guid":{"rendered":"http:\/\/www.elitisprotection.be\/?page_id=1260"},"modified":"2025-01-27T10:36:58","modified_gmt":"2025-01-27T10:36:58","slug":"assurances-deces-protegent-a-etape-de-vie","status":"publish","type":"page","link":"https:\/\/april-belgium.be\/fr\/","title":{"rendered":"Des solutions de pr\u00e9voyance pour chaque \u00e9tape de votre vie"},"content":{"rendered":"<p><strong>Prot\u00e9gez l&rsquo;avenir de votre famille et de votre entreprise avec APRIL Belgium, votre partenaire sp\u00e9cialis\u00e9 dans les solutions de pr\u00e9voyance.<\/strong><\/p>\n<p>Nous offrons une vaste gamme d&rsquo;assurances d\u00e9c\u00e8s pour garantir la s\u00e9curit\u00e9 financi\u00e8re de vos proches et de votre entreprise en cas de d\u00e9c\u00e8s, ainsi que des solutions pour s\u00e9curiser vos cr\u00e9dits et planifier votre succession.<\/p>\n<p>Chez APRIL Belgium, notre \u00e9quipe de 20 collaborateurs travaille en \u00e9troite collaboration avec un r\u00e9seau de plus de 1000 courtiers et des partenaires assureurs de premier plan. Ensemble, nous concevons, distribuons et g\u00e9rons des solutions de pr\u00e9voyance sur mesure. Que vous cherchiez \u00e0 prot\u00e9ger votre famille, \u00e0 s\u00e9curiser l&rsquo;avenir de votre entreprise ou \u00e0 planifier votre succession, nous sommes l\u00e0 pour vous aider \u00e0 trouver la solution qui r\u00e9pond le mieux \u00e0 vos besoins.\u00a0<\/p>\n","protected":false},"excerpt":{"rendered":"<p>Prot\u00e9gez l&rsquo;avenir de votre famille et de votre entreprise avec APRIL Belgium, votre partenaire sp\u00e9cialis\u00e9 dans les solutions de pr\u00e9voyance. Nous offrons une vaste gamme d&rsquo;assurances d\u00e9c\u00e8s pour garantir la s\u00e9curit\u00e9 financi\u00e8re de vos proches et de votre entreprise en cas de d\u00e9c\u00e8s, ainsi que des solutions pour s\u00e9curiser vos cr\u00e9dits et planifier votre succession. &hellip;<\/p>\n","protected":false},"author":1,"featured_media":3380,"parent":0,"menu_order":0,"comment_status":"closed","ping_status":"closed","template":"page-elitis-homev3.php","meta":{"footnotes":""},"class_list":["post-1260","page","type-page","status-publish","has-post-thumbnail","hentry"],"yoast_head":"<!-- This site is optimized with the Yoast SEO plugin v27.6 - https:\/\/yoast.com\/product\/yoast-seo-wordpress\/ -->\n<title>APRIL Belgium - Assurance pr\u00e9voyance et assurance d\u00e9c\u00e8s<\/title>\n<meta name=\"description\" content=\"Prot\u00e9ger sa famille, son entreprise, son cr\u00e9dit ou planifier sa succession, c&#039;est \u00eatre pr\u00e9voyant! D\u00e9couvrez nos assurances-d\u00e9c\u00e8s\" \/>\n<meta name=\"robots\" content=\"index, follow, max-snippet:-1, max-image-preview:large, max-video-preview:-1\" \/>\n<link rel=\"canonical\" href=\"https:\/\/april-belgium.be\/fr\/\" \/>\n<meta property=\"og:locale\" content=\"fr_FR\" \/>\n<meta property=\"og:type\" content=\"article\" \/>\n<meta property=\"og:title\" content=\"APRIL Belgium - Assurance pr\u00e9voyance et assurance d\u00e9c\u00e8s\" \/>\n<meta property=\"og:description\" content=\"Prot\u00e9ger sa famille, son entreprise, son cr\u00e9dit ou planifier sa succession, c&#039;est \u00eatre pr\u00e9voyant! D\u00e9couvrez nos assurances-d\u00e9c\u00e8s\" \/>\n<meta property=\"og:url\" content=\"https:\/\/april-belgium.be\/fr\/\" \/>\n<meta property=\"og:site_name\" content=\"APRIL Belgium\" \/>\n<meta property=\"article:modified_time\" content=\"2025-01-27T10:36:58+00:00\" \/>\n<meta property=\"og:image\" content=\"https:\/\/april-belgium.be\/wp-content\/uploads\/Intro-homepage-2021.png\" \/>\n\t<meta property=\"og:image:width\" content=\"652\" \/>\n\t<meta property=\"og:image:height\" content=\"548\" \/>\n\t<meta property=\"og:image:type\" content=\"image\/png\" \/>\n<meta name=\"twitter:card\" content=\"summary_large_image\" \/>\n<meta name=\"twitter:label1\" content=\"Dur\u00e9e de lecture est.\" \/>\n\t<meta name=\"twitter:data1\" content=\"1 minute\" \/>\n<script type=\"application\/ld+json\" class=\"yoast-schema-graph\">{\"@context\":\"https:\\\/\\\/schema.org\",\"@graph\":[{\"@type\":\"WebPage\",\"@id\":\"https:\\\/\\\/april-belgium.be\\\/fr\\\/\",\"url\":\"https:\\\/\\\/april-belgium.be\\\/fr\\\/\",\"name\":\"APRIL Belgium - Assurance pr\u00e9voyance et assurance d\u00e9c\u00e8s\",\"isPartOf\":{\"@id\":\"https:\\\/\\\/april-belgium.be\\\/fr\\\/#website\"},\"primaryImageOfPage\":{\"@id\":\"https:\\\/\\\/april-belgium.be\\\/fr\\\/#primaryimage\"},\"image\":{\"@id\":\"https:\\\/\\\/april-belgium.be\\\/fr\\\/#primaryimage\"},\"thumbnailUrl\":\"https:\\\/\\\/april-belgium.be\\\/wp-content\\\/uploads\\\/Intro-homepage-2021.png\",\"datePublished\":\"2018-03-17T10:23:54+00:00\",\"dateModified\":\"2025-01-27T10:36:58+00:00\",\"description\":\"Prot\u00e9ger sa famille, son entreprise, son cr\u00e9dit ou planifier sa succession, c'est \u00eatre pr\u00e9voyant! D\u00e9couvrez nos assurances-d\u00e9c\u00e8s\",\"breadcrumb\":{\"@id\":\"https:\\\/\\\/april-belgium.be\\\/fr\\\/#breadcrumb\"},\"inLanguage\":\"fr-BE\",\"potentialAction\":[{\"@type\":\"ReadAction\",\"target\":[\"https:\\\/\\\/april-belgium.be\\\/fr\\\/\"]}]},{\"@type\":\"ImageObject\",\"inLanguage\":\"fr-BE\",\"@id\":\"https:\\\/\\\/april-belgium.be\\\/fr\\\/#primaryimage\",\"url\":\"https:\\\/\\\/april-belgium.be\\\/wp-content\\\/uploads\\\/Intro-homepage-2021.png\",\"contentUrl\":\"https:\\\/\\\/april-belgium.be\\\/wp-content\\\/uploads\\\/Intro-homepage-2021.png\",\"width\":652,\"height\":548},{\"@type\":\"BreadcrumbList\",\"@id\":\"https:\\\/\\\/april-belgium.be\\\/fr\\\/#breadcrumb\",\"itemListElement\":[{\"@type\":\"ListItem\",\"position\":1,\"name\":\"Accueil\",\"item\":\"https:\\\/\\\/april-belgium.be\\\/fr\\\/\"},{\"@type\":\"ListItem\",\"position\":2,\"name\":\"Des solutions de pr\u00e9voyance pour chaque \u00e9tape de votre vie\"}]},{\"@type\":\"WebSite\",\"@id\":\"https:\\\/\\\/april-belgium.be\\\/fr\\\/#website\",\"url\":\"https:\\\/\\\/april-belgium.be\\\/fr\\\/\",\"name\":\"APRIL Belgium\",\"description\":\"\",\"potentialAction\":[{\"@type\":\"SearchAction\",\"target\":{\"@type\":\"EntryPoint\",\"urlTemplate\":\"https:\\\/\\\/april-belgium.be\\\/fr\\\/?s={search_term_string}\"},\"query-input\":{\"@type\":\"PropertyValueSpecification\",\"valueRequired\":true,\"valueName\":\"search_term_string\"}}],\"inLanguage\":\"fr-BE\"}]}<\/script>\n<!-- \/ Yoast SEO plugin. -->","yoast_head_json":{"title":"APRIL Belgium - Assurance pr\u00e9voyance et assurance d\u00e9c\u00e8s","description":"Prot\u00e9ger sa famille, son entreprise, son cr\u00e9dit ou planifier sa succession, c'est \u00eatre pr\u00e9voyant! D\u00e9couvrez nos assurances-d\u00e9c\u00e8s","robots":{"index":"index","follow":"follow","max-snippet":"max-snippet:-1","max-image-preview":"max-image-preview:large","max-video-preview":"max-video-preview:-1"},"canonical":"https:\/\/april-belgium.be\/fr\/","og_locale":"fr_FR","og_type":"article","og_title":"APRIL Belgium - Assurance pr\u00e9voyance et assurance d\u00e9c\u00e8s","og_description":"Prot\u00e9ger sa famille, son entreprise, son cr\u00e9dit ou planifier sa succession, c'est \u00eatre pr\u00e9voyant! D\u00e9couvrez nos assurances-d\u00e9c\u00e8s","og_url":"https:\/\/april-belgium.be\/fr\/","og_site_name":"APRIL Belgium","article_modified_time":"2025-01-27T10:36:58+00:00","og_image":[{"width":652,"height":548,"url":"https:\/\/april-belgium.be\/wp-content\/uploads\/Intro-homepage-2021.png","type":"image\/png"}],"twitter_card":"summary_large_image","twitter_misc":{"Dur\u00e9e de lecture est.":"1 minute"},"schema":{"@context":"https:\/\/schema.org","@graph":[{"@type":"WebPage","@id":"https:\/\/april-belgium.be\/fr\/","url":"https:\/\/april-belgium.be\/fr\/","name":"APRIL Belgium - Assurance pr\u00e9voyance et assurance d\u00e9c\u00e8s","isPartOf":{"@id":"https:\/\/april-belgium.be\/fr\/#website"},"primaryImageOfPage":{"@id":"https:\/\/april-belgium.be\/fr\/#primaryimage"},"image":{"@id":"https:\/\/april-belgium.be\/fr\/#primaryimage"},"thumbnailUrl":"https:\/\/april-belgium.be\/wp-content\/uploads\/Intro-homepage-2021.png","datePublished":"2018-03-17T10:23:54+00:00","dateModified":"2025-01-27T10:36:58+00:00","description":"Prot\u00e9ger sa famille, son entreprise, son cr\u00e9dit ou planifier sa succession, c'est \u00eatre pr\u00e9voyant! D\u00e9couvrez nos assurances-d\u00e9c\u00e8s","breadcrumb":{"@id":"https:\/\/april-belgium.be\/fr\/#breadcrumb"},"inLanguage":"fr-BE","potentialAction":[{"@type":"ReadAction","target":["https:\/\/april-belgium.be\/fr\/"]}]},{"@type":"ImageObject","inLanguage":"fr-BE","@id":"https:\/\/april-belgium.be\/fr\/#primaryimage","url":"https:\/\/april-belgium.be\/wp-content\/uploads\/Intro-homepage-2021.png","contentUrl":"https:\/\/april-belgium.be\/wp-content\/uploads\/Intro-homepage-2021.png","width":652,"height":548},{"@type":"BreadcrumbList","@id":"https:\/\/april-belgium.be\/fr\/#breadcrumb","itemListElement":[{"@type":"ListItem","position":1,"name":"Accueil","item":"https:\/\/april-belgium.be\/fr\/"},{"@type":"ListItem","position":2,"name":"Des solutions de pr\u00e9voyance pour chaque \u00e9tape de votre vie"}]},{"@type":"WebSite","@id":"https:\/\/april-belgium.be\/fr\/#website","url":"https:\/\/april-belgium.be\/fr\/","name":"APRIL Belgium","description":"","potentialAction":[{"@type":"SearchAction","target":{"@type":"EntryPoint","urlTemplate":"https:\/\/april-belgium.be\/fr\/?s={search_term_string}"},"query-input":{"@type":"PropertyValueSpecification","valueRequired":true,"valueName":"search_term_string"}}],"inLanguage":"fr-BE"}]}},"_links":{"self":[{"href":"https:\/\/april-belgium.be\/fr\/wp-json\/wp\/v2\/pages\/1260","targetHints":{"allow":["GET"]}}],"collection":[{"href":"https:\/\/april-belgium.be\/fr\/wp-json\/wp\/v2\/pages"}],"about":[{"href":"https:\/\/april-belgium.be\/fr\/wp-json\/wp\/v2\/types\/page"}],"author":[{"embeddable":true,"href":"https:\/\/april-belgium.be\/fr\/wp-json\/wp\/v2\/users\/1"}],"replies":[{"embeddable":true,"href":"https:\/\/april-belgium.be\/fr\/wp-json\/wp\/v2\/comments?post=1260"}],"version-history":[{"count":25,"href":"https:\/\/april-belgium.be\/fr\/wp-json\/wp\/v2\/pages\/1260\/revisions"}],"predecessor-version":[{"id":5376,"href":"https:\/\/april-belgium.be\/fr\/wp-json\/wp\/v2\/pages\/1260\/revisions\/5376"}],"wp:featuredmedia":[{"embeddable":true,"href":"https:\/\/april-belgium.be\/fr\/wp-json\/wp\/v2\/media\/3380"}],"wp:attachment":[{"href":"https:\/\/april-belgium.be\/fr\/wp-json\/wp\/v2\/media?parent=1260"}],"curies":[{"name":"wp","href":"https:\/\/api.w.org\/{rel}","templated":true}]}}