{"id":2244,"date":"2020-02-25T15:41:15","date_gmt":"2020-02-25T15:41:15","guid":{"rendered":"https:\/\/april-belgium.be\/fr\/?page_id=2244"},"modified":"2026-01-29T08:01:52","modified_gmt":"2026-01-29T08:01:52","slug":"elitis-life-protect-de-vitis-life","status":"publish","type":"page","link":"https:\/\/april-belgium.be\/fr\/elitis-life-protect-de-vitis-life\/","title":{"rendered":"ELITIS LIFE PROTECT de Vitis Life"},"content":{"rendered":"<h3>TYPE D\u2019ASSURANCE-VIE<\/h3>\n<p>Elitis Life Protect est une <strong>assurance d\u00e9c\u00e8s temporaire<\/strong> (branche 21) servant \u00e0 garantir ou non le remboursement d\u2019un cr\u00e9dit.<\/p>\n<p>Deux formules sont possibles :<\/p>\n<ul>\n<li>Soit une temporaire d\u00e9c\u00e8s \u00e0 <strong>capital d\u00e9croissant<\/strong> (Assurance solde restant d\u00fb)<\/li>\n<li>Soit une temporaire d\u00e9c\u00e8s \u00e0 <strong>capital constant<\/strong><\/li>\n<\/ul>\n<h3>POUR QUI ?<\/h3>\n<p>Le produit Elitis Life Protect s\u2019adresse aux personnes physiques souhaitant mettre \u00e0 l\u2019abri leurs proches contre les <strong>cons\u00e9quences financi\u00e8res li\u00e9es \u00e0 leur d\u00e9c\u00e8s<\/strong> et aux personnes morales souhaitant assurer la p\u00e9rennit\u00e9 de leur entreprise.<\/p>\n<p>L\u2019assurance accessoire du risque cancer s\u2019adresse aux personnes physiques dont le but est de garantir, en cas de diagnostic d\u2019un cancer de l\u2019assur\u00e9, le paiement d\u2019un capital unique et forfaitaire dont le montant est d\u00e9termin\u00e9 aux conditions particuli\u00e8res.<\/p>\n<div class=\"produit_illustration\">\n<h3>GARANTIES DE L\u2019ASSURANCE<\/h3>\n<p><img fetchpriority=\"high\" decoding=\"async\" class=\"alignnone size-full wp-image-3371\" src=\"https:\/\/aprildev.cmsdev.be\/wp-content\/uploads\/produit-assurance-2021.png\" alt=\"\" width=\"686\" height=\"778\" srcset=\"https:\/\/april-belgium.be\/wp-content\/uploads\/produit-assurance-2021.png 686w, https:\/\/april-belgium.be\/wp-content\/uploads\/produit-assurance-2021-353x400.png 353w\" sizes=\"(max-width: 686px) 100vw, 686px\" \/><\/p>\n<p><strong>Garantie principale d\u00e9c\u00e8s toutes causes<\/strong><\/p>\n<p>En cas de d\u00e9c\u00e8s \u00e0 la suite d\u2019une maladie ou un accident durant la vie du contrat, Vitis Life SA intervient pour le solde restant d\u00fb du cr\u00e9dit (en totalit\u00e9 ou une partie) ou pour le capital constant fix\u00e9 \u00e0 la souscription du contrat. Ce capital est vers\u00e9 aux b\u00e9n\u00e9ficiaires d\u00e9sign\u00e9s \u00e0 la souscription du contrat et\/ou \u00e0 l\u2019organisme pr\u00eateur pour le solde restant d\u00fb du cr\u00e9dit.<\/p>\n<p>Le capital assur\u00e9 est \u00e0 d\u00e9terminer librement par le client mais s\u2019\u00e9l\u00e8ve \u00e0 minimum 35.000\u20ac et maximum 1.000.000\u20ac.<\/p>\n<p><strong>Garantie accessoire du risque cancer <\/strong><\/p>\n<p>En cas de diagnostic de cancer durant la vie du contrat, Vitis Life SA \u2013 Belgian Branch intervient pour le capital d\u00e9fini dans les conditions particuli\u00e8res du contrat mais limit\u00e9 au capital-d\u00e9c\u00e8s d\u00e9termin\u00e9 \u00e0 la date du sinistre.<\/p>\n<p>Le capital d\u00e9fini dans les conditions particuli\u00e8res est \u00e9gal \u00e0 <strong>12 <\/strong>fois ou <strong>24 fois <\/strong>la mensualit\u00e9 constante obtenue sur base des caract\u00e9ristiques de la garantie principale (montant du capital assur\u00e9, dur\u00e9e, taux de d\u00e9croissance, p\u00e9riodicit\u00e9 de d\u00e9croissance) avec un maximum de <strong>60.000\u20ac.<\/strong><\/p>\n<h3>DUR\u00c9E DU CONTRAT<\/h3>\n<p><strong>Garantie principale d\u00e9c\u00e8s toute cause<\/strong><\/p>\n<ul>\n<li>La dur\u00e9e est de minimum 3 ans (contrat fiscal : 10 ans) et maximum 30 ans<\/li>\n<li>La dur\u00e9e de l\u2019assurance d\u00e9pend de la dur\u00e9e de vie de l\u2019assur\u00e9<\/li>\n<li>L\u2019\u00e2ge \u00e0 la souscription doit se situer entre 18 et 65 ans<\/li>\n<li>L\u2019\u00e2ge au terme est de maximum 75 ans.<\/li>\n<\/ul>\n<p><strong>Garantie accessoire du risque cancer<\/strong><\/p>\n<ul>\n<li>La dur\u00e9e est de minimum 3 ans et de maximum 25 ans<\/li>\n<li>L\u2019\u00e2ge \u00e0 la souscription doit se situer entre 18 et 55 ans<\/li>\n<li>L\u2019\u00e2ge au terme est de maximum 70 ans<\/li>\n<\/ul>\n<p>Le client peut racheter le contrat pr\u00e9matur\u00e9ment.<br \/>\nLa dur\u00e9e de l\u2019assurance d\u00e9pend de la dur\u00e9e de vie de l\u2019assur\u00e9.<\/p>\n<\/div>\n<h3>LA PRIME D\u2019ASSURANCE<\/h3>\n<p>La prime d\u00e9pend de plusieurs crit\u00e8res de <a href=\"\/wp-content\/uploads\/documents\/SegmentationTarifaire_FR.pdf\">segmentation tarifaire<\/a>.<\/p>\n<p>La prime d\u00e9pend de l&rsquo;acceptation m\u00e9dicale.<\/p>\n<p>Les tables de mortalit\u00e9 qui forment la base du tarif (\u00e9l\u00e9ment constitutif de la prime) de la garantie d\u00e9c\u00e8s sont garanties pour une p\u00e9riode de 1 an \u00e0 compter de la date de prise d\u2019effet du contrat.<\/p>\n<p>Diff\u00e9rents <strong>modes de paiement<\/strong> des primes sont possibles :<\/p>\n<ul>\n<li>En <strong>prime unique<\/strong><\/li>\n<li>En <strong>primes de risque<\/strong> : la prime est recalcul\u00e9e \u00e0 chaque \u00e9ch\u00e9ance en fonction de l\u2019\u00e9volution du capital et de l\u2019\u00e2ge de l\u2019assur\u00e9. Payable\u00a0pendant toute la dur\u00e9e du contrat.<\/li>\n<li>En <strong>primes constantes<\/strong> : primes constantes pendant toute la dur\u00e9e de paiement. Payable durant 2\/3 de la dur\u00e9e (solde restant d\u00fb) ou\u00a0pendant toute la dur\u00e9e du contrat (temporaire capital constant).<\/li>\n<\/ul>\n<p>La prime peut \u00eatre pay\u00e9e <strong>mensuellement<\/strong> (pas de montant minimum) ou <strong>annuellement<\/strong>. En cas de payement mensuel, la<br \/>\ndomiciliation est obligatoire.<\/p>\n<h3>LE CADRE FISCAL<\/h3>\n<ul>\n<li>Sur les versements effectu\u00e9s par une personne physique dont le domicile fiscal est en Belgique, une taxe de <strong>2%<\/strong> sera retenue.<\/li>\n<li>La taxe est r\u00e9duite \u00e0 <strong>1,10%<\/strong> pour les assurances d\u00e9c\u00e8s \u00e0 capital d\u00e9croissant, souscrites par des personnes physiques, qui servent \u00e0 la garantie d\u2019un cr\u00e9dit hypoth\u00e9caire pour l\u2019acquisition ou la conservation d\u2019un bien immobilier.<\/li>\n<li>Sur les versements ex\u00e9cut\u00e9s par une personne morale, une taxe de <strong>4,4%<\/strong> sera retenue.<\/li>\n<\/ul>\n<h3>LES PRINCIPALES EXCLUSIONS<\/h3>\n<p>Les principales exclusions de la garantie principale d\u00e9c\u00e8s sont: suicide de l\u2019assur\u00e9 au cours de la premi\u00e8re ann\u00e9e, fait intentionnel, fait de guerre, \u00e9meutes, transmutations de noyaux ou de la radioactivit\u00e9, navigation a\u00e9rienne.<\/p>\n<p>Les principales exclusions de la garantie cancer sont: les cancers class\u00e9s histologiquement comme non-invasifs, cancers in situ et tumeurs pr\u00e9-malignes (telles que thrombocyt\u00e9mie et polycyth\u00e9mie rubra vera), le cancer de la prostate (sauf si celui-ci a au moins progress\u00e9 \u00e0 la cat\u00e9gorie T2N0M0 de la classification TNM ou \u00e0 un score Gleason sup\u00e9rieur \u00e0 6), les tumeurs b\u00e9nignes, les syndromes my\u00e9lodysplasiques, les maladies my\u00e9loprolif\u00e9ratives (\u00e0 l\u2019exclusion de la leuc\u00e9mie), tout cancer de la peau, autre qu\u2019un m\u00e9lanome, en l\u2019absence de m\u00e9tastase.<\/p>\n<p>Les exclusions pr\u00e9cit\u00e9es ne sont pas exhaustives. Pour de plus amples informations, vous pouvez consulter nos <a href=\"https:\/\/april-belgium.be\/wp-content\/uploads\/114538-ELITISLIFEPROTECT-20241200_Conditions-Generales.pdf\" target=\"_blank\" rel=\"noopener\">conditions g\u00e9n\u00e9rales<\/a>.<\/p>\n<h3>QUE FAIRE EN CAS DE PLAINTE ?<\/h3>\n<p>Toute plainte peut \u00eatre adress\u00e9e par courrier \u00e0 APRIL Belgium, Dr\u00e8ve Richelle, 161 I, bo\u00eete 69 &#8211; 1410 Waterloo ou par e-mail \u00e0 <a href=\"#\">support.be@april.com<\/a>. En cas de d\u00e9saccord ou si vous n\u2019\u00eates pas satisfait de la r\u00e9ponse, vous pouvez soumettre votre plainte \u00e0 l\u2019ombudsman des assurances (1000 Bruxelles, Square de Mee\u00fbs, 35; tel: 02\/547.58.71 \u2013 Fax: 02\/547.58.71 \u2013 Mail: <a href=\"mailto:info@ombudsman.as\">info@ombudsman.as<\/a> \u2013 <a href=\"https:\/\/www.ombudsman-insurance.be\/\">www.ombudsman.as<\/a>)<\/p>\n<p><\/p>\n","protected":false},"excerpt":{"rendered":"<p>TYPE D\u2019ASSURANCE-VIE Elitis Life Protect est une assurance d\u00e9c\u00e8s temporaire (branche 21) servant \u00e0 garantir ou non le remboursement d\u2019un cr\u00e9dit. Deux formules sont possibles : Soit une temporaire d\u00e9c\u00e8s \u00e0 capital d\u00e9croissant (Assurance solde restant d\u00fb) Soit une temporaire d\u00e9c\u00e8s \u00e0 capital constant POUR QUI ? Le produit Elitis Life Protect s\u2019adresse aux personnes &hellip;<\/p>\n","protected":false},"author":1,"featured_media":0,"parent":0,"menu_order":0,"comment_status":"closed","ping_status":"closed","template":"page-elitis-produits.php","meta":{"footnotes":""},"class_list":["post-2244","page","type-page","status-publish","hentry"],"yoast_head":"<!-- This site is optimized with the Yoast SEO plugin v27.4 - https:\/\/yoast.com\/product\/yoast-seo-wordpress\/ -->\n<title>ELITIS LIFE PROTECT de Vitis Life - Mr.<\/title>\n<meta name=\"description\" content=\"Une assurance temporaire d\u00e9c\u00e8s (capital constant ou d\u00e9croissant) et une garantie cancer qui permet de toucher un capital en cas de maladie.\" \/>\n<meta name=\"robots\" content=\"index, follow, max-snippet:-1, max-image-preview:large, max-video-preview:-1\" \/>\n<link rel=\"canonical\" href=\"https:\/\/april-belgium.be\/nl\/elitis-life-protect-de-vitis-life\/\" \/>\n<meta property=\"og:locale\" content=\"fr_FR\" \/>\n<meta property=\"og:type\" content=\"article\" \/>\n<meta property=\"og:title\" content=\"ELITIS LIFE PROTECT de Vitis Life - Mr.\" \/>\n<meta property=\"og:description\" content=\"Une assurance temporaire d\u00e9c\u00e8s (capital constant ou d\u00e9croissant) et une garantie cancer qui permet de toucher un capital en cas de maladie.\" \/>\n<meta property=\"og:url\" content=\"https:\/\/april-belgium.be\/nl\/elitis-life-protect-de-vitis-life\/\" \/>\n<meta property=\"og:site_name\" content=\"Mr.\" \/>\n<meta property=\"article:modified_time\" content=\"2026-01-29T08:01:52+00:00\" \/>\n<meta property=\"og:image\" content=\"https:\/\/april-belgium.be\/wp-content\/uploads\/produit-assurance-2021.png\" \/>\n\t<meta property=\"og:image:width\" content=\"686\" \/>\n\t<meta property=\"og:image:height\" content=\"778\" \/>\n\t<meta property=\"og:image:type\" content=\"image\/png\" \/>\n<meta name=\"twitter:card\" content=\"summary_large_image\" \/>\n<meta name=\"twitter:label1\" content=\"Dur\u00e9e de lecture est.\" \/>\n\t<meta name=\"twitter:data1\" content=\"5 minutes\" \/>\n<script type=\"application\/ld+json\" class=\"yoast-schema-graph\">{\"@context\":\"https:\\\/\\\/schema.org\",\"@graph\":[{\"@type\":\"WebPage\",\"@id\":\"https:\\\/\\\/april-belgium.be\\\/nl\\\/elitis-life-protect-de-vitis-life\\\/\",\"url\":\"https:\\\/\\\/april-belgium.be\\\/nl\\\/elitis-life-protect-de-vitis-life\\\/\",\"name\":\"ELITIS LIFE PROTECT de Vitis Life - Mr.\",\"isPartOf\":{\"@id\":\"https:\\\/\\\/april-belgium.be\\\/fr\\\/#website\"},\"primaryImageOfPage\":{\"@id\":\"https:\\\/\\\/april-belgium.be\\\/nl\\\/elitis-life-protect-de-vitis-life\\\/#primaryimage\"},\"image\":{\"@id\":\"https:\\\/\\\/april-belgium.be\\\/nl\\\/elitis-life-protect-de-vitis-life\\\/#primaryimage\"},\"thumbnailUrl\":\"https:\\\/\\\/aprildev.cmsdev.be\\\/wp-content\\\/uploads\\\/produit-assurance-2021.png\",\"datePublished\":\"2020-02-25T15:41:15+00:00\",\"dateModified\":\"2026-01-29T08:01:52+00:00\",\"description\":\"Une assurance temporaire d\u00e9c\u00e8s (capital constant ou d\u00e9croissant) et une garantie cancer qui permet de toucher un capital en cas de maladie.\",\"breadcrumb\":{\"@id\":\"https:\\\/\\\/april-belgium.be\\\/nl\\\/elitis-life-protect-de-vitis-life\\\/#breadcrumb\"},\"inLanguage\":\"fr-BE\",\"potentialAction\":[{\"@type\":\"ReadAction\",\"target\":[\"https:\\\/\\\/april-belgium.be\\\/nl\\\/elitis-life-protect-de-vitis-life\\\/\"]}]},{\"@type\":\"ImageObject\",\"inLanguage\":\"fr-BE\",\"@id\":\"https:\\\/\\\/april-belgium.be\\\/nl\\\/elitis-life-protect-de-vitis-life\\\/#primaryimage\",\"url\":\"https:\\\/\\\/aprildev.cmsdev.be\\\/wp-content\\\/uploads\\\/produit-assurance-2021.png\",\"contentUrl\":\"https:\\\/\\\/aprildev.cmsdev.be\\\/wp-content\\\/uploads\\\/produit-assurance-2021.png\"},{\"@type\":\"BreadcrumbList\",\"@id\":\"https:\\\/\\\/april-belgium.be\\\/nl\\\/elitis-life-protect-de-vitis-life\\\/#breadcrumb\",\"itemListElement\":[{\"@type\":\"ListItem\",\"position\":1,\"name\":\"Accueil\",\"item\":\"https:\\\/\\\/april-belgium.be\\\/fr\\\/\"},{\"@type\":\"ListItem\",\"position\":2,\"name\":\"ELITIS LIFE PROTECT de Vitis Life\"}]},{\"@type\":\"WebSite\",\"@id\":\"https:\\\/\\\/april-belgium.be\\\/fr\\\/#website\",\"url\":\"https:\\\/\\\/april-belgium.be\\\/fr\\\/\",\"name\":\"Mr.\",\"description\":\"\",\"potentialAction\":[{\"@type\":\"SearchAction\",\"target\":{\"@type\":\"EntryPoint\",\"urlTemplate\":\"https:\\\/\\\/april-belgium.be\\\/fr\\\/?s={search_term_string}\"},\"query-input\":{\"@type\":\"PropertyValueSpecification\",\"valueRequired\":true,\"valueName\":\"search_term_string\"}}],\"inLanguage\":\"fr-BE\"}]}<\/script>\n<!-- \/ Yoast SEO plugin. -->","yoast_head_json":{"title":"ELITIS LIFE PROTECT de Vitis Life - Mr.","description":"Une assurance temporaire d\u00e9c\u00e8s (capital constant ou d\u00e9croissant) et une garantie cancer qui permet de toucher un capital en cas de maladie.","robots":{"index":"index","follow":"follow","max-snippet":"max-snippet:-1","max-image-preview":"max-image-preview:large","max-video-preview":"max-video-preview:-1"},"canonical":"https:\/\/april-belgium.be\/nl\/elitis-life-protect-de-vitis-life\/","og_locale":"fr_FR","og_type":"article","og_title":"ELITIS LIFE PROTECT de Vitis Life - Mr.","og_description":"Une assurance temporaire d\u00e9c\u00e8s (capital constant ou d\u00e9croissant) et une garantie cancer qui permet de toucher un capital en cas de maladie.","og_url":"https:\/\/april-belgium.be\/nl\/elitis-life-protect-de-vitis-life\/","og_site_name":"Mr.","article_modified_time":"2026-01-29T08:01:52+00:00","og_image":[{"width":686,"height":778,"url":"https:\/\/april-belgium.be\/wp-content\/uploads\/produit-assurance-2021.png","type":"image\/png"}],"twitter_card":"summary_large_image","twitter_misc":{"Dur\u00e9e de lecture est.":"5 minutes"},"schema":{"@context":"https:\/\/schema.org","@graph":[{"@type":"WebPage","@id":"https:\/\/april-belgium.be\/nl\/elitis-life-protect-de-vitis-life\/","url":"https:\/\/april-belgium.be\/nl\/elitis-life-protect-de-vitis-life\/","name":"ELITIS LIFE PROTECT de Vitis Life - Mr.","isPartOf":{"@id":"https:\/\/april-belgium.be\/fr\/#website"},"primaryImageOfPage":{"@id":"https:\/\/april-belgium.be\/nl\/elitis-life-protect-de-vitis-life\/#primaryimage"},"image":{"@id":"https:\/\/april-belgium.be\/nl\/elitis-life-protect-de-vitis-life\/#primaryimage"},"thumbnailUrl":"https:\/\/aprildev.cmsdev.be\/wp-content\/uploads\/produit-assurance-2021.png","datePublished":"2020-02-25T15:41:15+00:00","dateModified":"2026-01-29T08:01:52+00:00","description":"Une assurance temporaire d\u00e9c\u00e8s (capital constant ou d\u00e9croissant) et une garantie cancer qui permet de toucher un capital en cas de maladie.","breadcrumb":{"@id":"https:\/\/april-belgium.be\/nl\/elitis-life-protect-de-vitis-life\/#breadcrumb"},"inLanguage":"fr-BE","potentialAction":[{"@type":"ReadAction","target":["https:\/\/april-belgium.be\/nl\/elitis-life-protect-de-vitis-life\/"]}]},{"@type":"ImageObject","inLanguage":"fr-BE","@id":"https:\/\/april-belgium.be\/nl\/elitis-life-protect-de-vitis-life\/#primaryimage","url":"https:\/\/aprildev.cmsdev.be\/wp-content\/uploads\/produit-assurance-2021.png","contentUrl":"https:\/\/aprildev.cmsdev.be\/wp-content\/uploads\/produit-assurance-2021.png"},{"@type":"BreadcrumbList","@id":"https:\/\/april-belgium.be\/nl\/elitis-life-protect-de-vitis-life\/#breadcrumb","itemListElement":[{"@type":"ListItem","position":1,"name":"Accueil","item":"https:\/\/april-belgium.be\/fr\/"},{"@type":"ListItem","position":2,"name":"ELITIS LIFE PROTECT de Vitis Life"}]},{"@type":"WebSite","@id":"https:\/\/april-belgium.be\/fr\/#website","url":"https:\/\/april-belgium.be\/fr\/","name":"Mr.","description":"","potentialAction":[{"@type":"SearchAction","target":{"@type":"EntryPoint","urlTemplate":"https:\/\/april-belgium.be\/fr\/?s={search_term_string}"},"query-input":{"@type":"PropertyValueSpecification","valueRequired":true,"valueName":"search_term_string"}}],"inLanguage":"fr-BE"}]}},"_links":{"self":[{"href":"https:\/\/april-belgium.be\/fr\/wp-json\/wp\/v2\/pages\/2244","targetHints":{"allow":["GET"]}}],"collection":[{"href":"https:\/\/april-belgium.be\/fr\/wp-json\/wp\/v2\/pages"}],"about":[{"href":"https:\/\/april-belgium.be\/fr\/wp-json\/wp\/v2\/types\/page"}],"author":[{"embeddable":true,"href":"https:\/\/april-belgium.be\/fr\/wp-json\/wp\/v2\/users\/1"}],"replies":[{"embeddable":true,"href":"https:\/\/april-belgium.be\/fr\/wp-json\/wp\/v2\/comments?post=2244"}],"version-history":[{"count":23,"href":"https:\/\/april-belgium.be\/fr\/wp-json\/wp\/v2\/pages\/2244\/revisions"}],"predecessor-version":[{"id":6579,"href":"https:\/\/april-belgium.be\/fr\/wp-json\/wp\/v2\/pages\/2244\/revisions\/6579"}],"wp:attachment":[{"href":"https:\/\/april-belgium.be\/fr\/wp-json\/wp\/v2\/media?parent=2244"}],"curies":[{"name":"wp","href":"https:\/\/api.w.org\/{rel}","templated":true}]}}