{"id":2255,"date":"2020-02-25T16:29:49","date_gmt":"2020-02-25T16:29:49","guid":{"rendered":"https:\/\/april-belgium.be\/fr\/?page_id=2255"},"modified":"2026-01-29T08:01:52","modified_gmt":"2026-01-29T08:01:52","slug":"elantis-consumer-protection-de-belins-sa","status":"publish","type":"page","link":"https:\/\/april-belgium.be\/fr\/elantis-consumer-protection-de-belins-sa\/","title":{"rendered":"ELANTIS CONSUMER PROTECTION de Belins SA"},"content":{"rendered":"<h3>TYPE D\u2019ASSURANCE-VIE<\/h3>\n<p>Elantis Consumer Protection est une <strong>assurance d\u00e9c\u00e8s temporaire \u00e0 capital d\u00e9croissant<\/strong> (branche 21) qui a pour objet de garantir, en cas de d\u00e9c\u00e8s pr\u00e9matur\u00e9 de l\u2019assur\u00e9, le remboursement du solde de pr\u00eat \u00e0 temp\u00e9rament.<\/p>\n<p>Elantis Consumer Protection est un contrat collectif dont le preneur et le b\u00e9n\u00e9ficiaire est Elantis SA.<\/p>\n<h3>POUR QUI?<\/h3>\n<p>Le produit Elantis Consumer Protection s\u2019adresse exclusivement aux personnes physiques ayant souscrit un pr\u00eat \u00e0 temp\u00e9rament aupr\u00e8s d\u2019Elantis SA et qui souhaitent mettre \u00e0 l\u2019abri leurs proches contre les cons\u00e9quences financi\u00e8res li\u00e9es \u00e0 leur d\u00e9c\u00e8s.<\/p>\n<div class=\"produit_illustration\">\n<h3>GARANTIES DE L\u2019ASSURANCE<\/h3>\n<p><img fetchpriority=\"high\" decoding=\"async\" class=\"alignnone size-full wp-image-3360\" src=\"https:\/\/aprildev.cmsdev.be\/wp-content\/uploads\/2021\/produit-assurance-2021.png\" alt=\"\" width=\"686\" height=\"778\" srcset=\"https:\/\/april-belgium.be\/wp-content\/uploads\/2021\/produit-assurance-2021.png 686w, https:\/\/april-belgium.be\/wp-content\/uploads\/2021\/produit-assurance-2021-353x400.png 353w\" sizes=\"(max-width: 686px) 100vw, 686px\" \/><\/p>\n<p>En cas de d\u00e9c\u00e8s \u00e0 la suite d\u2019une maladie ou un accident durant la vie du contrat, Belins SA intervient pour le solde restant d\u00fb du pr\u00eat \u00e0 temp\u00e9rament. Ce capital est vers\u00e9 \u00e0 Elantis SA et le solde \u00e9ventuel aux b\u00e9n\u00e9ficiaires d\u00e9sign\u00e9s \u00e0 l\u2019article 7 des conditions g\u00e9n\u00e9rales.<\/p>\n<p>Le capital assur\u00e9 s\u2019\u00e9l\u00e8ve \u00e0 un minimum <strong>de 1.500\u20ac et \u00e0 un maximum de 50.000\u20ac<\/strong>.<\/p>\n<h3>DUR\u00c9E DU CONTRAT<\/h3>\n<ul>\n<li>La dur\u00e9e est de minimum 1 an et de maximum 10 ans<\/li>\n<li>La dur\u00e9e de l\u2019assurance d\u00e9pend de la dur\u00e9e de vie de l\u2019assur\u00e9<\/li>\n<li>L\u2019\u00e2ge \u00e0 la souscription doit se situer entre 18 et 60 ans<\/li>\n<\/ul>\n<\/div>\n<h3>LA PRIME D\u2019ASSURANCE<\/h3>\n<p>La prime d\u00e9pend de plusieurs crit\u00e8res de <a href=\"\/wp-content\/uploads\/documents\/SegmentationTarifaire_FR.pdf\">segmentation tarifaire<\/a>.<\/p>\n<p>La prime est d\u00e9termin\u00e9e en fonction de la dur\u00e9e de l\u2019assurance, de l\u2019\u00e2ge de l\u2019assur\u00e9 au moment de la<\/p>\n<p>souscription et du capital assur\u00e9.<\/p>\n<p>Modalit\u00e9 de paiement de la prime\u00a0: <strong>prime unique<\/strong><\/p>\n<h3>LE CADRE FISCAL<\/h3>\n<ul>\n<li>Pas d\u2019avantage fiscal\u00a0sur les primes vers\u00e9es<\/li>\n<li>Taxe de 4.4% sur les primes vers\u00e9es<\/li>\n<li>Chaque taxe actuelle ou future du contrat ou \u00e0 la suite de son ex\u00e9cution est \u00e0 charge du souscripteur ou du(des) b\u00e9n\u00e9ficiaire(s).<\/li>\n<\/ul>\n<h3>LES PRINCIPALES EXCLUSIONS<\/h3>\n<p>Les principales exclusions de la garantie principale d\u00e9c\u00e8s sont: suicide de l\u2019assur\u00e9 au cours de la premi\u00e8re ann\u00e9e, fait intentionnel, fait de guerre, \u00e9meutes, transmutations de noyaux ou de la radioactivit\u00e9, navigation a\u00e9rienne.<\/p>\n<p>Les exclusions pr\u00e9cit\u00e9es ne sont pas exhaustives. Pour de plus amples informations, vous pouvez consulter nos <a href=\"https:\/\/april-belgium.be\/wp-content\/uploads\/114538-ECP-20250100-Elantis-Consumer-Protection_Certificat-adhesion.pdf\" target=\"_blank\" rel=\"noopener\">conditions g\u00e9n\u00e9rales<\/a>.<\/p>\n<h3>QUE FAIRE EN CAS DE PLAINTE ?<\/h3>\n<p>Toute plainte peut \u00eatre adress\u00e9e par courrier \u00e0 APRIL Belgium, Dr\u00e8ve Richelle 161 I, bo\u00eete 69 \u00e0 1410 Waterloo ou par e-mail \u00e0 <a href=\"#\">support.be@april.com<\/a>. En cas de d\u00e9saccord ou si vous n\u2019\u00eates pas satisfait de la r\u00e9ponse, vous pouvez soumettre votre plainte \u00e0 l\u2019ombudsman des assurances (1000 Bruxelles, Square de Mee\u00fbs, 35; tel: 02\/547.58.71 \u2013 Fax: 02\/547.58.71 \u2013 Mail: <a href=\"mailto:info@ombudsman.as\">info@ombudsman.as<\/a> \u2013 <a href=\"https:\/\/www.ombudsman-insurance.be\/\">www.ombudsman.as<\/a>)<\/p>\n<p><\/p>\n","protected":false},"excerpt":{"rendered":"<p>TYPE D\u2019ASSURANCE-VIE Elantis Consumer Protection est une assurance d\u00e9c\u00e8s temporaire \u00e0 capital d\u00e9croissant (branche 21) qui a pour objet de garantir, en cas de d\u00e9c\u00e8s pr\u00e9matur\u00e9 de l\u2019assur\u00e9, le remboursement du solde de pr\u00eat \u00e0 temp\u00e9rament. Elantis Consumer Protection est un contrat collectif dont le preneur et le b\u00e9n\u00e9ficiaire est Elantis SA. POUR QUI? Le &hellip;<\/p>\n","protected":false},"author":1,"featured_media":0,"parent":0,"menu_order":0,"comment_status":"closed","ping_status":"closed","template":"page-elitis-produits.php","meta":{"footnotes":""},"class_list":["post-2255","page","type-page","status-publish","hentry"],"yoast_head":"<!-- This site is optimized with the Yoast SEO plugin v27.5 - https:\/\/yoast.com\/product\/yoast-seo-wordpress\/ -->\n<title>ELANTIS CONSUMER PROTECTION de Belins SA - APRIL Belgium<\/title>\n<meta name=\"description\" content=\"Une assurance d\u00e9c\u00e8s temporaire \u00e0 capital d\u00e9croissant qui garantit, en cas de d\u00e9c\u00e8s de l\u2019assur\u00e9, le remboursement du solde de pr\u00eat \u00e0 temp\u00e9rament\" \/>\n<meta name=\"robots\" content=\"index, follow, max-snippet:-1, max-image-preview:large, max-video-preview:-1\" \/>\n<link rel=\"canonical\" href=\"https:\/\/april-belgium.be\/nl\/elantis-consumer-protection-de-belins-sa\/\" \/>\n<meta property=\"og:locale\" content=\"fr_FR\" \/>\n<meta property=\"og:type\" content=\"article\" \/>\n<meta property=\"og:title\" content=\"ELANTIS CONSUMER PROTECTION de Belins SA - APRIL Belgium\" \/>\n<meta property=\"og:description\" content=\"Une assurance d\u00e9c\u00e8s temporaire \u00e0 capital d\u00e9croissant qui garantit, en cas de d\u00e9c\u00e8s de l\u2019assur\u00e9, le remboursement du solde de pr\u00eat \u00e0 temp\u00e9rament\" \/>\n<meta property=\"og:url\" content=\"https:\/\/april-belgium.be\/nl\/elantis-consumer-protection-de-belins-sa\/\" \/>\n<meta property=\"og:site_name\" content=\"APRIL Belgium\" \/>\n<meta property=\"article:modified_time\" content=\"2026-01-29T08:01:52+00:00\" \/>\n<meta property=\"og:image\" content=\"https:\/\/april-belgium.be\/wp-content\/uploads\/2021\/produit-assurance-2021.png\" \/>\n\t<meta property=\"og:image:width\" content=\"686\" \/>\n\t<meta property=\"og:image:height\" content=\"778\" \/>\n\t<meta property=\"og:image:type\" content=\"image\/png\" \/>\n<meta name=\"twitter:card\" content=\"summary_large_image\" \/>\n<meta name=\"twitter:label1\" content=\"Dur\u00e9e de lecture est.\" \/>\n\t<meta name=\"twitter:data1\" content=\"3 minutes\" \/>\n<script type=\"application\/ld+json\" class=\"yoast-schema-graph\">{\"@context\":\"https:\\\/\\\/schema.org\",\"@graph\":[{\"@type\":\"WebPage\",\"@id\":\"https:\\\/\\\/april-belgium.be\\\/nl\\\/elantis-consumer-protection-de-belins-sa\\\/\",\"url\":\"https:\\\/\\\/april-belgium.be\\\/nl\\\/elantis-consumer-protection-de-belins-sa\\\/\",\"name\":\"ELANTIS CONSUMER PROTECTION de Belins SA - APRIL Belgium\",\"isPartOf\":{\"@id\":\"https:\\\/\\\/april-belgium.be\\\/fr\\\/#website\"},\"primaryImageOfPage\":{\"@id\":\"https:\\\/\\\/april-belgium.be\\\/nl\\\/elantis-consumer-protection-de-belins-sa\\\/#primaryimage\"},\"image\":{\"@id\":\"https:\\\/\\\/april-belgium.be\\\/nl\\\/elantis-consumer-protection-de-belins-sa\\\/#primaryimage\"},\"thumbnailUrl\":\"https:\\\/\\\/aprildev.cmsdev.be\\\/wp-content\\\/uploads\\\/2021\\\/produit-assurance-2021.png\",\"datePublished\":\"2020-02-25T16:29:49+00:00\",\"dateModified\":\"2026-01-29T08:01:52+00:00\",\"description\":\"Une assurance d\u00e9c\u00e8s temporaire \u00e0 capital d\u00e9croissant qui garantit, en cas de d\u00e9c\u00e8s de l\u2019assur\u00e9, le remboursement du solde de pr\u00eat \u00e0 temp\u00e9rament\",\"breadcrumb\":{\"@id\":\"https:\\\/\\\/april-belgium.be\\\/nl\\\/elantis-consumer-protection-de-belins-sa\\\/#breadcrumb\"},\"inLanguage\":\"fr-BE\",\"potentialAction\":[{\"@type\":\"ReadAction\",\"target\":[\"https:\\\/\\\/april-belgium.be\\\/nl\\\/elantis-consumer-protection-de-belins-sa\\\/\"]}]},{\"@type\":\"ImageObject\",\"inLanguage\":\"fr-BE\",\"@id\":\"https:\\\/\\\/april-belgium.be\\\/nl\\\/elantis-consumer-protection-de-belins-sa\\\/#primaryimage\",\"url\":\"https:\\\/\\\/aprildev.cmsdev.be\\\/wp-content\\\/uploads\\\/2021\\\/produit-assurance-2021.png\",\"contentUrl\":\"https:\\\/\\\/aprildev.cmsdev.be\\\/wp-content\\\/uploads\\\/2021\\\/produit-assurance-2021.png\"},{\"@type\":\"BreadcrumbList\",\"@id\":\"https:\\\/\\\/april-belgium.be\\\/nl\\\/elantis-consumer-protection-de-belins-sa\\\/#breadcrumb\",\"itemListElement\":[{\"@type\":\"ListItem\",\"position\":1,\"name\":\"Accueil\",\"item\":\"https:\\\/\\\/april-belgium.be\\\/fr\\\/\"},{\"@type\":\"ListItem\",\"position\":2,\"name\":\"ELANTIS CONSUMER PROTECTION de Belins SA\"}]},{\"@type\":\"WebSite\",\"@id\":\"https:\\\/\\\/april-belgium.be\\\/fr\\\/#website\",\"url\":\"https:\\\/\\\/april-belgium.be\\\/fr\\\/\",\"name\":\"APRIL Belgium\",\"description\":\"\",\"potentialAction\":[{\"@type\":\"SearchAction\",\"target\":{\"@type\":\"EntryPoint\",\"urlTemplate\":\"https:\\\/\\\/april-belgium.be\\\/fr\\\/?s={search_term_string}\"},\"query-input\":{\"@type\":\"PropertyValueSpecification\",\"valueRequired\":true,\"valueName\":\"search_term_string\"}}],\"inLanguage\":\"fr-BE\"}]}<\/script>\n<!-- \/ Yoast SEO plugin. -->","yoast_head_json":{"title":"ELANTIS CONSUMER PROTECTION de Belins SA - APRIL Belgium","description":"Une assurance d\u00e9c\u00e8s temporaire \u00e0 capital d\u00e9croissant qui garantit, en cas de d\u00e9c\u00e8s de l\u2019assur\u00e9, le remboursement du solde de pr\u00eat \u00e0 temp\u00e9rament","robots":{"index":"index","follow":"follow","max-snippet":"max-snippet:-1","max-image-preview":"max-image-preview:large","max-video-preview":"max-video-preview:-1"},"canonical":"https:\/\/april-belgium.be\/nl\/elantis-consumer-protection-de-belins-sa\/","og_locale":"fr_FR","og_type":"article","og_title":"ELANTIS CONSUMER PROTECTION de Belins SA - APRIL Belgium","og_description":"Une assurance d\u00e9c\u00e8s temporaire \u00e0 capital d\u00e9croissant qui garantit, en cas de d\u00e9c\u00e8s de l\u2019assur\u00e9, le remboursement du solde de pr\u00eat \u00e0 temp\u00e9rament","og_url":"https:\/\/april-belgium.be\/nl\/elantis-consumer-protection-de-belins-sa\/","og_site_name":"APRIL Belgium","article_modified_time":"2026-01-29T08:01:52+00:00","og_image":[{"width":686,"height":778,"url":"https:\/\/april-belgium.be\/wp-content\/uploads\/2021\/produit-assurance-2021.png","type":"image\/png"}],"twitter_card":"summary_large_image","twitter_misc":{"Dur\u00e9e de lecture est.":"3 minutes"},"schema":{"@context":"https:\/\/schema.org","@graph":[{"@type":"WebPage","@id":"https:\/\/april-belgium.be\/nl\/elantis-consumer-protection-de-belins-sa\/","url":"https:\/\/april-belgium.be\/nl\/elantis-consumer-protection-de-belins-sa\/","name":"ELANTIS CONSUMER PROTECTION de Belins SA - APRIL Belgium","isPartOf":{"@id":"https:\/\/april-belgium.be\/fr\/#website"},"primaryImageOfPage":{"@id":"https:\/\/april-belgium.be\/nl\/elantis-consumer-protection-de-belins-sa\/#primaryimage"},"image":{"@id":"https:\/\/april-belgium.be\/nl\/elantis-consumer-protection-de-belins-sa\/#primaryimage"},"thumbnailUrl":"https:\/\/aprildev.cmsdev.be\/wp-content\/uploads\/2021\/produit-assurance-2021.png","datePublished":"2020-02-25T16:29:49+00:00","dateModified":"2026-01-29T08:01:52+00:00","description":"Une assurance d\u00e9c\u00e8s temporaire \u00e0 capital d\u00e9croissant qui garantit, en cas de d\u00e9c\u00e8s de l\u2019assur\u00e9, le remboursement du solde de pr\u00eat \u00e0 temp\u00e9rament","breadcrumb":{"@id":"https:\/\/april-belgium.be\/nl\/elantis-consumer-protection-de-belins-sa\/#breadcrumb"},"inLanguage":"fr-BE","potentialAction":[{"@type":"ReadAction","target":["https:\/\/april-belgium.be\/nl\/elantis-consumer-protection-de-belins-sa\/"]}]},{"@type":"ImageObject","inLanguage":"fr-BE","@id":"https:\/\/april-belgium.be\/nl\/elantis-consumer-protection-de-belins-sa\/#primaryimage","url":"https:\/\/aprildev.cmsdev.be\/wp-content\/uploads\/2021\/produit-assurance-2021.png","contentUrl":"https:\/\/aprildev.cmsdev.be\/wp-content\/uploads\/2021\/produit-assurance-2021.png"},{"@type":"BreadcrumbList","@id":"https:\/\/april-belgium.be\/nl\/elantis-consumer-protection-de-belins-sa\/#breadcrumb","itemListElement":[{"@type":"ListItem","position":1,"name":"Accueil","item":"https:\/\/april-belgium.be\/fr\/"},{"@type":"ListItem","position":2,"name":"ELANTIS CONSUMER PROTECTION de Belins SA"}]},{"@type":"WebSite","@id":"https:\/\/april-belgium.be\/fr\/#website","url":"https:\/\/april-belgium.be\/fr\/","name":"APRIL Belgium","description":"","potentialAction":[{"@type":"SearchAction","target":{"@type":"EntryPoint","urlTemplate":"https:\/\/april-belgium.be\/fr\/?s={search_term_string}"},"query-input":{"@type":"PropertyValueSpecification","valueRequired":true,"valueName":"search_term_string"}}],"inLanguage":"fr-BE"}]}},"_links":{"self":[{"href":"https:\/\/april-belgium.be\/fr\/wp-json\/wp\/v2\/pages\/2255","targetHints":{"allow":["GET"]}}],"collection":[{"href":"https:\/\/april-belgium.be\/fr\/wp-json\/wp\/v2\/pages"}],"about":[{"href":"https:\/\/april-belgium.be\/fr\/wp-json\/wp\/v2\/types\/page"}],"author":[{"embeddable":true,"href":"https:\/\/april-belgium.be\/fr\/wp-json\/wp\/v2\/users\/1"}],"replies":[{"embeddable":true,"href":"https:\/\/april-belgium.be\/fr\/wp-json\/wp\/v2\/comments?post=2255"}],"version-history":[{"count":26,"href":"https:\/\/april-belgium.be\/fr\/wp-json\/wp\/v2\/pages\/2255\/revisions"}],"predecessor-version":[{"id":6581,"href":"https:\/\/april-belgium.be\/fr\/wp-json\/wp\/v2\/pages\/2255\/revisions\/6581"}],"wp:attachment":[{"href":"https:\/\/april-belgium.be\/fr\/wp-json\/wp\/v2\/media?parent=2255"}],"curies":[{"name":"wp","href":"https:\/\/api.w.org\/{rel}","templated":true}]}}