{"id":2976,"date":"2020-10-24T15:19:32","date_gmt":"2020-10-24T15:19:32","guid":{"rendered":"https:\/\/april-belgium.be\/fr\/?page_id=2976"},"modified":"2025-02-25T11:20:51","modified_gmt":"2025-02-25T11:20:51","slug":"faq","status":"publish","type":"page","link":"https:\/\/april-belgium.be\/fr\/faq\/","title":{"rendered":"FAQ"},"content":{"rendered":"<p>Votre courtier r\u00e9pondra \u00e0 toutes vos questions concernant nos assurances. Toutefois, dans un souci de clart\u00e9, vous trouverez ici les r\u00e9ponses aux questions les plus fr\u00e9quentes que vous avez et qui ont pour la plupart trait \u00e0 la vie de votre contrat d\u2019assurances.<\/p>\n","protected":false},"excerpt":{"rendered":"<p>Votre courtier r\u00e9pondra \u00e0 toutes vos questions concernant nos assurances. Toutefois, dans un souci de clart\u00e9, vous trouverez ici les r\u00e9ponses aux questions les plus fr\u00e9quentes que vous avez et qui ont pour la plupart trait \u00e0 la vie de votre contrat d\u2019assurances.<\/p>\n","protected":false},"author":1,"featured_media":0,"parent":0,"menu_order":0,"comment_status":"closed","ping_status":"closed","template":"page-elitis-faq.php","meta":{"footnotes":""},"class_list":["post-2976","page","type-page","status-publish","hentry"],"yoast_head":"<!-- This site is optimized with the Yoast SEO plugin v27.6 - https:\/\/yoast.com\/product\/yoast-seo-wordpress\/ -->\n<title>FAQ - APRIL Belgium<\/title>\n<meta name=\"description\" content=\"Comment payer ma prime, \u00e0 qui dois-je envoyer mes donn\u00e9es m\u00e9dicales? Autant de questions auxquelles nous r\u00e9pondons...\" \/>\n<meta name=\"robots\" content=\"index, follow, max-snippet:-1, max-image-preview:large, max-video-preview:-1\" \/>\n<link rel=\"canonical\" href=\"https:\/\/april-belgium.be\/fr\/faq\/\" \/>\n<meta property=\"og:locale\" content=\"fr_FR\" \/>\n<meta property=\"og:type\" content=\"article\" \/>\n<meta property=\"og:title\" content=\"FAQ - APRIL Belgium\" \/>\n<meta property=\"og:description\" content=\"Comment payer ma prime, \u00e0 qui dois-je envoyer mes donn\u00e9es m\u00e9dicales? Autant de questions auxquelles nous r\u00e9pondons...\" \/>\n<meta property=\"og:url\" content=\"https:\/\/april-belgium.be\/fr\/faq\/\" \/>\n<meta property=\"og:site_name\" content=\"APRIL Belgium\" \/>\n<meta property=\"article:modified_time\" content=\"2025-02-25T11:20:51+00:00\" \/>\n<meta name=\"twitter:card\" content=\"summary_large_image\" \/>\n<meta name=\"twitter:label1\" content=\"Dur\u00e9e de lecture est.\" \/>\n\t<meta name=\"twitter:data1\" content=\"1 minute\" \/>\n<script type=\"application\/ld+json\" class=\"yoast-schema-graph\">{\"@context\":\"https:\\\/\\\/schema.org\",\"@graph\":[{\"@type\":\"WebPage\",\"@id\":\"https:\\\/\\\/april-belgium.be\\\/fr\\\/faq\\\/\",\"url\":\"https:\\\/\\\/april-belgium.be\\\/fr\\\/faq\\\/\",\"name\":\"FAQ - APRIL Belgium\",\"isPartOf\":{\"@id\":\"https:\\\/\\\/april-belgium.be\\\/fr\\\/#website\"},\"datePublished\":\"2020-10-24T15:19:32+00:00\",\"dateModified\":\"2025-02-25T11:20:51+00:00\",\"description\":\"Comment payer ma prime, \u00e0 qui dois-je envoyer mes donn\u00e9es m\u00e9dicales? Autant de questions auxquelles nous r\u00e9pondons...\",\"breadcrumb\":{\"@id\":\"https:\\\/\\\/april-belgium.be\\\/fr\\\/faq\\\/#breadcrumb\"},\"inLanguage\":\"fr-BE\",\"potentialAction\":[{\"@type\":\"ReadAction\",\"target\":[\"https:\\\/\\\/april-belgium.be\\\/fr\\\/faq\\\/\"]}]},{\"@type\":\"BreadcrumbList\",\"@id\":\"https:\\\/\\\/april-belgium.be\\\/fr\\\/faq\\\/#breadcrumb\",\"itemListElement\":[{\"@type\":\"ListItem\",\"position\":1,\"name\":\"Accueil\",\"item\":\"https:\\\/\\\/april-belgium.be\\\/fr\\\/\"},{\"@type\":\"ListItem\",\"position\":2,\"name\":\"FAQ\"}]},{\"@type\":\"WebSite\",\"@id\":\"https:\\\/\\\/april-belgium.be\\\/fr\\\/#website\",\"url\":\"https:\\\/\\\/april-belgium.be\\\/fr\\\/\",\"name\":\"APRIL Belgium\",\"description\":\"\",\"potentialAction\":[{\"@type\":\"SearchAction\",\"target\":{\"@type\":\"EntryPoint\",\"urlTemplate\":\"https:\\\/\\\/april-belgium.be\\\/fr\\\/?s={search_term_string}\"},\"query-input\":{\"@type\":\"PropertyValueSpecification\",\"valueRequired\":true,\"valueName\":\"search_term_string\"}}],\"inLanguage\":\"fr-BE\"}]}<\/script>\n<!-- \/ Yoast SEO plugin. -->","yoast_head_json":{"title":"FAQ - APRIL Belgium","description":"Comment payer ma prime, \u00e0 qui dois-je envoyer mes donn\u00e9es m\u00e9dicales? Autant de questions auxquelles nous r\u00e9pondons...","robots":{"index":"index","follow":"follow","max-snippet":"max-snippet:-1","max-image-preview":"max-image-preview:large","max-video-preview":"max-video-preview:-1"},"canonical":"https:\/\/april-belgium.be\/fr\/faq\/","og_locale":"fr_FR","og_type":"article","og_title":"FAQ - APRIL Belgium","og_description":"Comment payer ma prime, \u00e0 qui dois-je envoyer mes donn\u00e9es m\u00e9dicales? Autant de questions auxquelles nous r\u00e9pondons...","og_url":"https:\/\/april-belgium.be\/fr\/faq\/","og_site_name":"APRIL Belgium","article_modified_time":"2025-02-25T11:20:51+00:00","twitter_card":"summary_large_image","twitter_misc":{"Dur\u00e9e de lecture est.":"1 minute"},"schema":{"@context":"https:\/\/schema.org","@graph":[{"@type":"WebPage","@id":"https:\/\/april-belgium.be\/fr\/faq\/","url":"https:\/\/april-belgium.be\/fr\/faq\/","name":"FAQ - APRIL Belgium","isPartOf":{"@id":"https:\/\/april-belgium.be\/fr\/#website"},"datePublished":"2020-10-24T15:19:32+00:00","dateModified":"2025-02-25T11:20:51+00:00","description":"Comment payer ma prime, \u00e0 qui dois-je envoyer mes donn\u00e9es m\u00e9dicales? Autant de questions auxquelles nous r\u00e9pondons...","breadcrumb":{"@id":"https:\/\/april-belgium.be\/fr\/faq\/#breadcrumb"},"inLanguage":"fr-BE","potentialAction":[{"@type":"ReadAction","target":["https:\/\/april-belgium.be\/fr\/faq\/"]}]},{"@type":"BreadcrumbList","@id":"https:\/\/april-belgium.be\/fr\/faq\/#breadcrumb","itemListElement":[{"@type":"ListItem","position":1,"name":"Accueil","item":"https:\/\/april-belgium.be\/fr\/"},{"@type":"ListItem","position":2,"name":"FAQ"}]},{"@type":"WebSite","@id":"https:\/\/april-belgium.be\/fr\/#website","url":"https:\/\/april-belgium.be\/fr\/","name":"APRIL Belgium","description":"","potentialAction":[{"@type":"SearchAction","target":{"@type":"EntryPoint","urlTemplate":"https:\/\/april-belgium.be\/fr\/?s={search_term_string}"},"query-input":{"@type":"PropertyValueSpecification","valueRequired":true,"valueName":"search_term_string"}}],"inLanguage":"fr-BE"}]}},"_links":{"self":[{"href":"https:\/\/april-belgium.be\/fr\/wp-json\/wp\/v2\/pages\/2976","targetHints":{"allow":["GET"]}}],"collection":[{"href":"https:\/\/april-belgium.be\/fr\/wp-json\/wp\/v2\/pages"}],"about":[{"href":"https:\/\/april-belgium.be\/fr\/wp-json\/wp\/v2\/types\/page"}],"author":[{"embeddable":true,"href":"https:\/\/april-belgium.be\/fr\/wp-json\/wp\/v2\/users\/1"}],"replies":[{"embeddable":true,"href":"https:\/\/april-belgium.be\/fr\/wp-json\/wp\/v2\/comments?post=2976"}],"version-history":[{"count":10,"href":"https:\/\/april-belgium.be\/fr\/wp-json\/wp\/v2\/pages\/2976\/revisions"}],"predecessor-version":[{"id":5384,"href":"https:\/\/april-belgium.be\/fr\/wp-json\/wp\/v2\/pages\/2976\/revisions\/5384"}],"wp:attachment":[{"href":"https:\/\/april-belgium.be\/fr\/wp-json\/wp\/v2\/media?parent=2976"}],"curies":[{"name":"wp","href":"https:\/\/api.w.org\/{rel}","templated":true}]}}