{"id":458,"date":"2015-07-08T21:08:20","date_gmt":"2015-07-08T21:08:20","guid":{"rendered":"http:\/\/elitis.cmsdev.be\/?page_id=458"},"modified":"2024-10-01T17:08:06","modified_gmt":"2024-10-01T17:08:06","slug":"mentions-legales","status":"publish","type":"page","link":"https:\/\/april-belgium.be\/fr\/informations-generales\/mentions-legales\/","title":{"rendered":"Mentions l\u00e9gales"},"content":{"rendered":"<h2>Mentions l\u00e9gales &#8211; Code de conduite<\/h2>\n<p>Les r\u00e8gles europ\u00e9ennes MiFID (Markets in Financial Instruments Directive) ont pour vocation de contribuer \u00e0 l&rsquo;harmonisation de la r\u00e9glementation pour les transactions en produits financiers et l&rsquo;int\u00e9gration des march\u00e9s financiers. Les principaux objectifs de MiFID sont d&rsquo;une part de renforcer la concurrence et la transparence des march\u00e9s financiers et d&rsquo;autre part de mieux prot\u00e9ger l&rsquo;investisseur.<\/p>\n<p>C&rsquo;est pourquoi APRIL Belgium met \u00e0 votre disposition sa <a href=\"\/wp-content\/uploads\/documents\/GestionConflitsInterets_FR.pdf\" target=\"_blank\" rel=\"noopener noreferrer\">politique de gestion des conflits d\u2019int\u00e9r\u00eats<\/a>, sa <a href=\"\/wp-content\/uploads\/documents\/PolitiqueRemuneration_FR.pdf\" target=\"_blank\" rel=\"noopener noreferrer\">politique de r\u00e9mun\u00e9ration,<\/a> sa <a href=\"https:\/\/april-belgium.be\/wp-content\/uploads\/202410_Politique-de-durabilite_APRIL-Belgium.pdf\" target=\"_blank\" rel=\"noopener\">politique de durabilit\u00e9<\/a> et sa <a href=\"\/wp-content\/uploads\/documents\/SegmentationTarifaire_FR.pdf\" target=\"_blank\" rel=\"noopener noreferrer\">politique de segmentation tarifaire<\/a>.<\/p>\n<h2>\u00a0<\/h2>\n<h2>Que faire en cas de plainte ?<\/h2>\n<ul style=\"margin-bottom: 8px;\">\n<li>1\u00e8re chose : le preneur peut s&rsquo;adresser \u00e0 APRIL Belgium, Dr\u00e8ve Richelle 161 I, bo\u00eete 69 &#8211; 1410 Waterloo ou \u00e9crire un mail \u00e0 <a href=\"mailto:support.be@april.com\" target=\"_blank\" rel=\"noopener noreferrer\">support.be@april.com<\/a>.<\/li>\n<li>2i\u00e8me chose : si le preneur d&rsquo;assurance ne trouve pas la solution aupr\u00e8s des contacts susmentionn\u00e9s, il peut s&rsquo;adresser \u00e0 l&rsquo;Ombudsman des Assurances, Square de Mee\u00fbs 35 \u00e0 1000 Bruxelles, ou envoyer un mail \u00e0 <a href=\"mailto:info@ombudsman.as\" target=\"_blank\" rel=\"noopener noreferrer\">info@ombudsman.as<\/a>.<\/li>\n<\/ul>\n<p>Cette proc\u00e9dure n&rsquo;exclut pas la possibilit\u00e9 d&rsquo;intenter une action en justice. Les tribunaux belges sont comp\u00e9tents pour les litiges \u00e9ventuels en rapport avec le contrat d&rsquo;assurance, sauf disposition contraire des articles 4, 5, 8 \u00e0 14 du r\u00e8glement europ\u00e9en n\u00b044\/2001 du Conseil du 22 d\u00e9cembre 2000 sur la comp\u00e9tence judiciaire, la reconnaissance et l&rsquo;ex\u00e9cution des d\u00e9cisions en mati\u00e8re civile et commerciale. Les contrats sont r\u00e9gis par le droit belge sauf disposition contraire de la loi du 4 avril 2014 relative aux assurances.<\/p>\n<p>&nbsp;<\/p>\n<h2 style=\"margin-bottom: 0px;\">APRIL Belgium<\/h2>\n<p>Dr\u00e8ve Richelle, 161 I, bo\u00eete 69<br \/>\n1410 Waterloo<br \/>\nT\u00e9l : +32 (0)10 56 04 98\u00a0<br \/>\nE-mail : support.be@april.com<br \/>\nFSMA\/BCE : 0627 678 387\u00a0<span class=\"\">RPM Nivelles<\/span><\/p>\n","protected":false},"excerpt":{"rendered":"<p>Mentions l\u00e9gales &#8211; Code de conduite Les r\u00e8gles europ\u00e9ennes MiFID (Markets in Financial Instruments Directive) ont pour vocation de contribuer \u00e0 l&rsquo;harmonisation de la r\u00e9glementation pour les transactions en produits financiers et l&rsquo;int\u00e9gration des march\u00e9s financiers. Les principaux objectifs de MiFID sont d&rsquo;une part de renforcer la concurrence et la transparence des march\u00e9s financiers et &hellip;<\/p>\n","protected":false},"author":1,"featured_media":657,"parent":62,"menu_order":0,"comment_status":"closed","ping_status":"open","template":"page-elitis-mentions-legales.php","meta":{"footnotes":""},"class_list":["post-458","page","type-page","status-publish","has-post-thumbnail","hentry"],"yoast_head":"<!-- This site is optimized with the Yoast SEO plugin v27.3 - https:\/\/yoast.com\/product\/yoast-seo-wordpress\/ -->\n<title>Mentions l\u00e9gales - r\u00e8gles MiFiD - Assurance d\u00e9c\u00e8s - Elitis Protection<\/title>\n<meta name=\"robots\" content=\"index, follow, max-snippet:-1, max-image-preview:large, max-video-preview:-1\" \/>\n<link rel=\"canonical\" href=\"https:\/\/april-belgium.be\/fr\/informations-generales\/mentions-legales\/\" \/>\n<meta property=\"og:locale\" content=\"fr_FR\" \/>\n<meta property=\"og:type\" content=\"article\" \/>\n<meta property=\"og:title\" content=\"Mentions l\u00e9gales - r\u00e8gles MiFiD - Assurance d\u00e9c\u00e8s - Elitis Protection\" \/>\n<meta property=\"og:description\" content=\"Mentions l\u00e9gales &#8211; Code de conduite Les r\u00e8gles europ\u00e9ennes MiFID (Markets in Financial Instruments Directive) ont pour vocation de contribuer \u00e0 l&rsquo;harmonisation de la r\u00e9glementation pour les transactions en produits financiers et l&rsquo;int\u00e9gration des march\u00e9s financiers. Les principaux objectifs de MiFID sont d&rsquo;une part de renforcer la concurrence et la transparence des march\u00e9s financiers et &hellip;\" \/>\n<meta property=\"og:url\" content=\"https:\/\/april-belgium.be\/fr\/informations-generales\/mentions-legales\/\" \/>\n<meta property=\"og:site_name\" content=\"Mr.\" \/>\n<meta property=\"article:modified_time\" content=\"2024-10-01T17:08:06+00:00\" \/>\n<meta property=\"og:image\" content=\"https:\/\/april-belgium.be\/wp-content\/uploads\/2015\/08\/Protection_Banner_08_Infos_MentionsLegales.jpg\" \/>\n\t<meta property=\"og:image:width\" content=\"1437\" \/>\n\t<meta property=\"og:image:height\" content=\"450\" \/>\n\t<meta property=\"og:image:type\" content=\"image\/jpeg\" \/>\n<meta name=\"twitter:card\" content=\"summary_large_image\" \/>\n<meta name=\"twitter:label1\" content=\"Dur\u00e9e de lecture est.\" \/>\n\t<meta name=\"twitter:data1\" content=\"2 minutes\" \/>\n<script type=\"application\/ld+json\" class=\"yoast-schema-graph\">{\"@context\":\"https:\\\/\\\/schema.org\",\"@graph\":[{\"@type\":\"WebPage\",\"@id\":\"https:\\\/\\\/april-belgium.be\\\/fr\\\/informations-generales\\\/mentions-legales\\\/\",\"url\":\"https:\\\/\\\/april-belgium.be\\\/fr\\\/informations-generales\\\/mentions-legales\\\/\",\"name\":\"Mentions l\u00e9gales - r\u00e8gles MiFiD - Assurance d\u00e9c\u00e8s - Elitis Protection\",\"isPartOf\":{\"@id\":\"https:\\\/\\\/april-belgium.be\\\/fr\\\/#website\"},\"primaryImageOfPage\":{\"@id\":\"https:\\\/\\\/april-belgium.be\\\/fr\\\/informations-generales\\\/mentions-legales\\\/#primaryimage\"},\"image\":{\"@id\":\"https:\\\/\\\/april-belgium.be\\\/fr\\\/informations-generales\\\/mentions-legales\\\/#primaryimage\"},\"thumbnailUrl\":\"https:\\\/\\\/april-belgium.be\\\/wp-content\\\/uploads\\\/2015\\\/08\\\/Protection_Banner_08_Infos_MentionsLegales.jpg\",\"datePublished\":\"2015-07-08T21:08:20+00:00\",\"dateModified\":\"2024-10-01T17:08:06+00:00\",\"breadcrumb\":{\"@id\":\"https:\\\/\\\/april-belgium.be\\\/fr\\\/informations-generales\\\/mentions-legales\\\/#breadcrumb\"},\"inLanguage\":\"fr-BE\",\"potentialAction\":[{\"@type\":\"ReadAction\",\"target\":[\"https:\\\/\\\/april-belgium.be\\\/fr\\\/informations-generales\\\/mentions-legales\\\/\"]}]},{\"@type\":\"ImageObject\",\"inLanguage\":\"fr-BE\",\"@id\":\"https:\\\/\\\/april-belgium.be\\\/fr\\\/informations-generales\\\/mentions-legales\\\/#primaryimage\",\"url\":\"https:\\\/\\\/april-belgium.be\\\/wp-content\\\/uploads\\\/2015\\\/08\\\/Protection_Banner_08_Infos_MentionsLegales.jpg\",\"contentUrl\":\"https:\\\/\\\/april-belgium.be\\\/wp-content\\\/uploads\\\/2015\\\/08\\\/Protection_Banner_08_Infos_MentionsLegales.jpg\",\"width\":1437,\"height\":450},{\"@type\":\"BreadcrumbList\",\"@id\":\"https:\\\/\\\/april-belgium.be\\\/fr\\\/informations-generales\\\/mentions-legales\\\/#breadcrumb\",\"itemListElement\":[{\"@type\":\"ListItem\",\"position\":1,\"name\":\"Accueil\",\"item\":\"https:\\\/\\\/april-belgium.be\\\/fr\\\/\"},{\"@type\":\"ListItem\",\"position\":2,\"name\":\"Informations g\u00e9n\u00e9rales\",\"item\":\"https:\\\/\\\/april-belgium.be\\\/fr\\\/informations-generales\\\/\"},{\"@type\":\"ListItem\",\"position\":3,\"name\":\"Mentions l\u00e9gales\"}]},{\"@type\":\"WebSite\",\"@id\":\"https:\\\/\\\/april-belgium.be\\\/fr\\\/#website\",\"url\":\"https:\\\/\\\/april-belgium.be\\\/fr\\\/\",\"name\":\"Mr.\",\"description\":\"\",\"potentialAction\":[{\"@type\":\"SearchAction\",\"target\":{\"@type\":\"EntryPoint\",\"urlTemplate\":\"https:\\\/\\\/april-belgium.be\\\/fr\\\/?s={search_term_string}\"},\"query-input\":{\"@type\":\"PropertyValueSpecification\",\"valueRequired\":true,\"valueName\":\"search_term_string\"}}],\"inLanguage\":\"fr-BE\"}]}<\/script>\n<!-- \/ Yoast SEO plugin. -->","yoast_head_json":{"title":"Mentions l\u00e9gales - r\u00e8gles MiFiD - Assurance d\u00e9c\u00e8s - Elitis Protection","robots":{"index":"index","follow":"follow","max-snippet":"max-snippet:-1","max-image-preview":"max-image-preview:large","max-video-preview":"max-video-preview:-1"},"canonical":"https:\/\/april-belgium.be\/fr\/informations-generales\/mentions-legales\/","og_locale":"fr_FR","og_type":"article","og_title":"Mentions l\u00e9gales - r\u00e8gles MiFiD - Assurance d\u00e9c\u00e8s - Elitis Protection","og_description":"Mentions l\u00e9gales &#8211; Code de conduite Les r\u00e8gles europ\u00e9ennes MiFID (Markets in Financial Instruments Directive) ont pour vocation de contribuer \u00e0 l&rsquo;harmonisation de la r\u00e9glementation pour les transactions en produits financiers et l&rsquo;int\u00e9gration des march\u00e9s financiers. Les principaux objectifs de MiFID sont d&rsquo;une part de renforcer la concurrence et la transparence des march\u00e9s financiers et &hellip;","og_url":"https:\/\/april-belgium.be\/fr\/informations-generales\/mentions-legales\/","og_site_name":"Mr.","article_modified_time":"2024-10-01T17:08:06+00:00","og_image":[{"width":1437,"height":450,"url":"https:\/\/april-belgium.be\/wp-content\/uploads\/2015\/08\/Protection_Banner_08_Infos_MentionsLegales.jpg","type":"image\/jpeg"}],"twitter_card":"summary_large_image","twitter_misc":{"Dur\u00e9e de lecture est.":"2 minutes"},"schema":{"@context":"https:\/\/schema.org","@graph":[{"@type":"WebPage","@id":"https:\/\/april-belgium.be\/fr\/informations-generales\/mentions-legales\/","url":"https:\/\/april-belgium.be\/fr\/informations-generales\/mentions-legales\/","name":"Mentions l\u00e9gales - r\u00e8gles MiFiD - Assurance d\u00e9c\u00e8s - Elitis Protection","isPartOf":{"@id":"https:\/\/april-belgium.be\/fr\/#website"},"primaryImageOfPage":{"@id":"https:\/\/april-belgium.be\/fr\/informations-generales\/mentions-legales\/#primaryimage"},"image":{"@id":"https:\/\/april-belgium.be\/fr\/informations-generales\/mentions-legales\/#primaryimage"},"thumbnailUrl":"https:\/\/april-belgium.be\/wp-content\/uploads\/2015\/08\/Protection_Banner_08_Infos_MentionsLegales.jpg","datePublished":"2015-07-08T21:08:20+00:00","dateModified":"2024-10-01T17:08:06+00:00","breadcrumb":{"@id":"https:\/\/april-belgium.be\/fr\/informations-generales\/mentions-legales\/#breadcrumb"},"inLanguage":"fr-BE","potentialAction":[{"@type":"ReadAction","target":["https:\/\/april-belgium.be\/fr\/informations-generales\/mentions-legales\/"]}]},{"@type":"ImageObject","inLanguage":"fr-BE","@id":"https:\/\/april-belgium.be\/fr\/informations-generales\/mentions-legales\/#primaryimage","url":"https:\/\/april-belgium.be\/wp-content\/uploads\/2015\/08\/Protection_Banner_08_Infos_MentionsLegales.jpg","contentUrl":"https:\/\/april-belgium.be\/wp-content\/uploads\/2015\/08\/Protection_Banner_08_Infos_MentionsLegales.jpg","width":1437,"height":450},{"@type":"BreadcrumbList","@id":"https:\/\/april-belgium.be\/fr\/informations-generales\/mentions-legales\/#breadcrumb","itemListElement":[{"@type":"ListItem","position":1,"name":"Accueil","item":"https:\/\/april-belgium.be\/fr\/"},{"@type":"ListItem","position":2,"name":"Informations g\u00e9n\u00e9rales","item":"https:\/\/april-belgium.be\/fr\/informations-generales\/"},{"@type":"ListItem","position":3,"name":"Mentions l\u00e9gales"}]},{"@type":"WebSite","@id":"https:\/\/april-belgium.be\/fr\/#website","url":"https:\/\/april-belgium.be\/fr\/","name":"Mr.","description":"","potentialAction":[{"@type":"SearchAction","target":{"@type":"EntryPoint","urlTemplate":"https:\/\/april-belgium.be\/fr\/?s={search_term_string}"},"query-input":{"@type":"PropertyValueSpecification","valueRequired":true,"valueName":"search_term_string"}}],"inLanguage":"fr-BE"}]}},"_links":{"self":[{"href":"https:\/\/april-belgium.be\/fr\/wp-json\/wp\/v2\/pages\/458","targetHints":{"allow":["GET"]}}],"collection":[{"href":"https:\/\/april-belgium.be\/fr\/wp-json\/wp\/v2\/pages"}],"about":[{"href":"https:\/\/april-belgium.be\/fr\/wp-json\/wp\/v2\/types\/page"}],"author":[{"embeddable":true,"href":"https:\/\/april-belgium.be\/fr\/wp-json\/wp\/v2\/users\/1"}],"replies":[{"embeddable":true,"href":"https:\/\/april-belgium.be\/fr\/wp-json\/wp\/v2\/comments?post=458"}],"version-history":[{"count":51,"href":"https:\/\/april-belgium.be\/fr\/wp-json\/wp\/v2\/pages\/458\/revisions"}],"predecessor-version":[{"id":4740,"href":"https:\/\/april-belgium.be\/fr\/wp-json\/wp\/v2\/pages\/458\/revisions\/4740"}],"up":[{"embeddable":true,"href":"https:\/\/april-belgium.be\/fr\/wp-json\/wp\/v2\/pages\/62"}],"wp:featuredmedia":[{"embeddable":true,"href":"https:\/\/april-belgium.be\/fr\/wp-json\/wp\/v2\/media\/657"}],"wp:attachment":[{"href":"https:\/\/april-belgium.be\/fr\/wp-json\/wp\/v2\/media?parent=458"}],"curies":[{"name":"wp","href":"https:\/\/api.w.org\/{rel}","templated":true}]}}