{"id":598,"date":"2015-08-14T11:20:16","date_gmt":"2015-08-14T11:20:16","guid":{"rendered":"http:\/\/elitis2.cmsdev.be\/?page_id=598"},"modified":"2025-10-01T09:11:06","modified_gmt":"2025-10-01T09:11:06","slug":"documents","status":"publish","type":"page","link":"https:\/\/april-belgium.be\/fr\/informations-generales\/documents\/","title":{"rendered":"Documents"},"content":{"rendered":"<h2>Conditions G\u00e9n\u00e9rales<\/h2>\n<p><span style=\"color: #3f3f3f;\">Assurance d\u00e9c\u00e8s <strong>APRIL Credit Protect<\/strong><\/span><br \/>\n<a href=\"https:\/\/april-belgium.be\/wp-content\/uploads\/AprilCreditProtect_FR_20240601_Conditions-generales.pdf\" target=\"_blank\" rel=\"noopener noreferrer\">&gt; Consulter les conditions g\u00e9n\u00e9rales<\/a><\/p>\n<p><span style=\"color: #3f3f3f;\">Assurance d\u00e9c\u00e8s <strong>APRIL Cover<\/strong><\/span><br \/>\n<a href=\"https:\/\/april-belgium.be\/wp-content\/uploads\/114538-APRILCOVER-20250100_Conditions-Generales.pdf\" target=\"_blank\" rel=\"noopener noreferrer\">&gt; Consulter les conditions g\u00e9n\u00e9rales<\/a><\/p>\n<p><a href=\"https:\/\/april-belgium.be\/wp-content\/uploads\/114538-APRILCOVEREIP-20250100_Conditions-Generales.pdf\" target=\"_blank\" rel=\"noopener\">&gt; Consulter les conditions g\u00e9n\u00e9rales EIP<\/a><\/p>\n<p><span style=\"color: #3f3f3f;\">Assurance d\u00e9c\u00e8s <strong>Elantis Immo Cover+<\/strong><\/span><br \/>\n<a href=\"https:\/\/april-belgium.be\/wp-content\/uploads\/114538-ELANTISIMMOCOVER-20250100_Conditions-Generales.pdf\" target=\"_blank\" rel=\"noopener noreferrer\">&gt; Consulter les conditions g\u00e9n\u00e9rales<\/a><\/p>\n<p><a href=\"https:\/\/april-belgium.be\/wp-content\/uploads\/114538-ELANTISIMMOCOVEREIP-20250100_Conditions-Generales.pdf\" target=\"_blank\" rel=\"noopener\">&gt; Consulter les conditions g\u00e9n\u00e9rales EIP<\/a><\/p>\n<p><span style=\"color: #3f3f3f;\">Assurance d\u00e9c\u00e8s <strong>Elitis Blue Cover<\/strong><\/span><br \/>\n<a href=\"https:\/\/april-belgium.be\/wp-content\/uploads\/APRIL-Elitis-Blue-Cover-CGV.pdf\" target=\"_blank\" rel=\"noopener noreferrer\">&gt; Consulter les conditions g\u00e9n\u00e9rales<\/a><br \/>\n<a href=\"https:\/\/april-belgium.be\/wp-content\/uploads\/APRIL-Elitis-Blue-Cover-EIP-CGV.pdf\" target=\"_blank\" rel=\"noopener\">&gt; Consulter les conditions g\u00e9n\u00e9rales EIP<\/a><\/p>\n<p><span style=\"color: #3f3f3f;\">Assurance d\u00e9c\u00e8s <strong>Elitis Top Cover<\/strong><\/span><br \/>\n<a href=\"\/wp-content\/uploads\/documents\/ElitisTopCover_CG_FR.pdf\" target=\"_blank\" rel=\"noopener noreferrer\">&gt; Consulter les conditions g\u00e9n\u00e9rales<\/a><\/p>\n<p><a href=\"https:\/\/april-belgium.be\/wp-content\/uploads\/114538-ELITISTOPCOVEREIP-20230900_Conditions-Generales.pdf\" target=\"_blank\" rel=\"noopener\">&gt; Consulter les conditions g\u00e9n\u00e9rales EIP<\/a><\/p>\n<p><span style=\"color: #3f3f3f;\">Assurance d\u00e9c\u00e8s <strong>Elitis Life Protect<\/strong><\/span><br \/>\n<a href=\"https:\/\/april-belgium.be\/wp-content\/uploads\/114538-ELITISLIFEPROTECT-20241200_Conditions-Generales.pdf\" target=\"_blank\" rel=\"noopener noreferrer\">&gt; Consulter les conditions g\u00e9n\u00e9rales<\/a><\/p>\n<p><span style=\"color: #3f3f3f;\">Assurance d\u00e9c\u00e8s <strong>Elitis Life Protect+<\/strong><\/span><br \/>\n<a href=\"https:\/\/april-belgium.be\/wp-content\/uploads\/114538-ELITISLIFEPROTECT-20241200_Conditions-Generales-1.pdf\" target=\"_blank\" rel=\"noopener noreferrer\">&gt; Consulter les conditions g\u00e9n\u00e9rales<\/a><\/p>\n<p><span style=\"color: #3f3f3f;\">Assurance d\u00e9c\u00e8s <strong>Elantis Consumer Protection<\/strong><\/span><br \/>\n<a href=\"https:\/\/april-belgium.be\/wp-content\/uploads\/114538-ECP-20250100-Elantis-Consumer-Protection_Certificat-adhesion.pdf\" target=\"_blank\" rel=\"noopener noreferrer\">&gt; Consulter le certificat d&rsquo;adh\u00e9sion et les conditions g\u00e9n\u00e9rales<\/a><\/p>\n<hr class=\"green\" \/>\n<h2>Fiches info financi\u00e8re<\/h2>\n<p><span style=\"color: #3f3f3f;\">Assurance d\u00e9c\u00e8s <strong>APRIL Credit Protect<\/strong><\/span><\/p>\n<p><a href=\"https:\/\/april-belgium.be\/wp-content\/uploads\/AprilCreditProtect_FR_20240601_Fiche-Info-financiere.pdf\" target=\"_blank\" rel=\"noopener noreferrer\">&gt; T\u00e9l\u00e9charger la fiche<\/a><\/p>\n<p><span style=\"color: #3f3f3f;\">Assurance d\u00e9c\u00e8s <strong>APRIL Cover<\/strong><\/span><br \/>\n<a href=\"https:\/\/april-belgium.be\/wp-content\/uploads\/APRILCover_FicheInfo_FR.pdf\" target=\"_blank\" rel=\"noopener noreferrer\">&gt; T\u00e9l\u00e9charger la fiche<\/a><\/p>\n<p><span style=\"color: #3f3f3f;\">Assurance d\u00e9c\u00e8s <strong>APRIL Cover EIP<\/strong><\/span><br \/>\n<a href=\"https:\/\/april-belgium.be\/wp-content\/uploads\/114538-APRILCOVEREIP-20241000-APRIL-Cover-EIP_Fiche-info-financiere.pdf\" target=\"_blank\" rel=\"noopener noreferrer\">&gt; T\u00e9l\u00e9charger la fiche<\/a><\/p>\n<p><span style=\"color: #3f3f3f;\">Assurance d\u00e9c\u00e8s <strong>Elantis Immo Cover+<\/strong><\/span><br \/>\n<a href=\"https:\/\/april-belgium.be\/wp-content\/uploads\/ElantisImmoCoverPlus_FIF_FR.pdf\" target=\"_blank\" rel=\"noopener noreferrer\">&gt; T\u00e9l\u00e9charger la fiche<\/a><\/p>\n<p><span style=\"color: #3f3f3f;\">Assurance d\u00e9c\u00e8s <strong>Elantis Immo Cover+ EIP<\/strong><\/span><br \/>\n<a href=\"https:\/\/april-belgium.be\/wp-content\/uploads\/114538-ELANTISIMMOCOVEREIP-20241000-Elantis-Immo-CoverEIP_Fiche-info-financiere.pdf\" target=\"_blank\" rel=\"noopener noreferrer\">&gt; T\u00e9l\u00e9charger la fiche<\/a><\/p>\n<p><span style=\"color: #3f3f3f;\">Assurance d\u00e9c\u00e8s <strong>Elitis Blue Cover<\/strong><\/span><br \/>\n<a href=\"https:\/\/april-belgium.be\/wp-content\/uploads\/APRIL-Elitis-Blue-Cover-Info-Financiere.pdf\" target=\"_blank\" rel=\"noopener noreferrer\">&gt; T\u00e9l\u00e9charger la fiche<\/a><\/p>\n<p><span style=\"color: #3f3f3f;\">Assurance d\u00e9c\u00e8s <strong>Elitis Blue Cover EIP<\/strong><\/span><br \/>\n<a href=\"https:\/\/april-belgium.be\/wp-content\/uploads\/APRIL-Elitis-Blue-Cover-EIP-Info.pdf\" target=\"_blank\" rel=\"noopener\">&gt; T\u00e9l\u00e9charger la fiche<\/a><\/p>\n<p><span style=\"color: #3f3f3f;\">Assurance d\u00e9c\u00e8s <strong>Elitis Top Cover<\/strong><\/span><br \/>\n<a href=\"\/wp-content\/uploads\/ElitisTopCover_FicheInfo_FR.pdf\" target=\"_blank\" rel=\"noopener noreferrer\">&gt; T\u00e9l\u00e9charger la fiche<\/a><\/p>\n<p><span style=\"color: #3f3f3f;\">Assurance d\u00e9c\u00e8s <strong>Elitis Life Protect<\/strong><\/span><br \/>\n<a href=\"https:\/\/april-belgium.be\/wp-content\/uploads\/114538-ELITISLIFEPROTECT-20241200-Elitis-Life-Protect_Fiche-info-financiere.pdf\" target=\"_blank\" rel=\"noopener noreferrer\">&gt; T\u00e9l\u00e9charger la fiche<\/a><\/p>\n<p><span style=\"color: #3f3f3f;\">Assurance d\u00e9c\u00e8s <strong>Elitis Life Protect+<\/strong><\/span><br \/>\n<a href=\"https:\/\/april-belgium.be\/wp-content\/uploads\/114538-ELITISLIFEPROTECT-20241200-Elitis-Life-Protect_Fiche-info-financiere-1.pdf\" target=\"_blank\" rel=\"noopener noreferrer\">&gt; T\u00e9l\u00e9charger la fiche<\/a><\/p>\n<p><span style=\"color: #3f3f3f;\">Assurance d\u00e9c\u00e8s <strong>Elantis Consumer Protection<\/strong><\/span><br \/>\n<a href=\"https:\/\/april-belgium.be\/wp-content\/uploads\/ElantisConsumerProtection_FIF_FR.pdf\" target=\"_blank\" rel=\"noopener noreferrer\">&gt; T\u00e9l\u00e9charger la fiche<\/a><\/p>\n","protected":false},"excerpt":{"rendered":"<p>Conditions G\u00e9n\u00e9rales Assurance d\u00e9c\u00e8s APRIL Credit Protect &gt; Consulter les conditions g\u00e9n\u00e9rales Assurance d\u00e9c\u00e8s APRIL Cover &gt; Consulter les conditions g\u00e9n\u00e9rales &gt; Consulter les conditions g\u00e9n\u00e9rales EIP Assurance d\u00e9c\u00e8s Elantis Immo Cover+ &gt; Consulter les conditions g\u00e9n\u00e9rales &gt; Consulter les conditions g\u00e9n\u00e9rales EIP Assurance d\u00e9c\u00e8s Elitis Blue Cover &gt; Consulter les conditions g\u00e9n\u00e9rales &gt; Consulter &hellip;<\/p>\n","protected":false},"author":1,"featured_media":656,"parent":62,"menu_order":0,"comment_status":"closed","ping_status":"closed","template":"page-elitis-documents.php","meta":{"footnotes":""},"class_list":["post-598","page","type-page","status-publish","has-post-thumbnail","hentry"],"yoast_head":"<!-- This site is optimized with the Yoast SEO plugin v27.3 - https:\/\/yoast.com\/product\/yoast-seo-wordpress\/ -->\n<title>Conditions g\u00e9n\u00e9rales - assurance d\u00e9c\u00e8s - Elitis Protection<\/title>\n<meta name=\"robots\" content=\"index, follow, max-snippet:-1, max-image-preview:large, max-video-preview:-1\" \/>\n<link rel=\"canonical\" href=\"https:\/\/april-belgium.be\/fr\/informations-generales\/documents\/\" \/>\n<meta property=\"og:locale\" content=\"fr_FR\" \/>\n<meta property=\"og:type\" content=\"article\" \/>\n<meta property=\"og:title\" content=\"Conditions g\u00e9n\u00e9rales - assurance d\u00e9c\u00e8s - Elitis Protection\" \/>\n<meta property=\"og:description\" content=\"Conditions G\u00e9n\u00e9rales Assurance d\u00e9c\u00e8s APRIL Credit Protect &gt; Consulter les conditions g\u00e9n\u00e9rales Assurance d\u00e9c\u00e8s APRIL Cover &gt; Consulter les conditions g\u00e9n\u00e9rales &gt; Consulter les conditions g\u00e9n\u00e9rales EIP Assurance d\u00e9c\u00e8s Elantis Immo Cover+ &gt; Consulter les conditions g\u00e9n\u00e9rales &gt; Consulter les conditions g\u00e9n\u00e9rales EIP Assurance d\u00e9c\u00e8s Elitis Blue Cover &gt; Consulter les conditions g\u00e9n\u00e9rales &gt; Consulter &hellip;\" \/>\n<meta property=\"og:url\" content=\"https:\/\/april-belgium.be\/fr\/informations-generales\/documents\/\" \/>\n<meta property=\"og:site_name\" content=\"Mr.\" \/>\n<meta property=\"article:modified_time\" content=\"2025-10-01T09:11:06+00:00\" \/>\n<meta property=\"og:image\" content=\"https:\/\/april-belgium.be\/wp-content\/uploads\/2015\/08\/Protection_Banner_07_Infos_Documents.jpg\" \/>\n\t<meta property=\"og:image:width\" content=\"1437\" \/>\n\t<meta property=\"og:image:height\" content=\"450\" \/>\n\t<meta property=\"og:image:type\" content=\"image\/jpeg\" \/>\n<meta name=\"twitter:card\" content=\"summary_large_image\" \/>\n<meta name=\"twitter:label1\" content=\"Dur\u00e9e de lecture est.\" \/>\n\t<meta name=\"twitter:data1\" content=\"2 minutes\" \/>\n<script type=\"application\/ld+json\" class=\"yoast-schema-graph\">{\"@context\":\"https:\\\/\\\/schema.org\",\"@graph\":[{\"@type\":\"WebPage\",\"@id\":\"https:\\\/\\\/april-belgium.be\\\/fr\\\/informations-generales\\\/documents\\\/\",\"url\":\"https:\\\/\\\/april-belgium.be\\\/fr\\\/informations-generales\\\/documents\\\/\",\"name\":\"Conditions g\u00e9n\u00e9rales - assurance d\u00e9c\u00e8s - Elitis Protection\",\"isPartOf\":{\"@id\":\"https:\\\/\\\/april-belgium.be\\\/fr\\\/#website\"},\"primaryImageOfPage\":{\"@id\":\"https:\\\/\\\/april-belgium.be\\\/fr\\\/informations-generales\\\/documents\\\/#primaryimage\"},\"image\":{\"@id\":\"https:\\\/\\\/april-belgium.be\\\/fr\\\/informations-generales\\\/documents\\\/#primaryimage\"},\"thumbnailUrl\":\"https:\\\/\\\/april-belgium.be\\\/wp-content\\\/uploads\\\/2015\\\/08\\\/Protection_Banner_07_Infos_Documents.jpg\",\"datePublished\":\"2015-08-14T11:20:16+00:00\",\"dateModified\":\"2025-10-01T09:11:06+00:00\",\"breadcrumb\":{\"@id\":\"https:\\\/\\\/april-belgium.be\\\/fr\\\/informations-generales\\\/documents\\\/#breadcrumb\"},\"inLanguage\":\"fr-BE\",\"potentialAction\":[{\"@type\":\"ReadAction\",\"target\":[\"https:\\\/\\\/april-belgium.be\\\/fr\\\/informations-generales\\\/documents\\\/\"]}]},{\"@type\":\"ImageObject\",\"inLanguage\":\"fr-BE\",\"@id\":\"https:\\\/\\\/april-belgium.be\\\/fr\\\/informations-generales\\\/documents\\\/#primaryimage\",\"url\":\"https:\\\/\\\/april-belgium.be\\\/wp-content\\\/uploads\\\/2015\\\/08\\\/Protection_Banner_07_Infos_Documents.jpg\",\"contentUrl\":\"https:\\\/\\\/april-belgium.be\\\/wp-content\\\/uploads\\\/2015\\\/08\\\/Protection_Banner_07_Infos_Documents.jpg\",\"width\":1437,\"height\":450},{\"@type\":\"BreadcrumbList\",\"@id\":\"https:\\\/\\\/april-belgium.be\\\/fr\\\/informations-generales\\\/documents\\\/#breadcrumb\",\"itemListElement\":[{\"@type\":\"ListItem\",\"position\":1,\"name\":\"Accueil\",\"item\":\"https:\\\/\\\/april-belgium.be\\\/fr\\\/\"},{\"@type\":\"ListItem\",\"position\":2,\"name\":\"Informations g\u00e9n\u00e9rales\",\"item\":\"https:\\\/\\\/april-belgium.be\\\/fr\\\/informations-generales\\\/\"},{\"@type\":\"ListItem\",\"position\":3,\"name\":\"Documents\"}]},{\"@type\":\"WebSite\",\"@id\":\"https:\\\/\\\/april-belgium.be\\\/fr\\\/#website\",\"url\":\"https:\\\/\\\/april-belgium.be\\\/fr\\\/\",\"name\":\"Mr.\",\"description\":\"\",\"potentialAction\":[{\"@type\":\"SearchAction\",\"target\":{\"@type\":\"EntryPoint\",\"urlTemplate\":\"https:\\\/\\\/april-belgium.be\\\/fr\\\/?s={search_term_string}\"},\"query-input\":{\"@type\":\"PropertyValueSpecification\",\"valueRequired\":true,\"valueName\":\"search_term_string\"}}],\"inLanguage\":\"fr-BE\"}]}<\/script>\n<!-- \/ Yoast SEO plugin. -->","yoast_head_json":{"title":"Conditions g\u00e9n\u00e9rales - assurance d\u00e9c\u00e8s - Elitis Protection","robots":{"index":"index","follow":"follow","max-snippet":"max-snippet:-1","max-image-preview":"max-image-preview:large","max-video-preview":"max-video-preview:-1"},"canonical":"https:\/\/april-belgium.be\/fr\/informations-generales\/documents\/","og_locale":"fr_FR","og_type":"article","og_title":"Conditions g\u00e9n\u00e9rales - assurance d\u00e9c\u00e8s - Elitis Protection","og_description":"Conditions G\u00e9n\u00e9rales Assurance d\u00e9c\u00e8s APRIL Credit Protect &gt; Consulter les conditions g\u00e9n\u00e9rales Assurance d\u00e9c\u00e8s APRIL Cover &gt; Consulter les conditions g\u00e9n\u00e9rales &gt; Consulter les conditions g\u00e9n\u00e9rales EIP Assurance d\u00e9c\u00e8s Elantis Immo Cover+ &gt; Consulter les conditions g\u00e9n\u00e9rales &gt; Consulter les conditions g\u00e9n\u00e9rales EIP Assurance d\u00e9c\u00e8s Elitis Blue Cover &gt; Consulter les conditions g\u00e9n\u00e9rales &gt; Consulter &hellip;","og_url":"https:\/\/april-belgium.be\/fr\/informations-generales\/documents\/","og_site_name":"Mr.","article_modified_time":"2025-10-01T09:11:06+00:00","og_image":[{"width":1437,"height":450,"url":"https:\/\/april-belgium.be\/wp-content\/uploads\/2015\/08\/Protection_Banner_07_Infos_Documents.jpg","type":"image\/jpeg"}],"twitter_card":"summary_large_image","twitter_misc":{"Dur\u00e9e de lecture est.":"2 minutes"},"schema":{"@context":"https:\/\/schema.org","@graph":[{"@type":"WebPage","@id":"https:\/\/april-belgium.be\/fr\/informations-generales\/documents\/","url":"https:\/\/april-belgium.be\/fr\/informations-generales\/documents\/","name":"Conditions g\u00e9n\u00e9rales - assurance d\u00e9c\u00e8s - Elitis Protection","isPartOf":{"@id":"https:\/\/april-belgium.be\/fr\/#website"},"primaryImageOfPage":{"@id":"https:\/\/april-belgium.be\/fr\/informations-generales\/documents\/#primaryimage"},"image":{"@id":"https:\/\/april-belgium.be\/fr\/informations-generales\/documents\/#primaryimage"},"thumbnailUrl":"https:\/\/april-belgium.be\/wp-content\/uploads\/2015\/08\/Protection_Banner_07_Infos_Documents.jpg","datePublished":"2015-08-14T11:20:16+00:00","dateModified":"2025-10-01T09:11:06+00:00","breadcrumb":{"@id":"https:\/\/april-belgium.be\/fr\/informations-generales\/documents\/#breadcrumb"},"inLanguage":"fr-BE","potentialAction":[{"@type":"ReadAction","target":["https:\/\/april-belgium.be\/fr\/informations-generales\/documents\/"]}]},{"@type":"ImageObject","inLanguage":"fr-BE","@id":"https:\/\/april-belgium.be\/fr\/informations-generales\/documents\/#primaryimage","url":"https:\/\/april-belgium.be\/wp-content\/uploads\/2015\/08\/Protection_Banner_07_Infos_Documents.jpg","contentUrl":"https:\/\/april-belgium.be\/wp-content\/uploads\/2015\/08\/Protection_Banner_07_Infos_Documents.jpg","width":1437,"height":450},{"@type":"BreadcrumbList","@id":"https:\/\/april-belgium.be\/fr\/informations-generales\/documents\/#breadcrumb","itemListElement":[{"@type":"ListItem","position":1,"name":"Accueil","item":"https:\/\/april-belgium.be\/fr\/"},{"@type":"ListItem","position":2,"name":"Informations g\u00e9n\u00e9rales","item":"https:\/\/april-belgium.be\/fr\/informations-generales\/"},{"@type":"ListItem","position":3,"name":"Documents"}]},{"@type":"WebSite","@id":"https:\/\/april-belgium.be\/fr\/#website","url":"https:\/\/april-belgium.be\/fr\/","name":"Mr.","description":"","potentialAction":[{"@type":"SearchAction","target":{"@type":"EntryPoint","urlTemplate":"https:\/\/april-belgium.be\/fr\/?s={search_term_string}"},"query-input":{"@type":"PropertyValueSpecification","valueRequired":true,"valueName":"search_term_string"}}],"inLanguage":"fr-BE"}]}},"_links":{"self":[{"href":"https:\/\/april-belgium.be\/fr\/wp-json\/wp\/v2\/pages\/598","targetHints":{"allow":["GET"]}}],"collection":[{"href":"https:\/\/april-belgium.be\/fr\/wp-json\/wp\/v2\/pages"}],"about":[{"href":"https:\/\/april-belgium.be\/fr\/wp-json\/wp\/v2\/types\/page"}],"author":[{"embeddable":true,"href":"https:\/\/april-belgium.be\/fr\/wp-json\/wp\/v2\/users\/1"}],"replies":[{"embeddable":true,"href":"https:\/\/april-belgium.be\/fr\/wp-json\/wp\/v2\/comments?post=598"}],"version-history":[{"count":133,"href":"https:\/\/april-belgium.be\/fr\/wp-json\/wp\/v2\/pages\/598\/revisions"}],"predecessor-version":[{"id":6200,"href":"https:\/\/april-belgium.be\/fr\/wp-json\/wp\/v2\/pages\/598\/revisions\/6200"}],"up":[{"embeddable":true,"href":"https:\/\/april-belgium.be\/fr\/wp-json\/wp\/v2\/pages\/62"}],"wp:featuredmedia":[{"embeddable":true,"href":"https:\/\/april-belgium.be\/fr\/wp-json\/wp\/v2\/media\/656"}],"wp:attachment":[{"href":"https:\/\/april-belgium.be\/fr\/wp-json\/wp\/v2\/media?parent=598"}],"curies":[{"name":"wp","href":"https:\/\/api.w.org\/{rel}","templated":true}]}}