{"id":601,"date":"2015-08-21T08:02:27","date_gmt":"2015-08-21T08:02:27","guid":{"rendered":"http:\/\/elitis2.cmsdev.be\/?page_id=601"},"modified":"2026-01-29T08:01:28","modified_gmt":"2026-01-29T08:01:28","slug":"conditions-generales-dutilisation","status":"publish","type":"page","link":"https:\/\/april-belgium.be\/fr\/conditions-generales-dutilisation\/","title":{"rendered":"Conditions g\u00e9n\u00e9rales d&rsquo;utilisation"},"content":{"rendered":"<p>Dans le texte suivant, il convient d\u2019entendre le mot \u201csite web\u201d comme suit: site web\/application.<\/p>\n<p>En acc\u00e9dant et en utilisant le site web, vous acceptez sans aucune r\u00e9serve les pr\u00e9sentes conditions et vous vous engagez \u00e0 les respecter.<\/p>\n<p><strong>Limitation de responsabilit\u00e9<\/strong><\/p>\n<p>Les informations propos\u00e9es sur ce site ou que vous obtenez par le biais de ce site, de pages web, de simulations ou de tout autre contenu que vous consultez, vous sont propos\u00e9es \u00e0 titre purement indicatif et ne fournissent en aucun cas une offre officielle d\u2019APRIL Belgium. Les informations transmises ne pourront \u00eatre consid\u00e9r\u00e9es comme une offre que s\u2019il en est explicitement convenu.<\/p>\n<p>Sauf mention contraire explicite, les informations sur ce site ne visent pas \u00e0 fournir des conseils, en ce compris les conseils financiers, fiscaux, comptables ou juridiques.<\/p>\n<p>Ce site contient des informations g\u00e9n\u00e9rales. Le cas \u00e9ch\u00e9ant, l\u2019\u00e9tendue exacte de la garantie peut \u00eatre trouv\u00e9e dans les Conditions G\u00e9n\u00e9rales et Particuli\u00e8res de votre contrat.<\/p>\n<p>APRIL Belgium contr\u00f4lera r\u00e9guli\u00e8rement et minutieusement les informations propos\u00e9es sur ce site. Ces informations et le mat\u00e9riel pr\u00e9sents sur le site sont donc sujets \u00e0 des modifications.<\/p>\n<p>APRIL Belgium ne peut en garantir l&rsquo;exactitude, l\u2019absence d\u2019erreur, l\u2019ad\u00e9quation, le caract\u00e8re exhaustif et\/ou la mise \u00e0 jour pour un objectif d\u00e9termin\u00e9, des informations et mat\u00e9riels propos\u00e9s sur ce site web, sur les sites web auxquels il est fait r\u00e9f\u00e9rence, ou quant \u00e0 la fiabilit\u00e9 et l\u2019honn\u00eatet\u00e9 de leurs sources.<\/p>\n<p>APRIL Belgium ne pourra pas \u00eatre tenu responsable de tout dommage d\u00fb \u00e0 l\u2019acc\u00e8s, \u00e0 la consultation ou \u00e0 l\u2019utilisation des informations, donn\u00e9es, pages web et publications obtenues sur le site ou par le biais d\u2019applications interactives.<\/p>\n<p>Ce site web peut contenir des liens ou pointer de toute autre mani\u00e8re vers des sites web ou des pages web administr\u00e9es par de tierces parties. APRIL Belgium n\u2019a aucun droit de regard sur le contenu ou toute autre caract\u00e9ristique de ces sites et pages web et n\u2019est en aucun cas responsable du contenu et des caract\u00e9ristiques des sites web vers lesquels il pose un lien et fourni aucune garantie en ce qui concerne le niveau de s\u00e9curit\u00e9 de ces sites web. Le fait qu&rsquo;APRIL Belgium propose des liens n&rsquo;implique en aucun cas l\u2019approbation du contenu de ces sites ou pages web. APRIL Belgium n\u2019offre aucune garantie quant \u00e0 la solvabilit\u00e9 et\/ou la fiabilit\u00e9 des auteurs ou propri\u00e9taires des sites, ni des personnes ou des entreprises \u00e0 propos desquels ces sites fournissent des informations.<\/p>\n<p>APRIL Belgium ne pourra pas \u00eatre tenu responsable de tout dommage encouru apr\u00e8s l\u2019utilisation d\u2019informations propos\u00e9es sur les sites visit\u00e9s via ces liens ou dans le cadre de contrats conclus sur la base de ces informations.<\/p>\n<p><strong>Propri\u00e9t\u00e9 intellectuelle<\/strong><\/p>\n<p>Les informations, pages web, publications et donn\u00e9es pr\u00e9sentes sur ce site sont prot\u00e9g\u00e9es par des droits de propri\u00e9t\u00e9 intellectuelle appartenant \u00e0 APRIL Belgium ou \u00e0 des tiers. Vous \u00eates donc tenu de respecter ces droits. APRIL Belgium vous donne uniquement le droit d&rsquo;acc\u00e9der au contenu du site, de le consulter et d\u2019utiliser de fa\u00e7on normale les services propos\u00e9s sur le site, uniquement pour vos besoins personnels. Sans autorisation \u00e9crite pr\u00e9alable d&rsquo;APRIL Belgium, vous n\u2019\u00eates pas autoris\u00e9 \u00e0 diffuser, reproduire, modifier, vendre ou transf\u00e9rer ces informations et mat\u00e9riels sous quelque forme que ce soit et par quelque voie que ce soit.<\/p>\n<p>Ces informations et ce mat\u00e9riel peuvent \u00eatre repr\u00e9sent\u00e9s et imprim\u00e9s pour votre seul usage personnel et non commercial, \u00e0 condition de ne pas effacer les r\u00e9f\u00e9rences aux droits de propri\u00e9t\u00e9 intellectuelle et autres.<\/p>\n<p><strong>Traitement des donn\u00e9es \u00e0 caract\u00e8re personnel (Protection de la vie priv\u00e9e)<\/strong><\/p>\n<p>APRIL Belgium met tout en \u0153uvre pour prot\u00e9ger votre vie priv\u00e9e.<\/p>\n<p>Vous pouvez consulter <a href=\"https:\/\/april-belgium.be\/wp-content\/uploads\/114538-PRIVACYCHARTER-20230600.pdf\" target=\"_blank\" rel=\"noopener\">ici<\/a> toutes les informations sur la mani\u00e8re dont nous traitons vos donn\u00e9es \u00e0 caract\u00e8re personnel, quels sont vos droits, comment vous pouvez les exercer ainsi que les personnes \u00e0 contacter en cas de probl\u00e8me.<\/p>\n<p><strong>Droit applicable<\/strong><\/p>\n<p>Les informations de services et de produit fournies par APRIL Belgium sont r\u00e9gies par les r\u00e8gles du droit belge. Si vous acc\u00e9dez \u00e0 ce site internet ou si vous en faites usage \u00e0 partir d\u2019une autre juridiction, vous devez v\u00e9rifier au pr\u00e9alable si le droit de ce pays vous y autorise. A d\u00e9faut, vous devez vous abstenir de tout acc\u00e8s \u00e0 nos sites internet ou \u00e0 leur usage.<\/p>\n<p>En acc\u00e9dant et en utilisant le site web, vous acceptez sans aucune r\u00e9serve les pr\u00e9sentes conditions et vous vous engagez \u00e0 les respecter. Si la moindre disposition des pr\u00e9sentes conditions \u00e9tait inapplicable ou contraire \u00e0 une disposition de droit contraignant, cette inapplicabilit\u00e9 ou invalidit\u00e9 ne portera pas atteinte \u00e0 la validit\u00e9 et l\u2019applicabilit\u00e9 des autres dispositions.<\/p>\n<p><strong>Utilisation des cookies<\/strong><\/p>\n<p>Les cookies sont de petits fichiers textes enregistr\u00e9s dans votre ordinateur lorsque vous visitez certains sites web ou ouvrez certains e-mails. Ils sont largement utilis\u00e9s pour faire fonctionner les sites web ainsi que pour fournir des informations commerciales et de marketing aux propri\u00e9taires du site notamment votre langue de pr\u00e9dilection.<\/p>\n<p><a href=\"https:\/\/april-belgium.be\/fr\/cookies\/\">Informations concernant les cookies<\/a><\/p>\n<p><strong>R\u00e9f\u00e9rences du responsable<\/strong><\/p>\n<p>Ce site web est la propri\u00e9t\u00e9 et est exploit\u00e9 par APRIL Belgium, Dr\u00e8ve Richelle, 161 I, bo\u00eete 69 &#8211; 1410 Waterloo, Num\u00e9ro d\u2019entreprise 0627678387, RPM Nivelles FSMA n\u00b0 114538A.<\/p>\n<p>T\u00e9l: +32 (0)10 56 04 98<br \/>\n<a href=\"mailto:support.be@april.com\">support.be@april.com<\/a><\/p>\n<div class=\"separator30\">\u00a0<\/div>\n","protected":false},"excerpt":{"rendered":"<p>Dans le texte suivant, il convient d\u2019entendre le mot \u201csite web\u201d comme suit: site web\/application. En acc\u00e9dant et en utilisant le site web, vous acceptez sans aucune r\u00e9serve les pr\u00e9sentes conditions et vous vous engagez \u00e0 les respecter. Limitation de responsabilit\u00e9 Les informations propos\u00e9es sur ce site ou que vous obtenez par le biais de &hellip;<\/p>\n","protected":false},"author":1,"featured_media":0,"parent":0,"menu_order":0,"comment_status":"closed","ping_status":"open","template":"","meta":{"footnotes":""},"class_list":["post-601","page","type-page","status-publish","hentry"],"yoast_head":"<!-- This site is optimized with the Yoast SEO plugin v27.4 - https:\/\/yoast.com\/product\/yoast-seo-wordpress\/ -->\n<title>Conditions g\u00e9n\u00e9rales d&#039;utilisation - Mr.<\/title>\n<meta name=\"robots\" content=\"index, follow, max-snippet:-1, max-image-preview:large, max-video-preview:-1\" \/>\n<link rel=\"canonical\" href=\"https:\/\/april-belgium.be\/nl\/algemene-gebruiksvoorwaarden\/\" \/>\n<meta property=\"og:locale\" content=\"fr_FR\" \/>\n<meta property=\"og:type\" content=\"article\" \/>\n<meta property=\"og:title\" content=\"Conditions g\u00e9n\u00e9rales d&#039;utilisation - Mr.\" \/>\n<meta property=\"og:description\" content=\"Dans le texte suivant, il convient d\u2019entendre le mot \u201csite web\u201d comme suit: site web\/application. En acc\u00e9dant et en utilisant le site web, vous acceptez sans aucune r\u00e9serve les pr\u00e9sentes conditions et vous vous engagez \u00e0 les respecter. Limitation de responsabilit\u00e9 Les informations propos\u00e9es sur ce site ou que vous obtenez par le biais de &hellip;\" \/>\n<meta property=\"og:url\" content=\"https:\/\/april-belgium.be\/nl\/algemene-gebruiksvoorwaarden\/\" \/>\n<meta property=\"og:site_name\" content=\"Mr.\" \/>\n<meta property=\"article:modified_time\" content=\"2026-01-29T08:01:28+00:00\" \/>\n<meta name=\"twitter:card\" content=\"summary_large_image\" \/>\n<meta name=\"twitter:label1\" content=\"Dur\u00e9e de lecture est.\" \/>\n\t<meta name=\"twitter:data1\" content=\"5 minutes\" \/>\n<script type=\"application\/ld+json\" class=\"yoast-schema-graph\">{\"@context\":\"https:\\\/\\\/schema.org\",\"@graph\":[{\"@type\":\"WebPage\",\"@id\":\"https:\\\/\\\/april-belgium.be\\\/nl\\\/algemene-gebruiksvoorwaarden\\\/\",\"url\":\"https:\\\/\\\/april-belgium.be\\\/nl\\\/algemene-gebruiksvoorwaarden\\\/\",\"name\":\"Conditions g\u00e9n\u00e9rales d'utilisation - Mr.\",\"isPartOf\":{\"@id\":\"https:\\\/\\\/april-belgium.be\\\/fr\\\/#website\"},\"datePublished\":\"2015-08-21T08:02:27+00:00\",\"dateModified\":\"2026-01-29T08:01:28+00:00\",\"breadcrumb\":{\"@id\":\"https:\\\/\\\/april-belgium.be\\\/nl\\\/algemene-gebruiksvoorwaarden\\\/#breadcrumb\"},\"inLanguage\":\"fr-BE\",\"potentialAction\":[{\"@type\":\"ReadAction\",\"target\":[\"https:\\\/\\\/april-belgium.be\\\/nl\\\/algemene-gebruiksvoorwaarden\\\/\"]}]},{\"@type\":\"BreadcrumbList\",\"@id\":\"https:\\\/\\\/april-belgium.be\\\/nl\\\/algemene-gebruiksvoorwaarden\\\/#breadcrumb\",\"itemListElement\":[{\"@type\":\"ListItem\",\"position\":1,\"name\":\"Accueil\",\"item\":\"https:\\\/\\\/april-belgium.be\\\/fr\\\/\"},{\"@type\":\"ListItem\",\"position\":2,\"name\":\"Conditions g\u00e9n\u00e9rales d&rsquo;utilisation\"}]},{\"@type\":\"WebSite\",\"@id\":\"https:\\\/\\\/april-belgium.be\\\/fr\\\/#website\",\"url\":\"https:\\\/\\\/april-belgium.be\\\/fr\\\/\",\"name\":\"Mr.\",\"description\":\"\",\"potentialAction\":[{\"@type\":\"SearchAction\",\"target\":{\"@type\":\"EntryPoint\",\"urlTemplate\":\"https:\\\/\\\/april-belgium.be\\\/fr\\\/?s={search_term_string}\"},\"query-input\":{\"@type\":\"PropertyValueSpecification\",\"valueRequired\":true,\"valueName\":\"search_term_string\"}}],\"inLanguage\":\"fr-BE\"}]}<\/script>\n<!-- \/ Yoast SEO plugin. -->","yoast_head_json":{"title":"Conditions g\u00e9n\u00e9rales d'utilisation - Mr.","robots":{"index":"index","follow":"follow","max-snippet":"max-snippet:-1","max-image-preview":"max-image-preview:large","max-video-preview":"max-video-preview:-1"},"canonical":"https:\/\/april-belgium.be\/nl\/algemene-gebruiksvoorwaarden\/","og_locale":"fr_FR","og_type":"article","og_title":"Conditions g\u00e9n\u00e9rales d'utilisation - Mr.","og_description":"Dans le texte suivant, il convient d\u2019entendre le mot \u201csite web\u201d comme suit: site web\/application. En acc\u00e9dant et en utilisant le site web, vous acceptez sans aucune r\u00e9serve les pr\u00e9sentes conditions et vous vous engagez \u00e0 les respecter. Limitation de responsabilit\u00e9 Les informations propos\u00e9es sur ce site ou que vous obtenez par le biais de &hellip;","og_url":"https:\/\/april-belgium.be\/nl\/algemene-gebruiksvoorwaarden\/","og_site_name":"Mr.","article_modified_time":"2026-01-29T08:01:28+00:00","twitter_card":"summary_large_image","twitter_misc":{"Dur\u00e9e de lecture est.":"5 minutes"},"schema":{"@context":"https:\/\/schema.org","@graph":[{"@type":"WebPage","@id":"https:\/\/april-belgium.be\/nl\/algemene-gebruiksvoorwaarden\/","url":"https:\/\/april-belgium.be\/nl\/algemene-gebruiksvoorwaarden\/","name":"Conditions g\u00e9n\u00e9rales d'utilisation - Mr.","isPartOf":{"@id":"https:\/\/april-belgium.be\/fr\/#website"},"datePublished":"2015-08-21T08:02:27+00:00","dateModified":"2026-01-29T08:01:28+00:00","breadcrumb":{"@id":"https:\/\/april-belgium.be\/nl\/algemene-gebruiksvoorwaarden\/#breadcrumb"},"inLanguage":"fr-BE","potentialAction":[{"@type":"ReadAction","target":["https:\/\/april-belgium.be\/nl\/algemene-gebruiksvoorwaarden\/"]}]},{"@type":"BreadcrumbList","@id":"https:\/\/april-belgium.be\/nl\/algemene-gebruiksvoorwaarden\/#breadcrumb","itemListElement":[{"@type":"ListItem","position":1,"name":"Accueil","item":"https:\/\/april-belgium.be\/fr\/"},{"@type":"ListItem","position":2,"name":"Conditions g\u00e9n\u00e9rales d&rsquo;utilisation"}]},{"@type":"WebSite","@id":"https:\/\/april-belgium.be\/fr\/#website","url":"https:\/\/april-belgium.be\/fr\/","name":"Mr.","description":"","potentialAction":[{"@type":"SearchAction","target":{"@type":"EntryPoint","urlTemplate":"https:\/\/april-belgium.be\/fr\/?s={search_term_string}"},"query-input":{"@type":"PropertyValueSpecification","valueRequired":true,"valueName":"search_term_string"}}],"inLanguage":"fr-BE"}]}},"_links":{"self":[{"href":"https:\/\/april-belgium.be\/fr\/wp-json\/wp\/v2\/pages\/601","targetHints":{"allow":["GET"]}}],"collection":[{"href":"https:\/\/april-belgium.be\/fr\/wp-json\/wp\/v2\/pages"}],"about":[{"href":"https:\/\/april-belgium.be\/fr\/wp-json\/wp\/v2\/types\/page"}],"author":[{"embeddable":true,"href":"https:\/\/april-belgium.be\/fr\/wp-json\/wp\/v2\/users\/1"}],"replies":[{"embeddable":true,"href":"https:\/\/april-belgium.be\/fr\/wp-json\/wp\/v2\/comments?post=601"}],"version-history":[{"count":20,"href":"https:\/\/april-belgium.be\/fr\/wp-json\/wp\/v2\/pages\/601\/revisions"}],"predecessor-version":[{"id":6568,"href":"https:\/\/april-belgium.be\/fr\/wp-json\/wp\/v2\/pages\/601\/revisions\/6568"}],"wp:attachment":[{"href":"https:\/\/april-belgium.be\/fr\/wp-json\/wp\/v2\/media?parent=601"}],"curies":[{"name":"wp","href":"https:\/\/api.w.org\/{rel}","templated":true}]}}