{"id":606,"date":"2015-08-21T08:35:32","date_gmt":"2015-08-21T08:35:32","guid":{"rendered":"http:\/\/elitis2.cmsdev.be\/?page_id=606"},"modified":"2026-01-29T08:01:18","modified_gmt":"2026-01-29T08:01:18","slug":"cookies","status":"publish","type":"page","link":"https:\/\/april-belgium.be\/fr\/cookies\/","title":{"rendered":"Informations concernant les cookies"},"content":{"rendered":"<p>Les cookies sont de petits fichiers textes enregistr\u00e9s dans votre ordinateur lorsque vous visitez certains sites web ou ouvrez certains e-mails. Ils sont largement utilis\u00e9s pour faire fonctionner les sites web ainsi que pour fournir des informations commerciales et de marketing aux propri\u00e9taires du site.<\/p>\n<p>Elitis Protection utilise des cookies sur ce site pour les raisons suivantes :<\/p>\n<h4>1. Cookies n\u00e9cessaires<\/h4>\n<p>Ces cookies sont essentiels pour visiter nos sites web. Ils vous permettent par exemple de naviguer entre les diff\u00e9rentes parties du site web ou de compl\u00e9ter des questionnaires. Si vous rejetez ces cookies, il est possible que certaines parties du site web ne fonctionnent pas correctement.<\/p>\n<h4>2. Cookies fonctionnels<\/h4>\n<p>Les cookies fonctionnels vous offrent une exp\u00e9rience de navigation plus personnalis\u00e9e. Ces cookies enregistrent vos pr\u00e9f\u00e9rences et vos param\u00e8tres favoris.<\/p>\n<h4>3. Cookies de performance<\/h4>\n<p>Pour des questions de performance, nous utilisons des cookies pour collecter des informations \u00e0 propos de l\u2019utilisation de nos sites web par les visiteurs afin de mieux r\u00e9pondre \u00e0 leurs besoins, d\u2019am\u00e9liorer le contenu de nos sites web et de faciliter davantage leur utilisation. Ainsi, par exemple, un cookie nous aide \u00e0 compter le nombre de visiteurs uniques et un autre peut d\u00e9terminer quelles sont les pages les plus populaires.<\/p>\n<h4>4. Cookies tierce partie<\/h4>\n<p>Les cookies \u00ab tierce partie \u00bb peuvent \u00eatre utilis\u00e9s pour afficher des publicit\u00e9s personnalis\u00e9es. Par publicit\u00e9s personnalis\u00e9es, nous entendons des publicit\u00e9s correspondant \u00e0 votre sexe, votre \u00e2ge, votre r\u00e9gion ou vos pr\u00e9f\u00e9rences. Votre identit\u00e9 n\u2019est ni collect\u00e9e ni enregistr\u00e9e par ces cookies tierce partie.<\/p>\n<h4>5. Contenu int\u00e9gr\u00e9<\/h4>\n<p>Ce site web dirige parfois le visiteur vers d\u2019autres sites au moyen d\u2019un lien actif. Il est possible que ces sites externes cr\u00e9ent \u00e9galement des cookies pendant leur visite. Pour de plus amples informations concernant la cr\u00e9ation de cookies sur ce genre de sites, Elitis Protection vous encourage \u00e0 consulter la Politique de la vie priv\u00e9e de ces sites.<\/p>\n<h3>Bloquer les Cookies<\/h3>\n<p>Si vous souhaitez bloquer ces cookies, il vous est possible de le faire pour le navigateur que vous utilisez :<\/p>\n<p>Internet Explorer : <a href=\"https:\/\/support.microsoft.com\/fr-fr\/windows\/g%C3%A9rer-les-cookies-dans-microsoft-edge-afficher-autoriser-bloquer-supprimer-et-utiliser-168dab11-0753-043d-7c16-ede5947fc64d#ie=ie-9\" target=\"_blank\" rel=\"noopener\">http:\/\/windows.microsoft.com\/fr-BE\/internet-explorer\/delete-manage-cookies#ie=ie-9<\/a><\/p>\n<p>Chrome : <a href=\"https:\/\/support.google.com\/chrome\/answer\/95647?hl=fr-GB&amp;hlrm=nl\" target=\"_blank\" rel=\"noopener\">https:\/\/support.google.com\/chrome\/answer\/95647?hl=fr-GB&amp;hlrm=nl<\/a><\/p>\n<p>Firefox : <a href=\"https:\/\/support.mozilla.org\/fr\/kb\/protection-renforcee-contre-pistage-firefox-ordinateur?s=cookies&amp;r=5&amp;as=s&amp;redirectslug=activer-desactiver-cookies&amp;redirectlocale=fr\" target=\"_blank\" rel=\"noopener\">http:\/\/support.mozilla.org\/fr\/kb\/activer-desactiver-cookies?s=cookies&amp;r=5&amp;as=s<\/a><\/p>\n<p>Safari: <a href=\"https:\/\/support.apple.com\/fr-be\/105082\" target=\"_blank\" rel=\"noopener\">https:\/\/support.apple.com\/fr-be\/HT201265<\/a><\/p>\n<p>Si vous d\u00e9sactivez des cookies, n\u2019oubliez pas que certains graphiques peuvent ne pas appara\u00eetre correctement ou que vous ne pourrez peut-\u00eatre pas avoir acc\u00e8s \u00e0 certaines parties du site web.<\/p>\n<h2 style=\"margin-top: 30px\">Liste d\u00e9taill\u00e9e des cookies utilis\u00e9s sur ce site<\/h2>\n<table style=\"border-collapse: collapse;\" border=\"0\" cellspacing=\"10\" cellpadding=\"10\">\n<tbody>\n<tr>\n<td valign=\"top\" width=\"20%\">\n<p><strong>Nom du cookie<\/strong><\/p>\n<\/td>\n<td valign=\"top\" width=\"40%\">\n<p><strong>Finalit\u00e9<\/strong><\/p>\n<\/td>\n<td valign=\"top\" width=\"40%\">\n<p><strong>Statut l\u00e9gal<\/strong><\/p>\n<\/td>\n<\/tr>\n<tr>\n<td valign=\"top\">\n<p>lang<\/p>\n<\/td>\n<td style=\"width: 176.3pt;\" valign=\"bottom\">\n<p>Cookie technique n\u00e9cessaire qui se souvient de la langue s\u00e9lectionn\u00e9e pour voir le site.<\/p>\n<p><em>Cookie de session.<\/em><\/p>\n<\/td>\n<td valign=\"top\">\n<p><em>Conform\u00e9ment \u00e0 l\u2019article 129 de la loi sur les Communications \u00e9lectronique ce cookie n\u00e9cessaire ne n\u00e9cessite pas le consentement de la personne concern\u00e9e.<\/em><\/p>\n<\/td>\n<\/tr>\n<tr>\n<td valign=\"top\">\n<p>_ga<\/p>\n<\/td>\n<td valign=\"top\">\n<p>Ce cookie d\u2019une tierce partie enregistre le nombre de fois qu&rsquo;un visiteur s&rsquo;est rendu sur le site associ\u00e9 au cookie et consigne la date des premi\u00e8re et derni\u00e8re visites. Ce cookie est \u00e9galement utilis\u00e9 pour distinguer les utilisateurs du site.<\/p>\n<p><em>2 ans.<\/em><\/p>\n<\/td>\n<td valign=\"top\">\n<p><em>Conform\u00e9ment \u00e0 l\u2019article 129 de la loi sur les Communications \u00e9lectronique ce cookie fonctionnel n\u00e9cessite le consentement de la personne concern\u00e9e. <\/em><\/p>\n<p><em>Pour le bloquer ou l\u2019effacer, veuillez vous reporter \u00e0 la section \u2018bloquer les cookies\u2019<\/em><\/p>\n<\/td>\n<\/tr>\n<tr>\n<td valign=\"top\">\n<p>_gat<\/p>\n<\/td>\n<td valign=\"top\">\n<p>Ce cookie (d\u2019une partie tierce) acc\u00e9l\u00e8re l&rsquo;envoi vers Google Analytics des informations collect\u00e9es.<\/p>\n<p><em>10 minutes.<\/em><\/p>\n<\/td>\n<td valign=\"top\">\n<p><em>Conform\u00e9ment \u00e0 l\u2019article 129 de la loi sur les Communications \u00e9lectronique ce cookie fonctionnel n\u00e9cessite le consentement de la personne concern\u00e9e. <\/em><\/p>\n<p><em>Pour le bloquer ou l\u2019effacer, veuillez vous reporter \u00e0 la section \u2018bloquer les cookies\u2019<\/em><\/p>\n<\/td>\n<\/tr>\n<\/tbody>\n<\/table>\n<div class=\"separator30\">\u00a0<\/div>\n<div class=\"separator30\"><em>Derni\u00e8re mise \u00e0 jour: 15\/11\/2023<\/em><\/div>\n","protected":false},"excerpt":{"rendered":"<p>Les cookies sont de petits fichiers textes enregistr\u00e9s dans votre ordinateur lorsque vous visitez certains sites web ou ouvrez certains e-mails. Ils sont largement utilis\u00e9s pour faire fonctionner les sites web ainsi que pour fournir des informations commerciales et de marketing aux propri\u00e9taires du site. Elitis Protection utilise des cookies sur ce site pour les &hellip;<\/p>\n","protected":false},"author":1,"featured_media":0,"parent":0,"menu_order":0,"comment_status":"closed","ping_status":"open","template":"","meta":{"footnotes":""},"class_list":["post-606","page","type-page","status-publish","hentry"],"yoast_head":"<!-- This site is optimized with the Yoast SEO plugin v27.4 - https:\/\/yoast.com\/product\/yoast-seo-wordpress\/ -->\n<title>Informations concernant les cookies - Mr.<\/title>\n<meta name=\"robots\" content=\"index, follow, max-snippet:-1, max-image-preview:large, max-video-preview:-1\" \/>\n<link rel=\"canonical\" href=\"https:\/\/april-belgium.be\/nl\/cookies\/\" \/>\n<meta property=\"og:locale\" content=\"fr_FR\" \/>\n<meta property=\"og:type\" content=\"article\" \/>\n<meta property=\"og:title\" content=\"Informations concernant les cookies - Mr.\" \/>\n<meta property=\"og:description\" content=\"Les cookies sont de petits fichiers textes enregistr\u00e9s dans votre ordinateur lorsque vous visitez certains sites web ou ouvrez certains e-mails. Ils sont largement utilis\u00e9s pour faire fonctionner les sites web ainsi que pour fournir des informations commerciales et de marketing aux propri\u00e9taires du site. Elitis Protection utilise des cookies sur ce site pour les &hellip;\" \/>\n<meta property=\"og:url\" content=\"https:\/\/april-belgium.be\/nl\/cookies\/\" \/>\n<meta property=\"og:site_name\" content=\"Mr.\" \/>\n<meta property=\"article:modified_time\" content=\"2026-01-29T08:01:18+00:00\" \/>\n<meta name=\"twitter:card\" content=\"summary_large_image\" \/>\n<meta name=\"twitter:label1\" content=\"Dur\u00e9e de lecture est.\" \/>\n\t<meta name=\"twitter:data1\" content=\"3 minutes\" \/>\n<script type=\"application\/ld+json\" class=\"yoast-schema-graph\">{\"@context\":\"https:\\\/\\\/schema.org\",\"@graph\":[{\"@type\":\"WebPage\",\"@id\":\"https:\\\/\\\/april-belgium.be\\\/nl\\\/cookies\\\/\",\"url\":\"https:\\\/\\\/april-belgium.be\\\/nl\\\/cookies\\\/\",\"name\":\"Informations concernant les cookies - Mr.\",\"isPartOf\":{\"@id\":\"https:\\\/\\\/april-belgium.be\\\/fr\\\/#website\"},\"datePublished\":\"2015-08-21T08:35:32+00:00\",\"dateModified\":\"2026-01-29T08:01:18+00:00\",\"breadcrumb\":{\"@id\":\"https:\\\/\\\/april-belgium.be\\\/nl\\\/cookies\\\/#breadcrumb\"},\"inLanguage\":\"fr-BE\",\"potentialAction\":[{\"@type\":\"ReadAction\",\"target\":[\"https:\\\/\\\/april-belgium.be\\\/nl\\\/cookies\\\/\"]}]},{\"@type\":\"BreadcrumbList\",\"@id\":\"https:\\\/\\\/april-belgium.be\\\/nl\\\/cookies\\\/#breadcrumb\",\"itemListElement\":[{\"@type\":\"ListItem\",\"position\":1,\"name\":\"Accueil\",\"item\":\"https:\\\/\\\/april-belgium.be\\\/fr\\\/\"},{\"@type\":\"ListItem\",\"position\":2,\"name\":\"Informations concernant les cookies\"}]},{\"@type\":\"WebSite\",\"@id\":\"https:\\\/\\\/april-belgium.be\\\/fr\\\/#website\",\"url\":\"https:\\\/\\\/april-belgium.be\\\/fr\\\/\",\"name\":\"Mr.\",\"description\":\"\",\"potentialAction\":[{\"@type\":\"SearchAction\",\"target\":{\"@type\":\"EntryPoint\",\"urlTemplate\":\"https:\\\/\\\/april-belgium.be\\\/fr\\\/?s={search_term_string}\"},\"query-input\":{\"@type\":\"PropertyValueSpecification\",\"valueRequired\":true,\"valueName\":\"search_term_string\"}}],\"inLanguage\":\"fr-BE\"}]}<\/script>\n<!-- \/ Yoast SEO plugin. -->","yoast_head_json":{"title":"Informations concernant les cookies - Mr.","robots":{"index":"index","follow":"follow","max-snippet":"max-snippet:-1","max-image-preview":"max-image-preview:large","max-video-preview":"max-video-preview:-1"},"canonical":"https:\/\/april-belgium.be\/nl\/cookies\/","og_locale":"fr_FR","og_type":"article","og_title":"Informations concernant les cookies - Mr.","og_description":"Les cookies sont de petits fichiers textes enregistr\u00e9s dans votre ordinateur lorsque vous visitez certains sites web ou ouvrez certains e-mails. Ils sont largement utilis\u00e9s pour faire fonctionner les sites web ainsi que pour fournir des informations commerciales et de marketing aux propri\u00e9taires du site. Elitis Protection utilise des cookies sur ce site pour les &hellip;","og_url":"https:\/\/april-belgium.be\/nl\/cookies\/","og_site_name":"Mr.","article_modified_time":"2026-01-29T08:01:18+00:00","twitter_card":"summary_large_image","twitter_misc":{"Dur\u00e9e de lecture est.":"3 minutes"},"schema":{"@context":"https:\/\/schema.org","@graph":[{"@type":"WebPage","@id":"https:\/\/april-belgium.be\/nl\/cookies\/","url":"https:\/\/april-belgium.be\/nl\/cookies\/","name":"Informations concernant les cookies - Mr.","isPartOf":{"@id":"https:\/\/april-belgium.be\/fr\/#website"},"datePublished":"2015-08-21T08:35:32+00:00","dateModified":"2026-01-29T08:01:18+00:00","breadcrumb":{"@id":"https:\/\/april-belgium.be\/nl\/cookies\/#breadcrumb"},"inLanguage":"fr-BE","potentialAction":[{"@type":"ReadAction","target":["https:\/\/april-belgium.be\/nl\/cookies\/"]}]},{"@type":"BreadcrumbList","@id":"https:\/\/april-belgium.be\/nl\/cookies\/#breadcrumb","itemListElement":[{"@type":"ListItem","position":1,"name":"Accueil","item":"https:\/\/april-belgium.be\/fr\/"},{"@type":"ListItem","position":2,"name":"Informations concernant les cookies"}]},{"@type":"WebSite","@id":"https:\/\/april-belgium.be\/fr\/#website","url":"https:\/\/april-belgium.be\/fr\/","name":"Mr.","description":"","potentialAction":[{"@type":"SearchAction","target":{"@type":"EntryPoint","urlTemplate":"https:\/\/april-belgium.be\/fr\/?s={search_term_string}"},"query-input":{"@type":"PropertyValueSpecification","valueRequired":true,"valueName":"search_term_string"}}],"inLanguage":"fr-BE"}]}},"_links":{"self":[{"href":"https:\/\/april-belgium.be\/fr\/wp-json\/wp\/v2\/pages\/606","targetHints":{"allow":["GET"]}}],"collection":[{"href":"https:\/\/april-belgium.be\/fr\/wp-json\/wp\/v2\/pages"}],"about":[{"href":"https:\/\/april-belgium.be\/fr\/wp-json\/wp\/v2\/types\/page"}],"author":[{"embeddable":true,"href":"https:\/\/april-belgium.be\/fr\/wp-json\/wp\/v2\/users\/1"}],"replies":[{"embeddable":true,"href":"https:\/\/april-belgium.be\/fr\/wp-json\/wp\/v2\/comments?post=606"}],"version-history":[{"count":24,"href":"https:\/\/april-belgium.be\/fr\/wp-json\/wp\/v2\/pages\/606\/revisions"}],"predecessor-version":[{"id":6566,"href":"https:\/\/april-belgium.be\/fr\/wp-json\/wp\/v2\/pages\/606\/revisions\/6566"}],"wp:attachment":[{"href":"https:\/\/april-belgium.be\/fr\/wp-json\/wp\/v2\/media?parent=606"}],"curies":[{"name":"wp","href":"https:\/\/api.w.org\/{rel}","templated":true}]}}