{"id":6171,"date":"2025-09-30T13:23:37","date_gmt":"2025-09-30T13:23:37","guid":{"rendered":"https:\/\/april-belgium.be\/?page_id=6171"},"modified":"2026-01-29T08:18:27","modified_gmt":"2026-01-29T08:18:27","slug":"planifier-ma-succession","status":"publish","type":"page","link":"https:\/\/april-belgium.be\/fr\/nos-solutions\/planifier-ma-succession\/","title":{"rendered":"Assurance d\u00e9c\u00e8s succession"},"content":{"rendered":"\t\t<div data-elementor-type=\"wp-page\" data-elementor-id=\"6171\" class=\"elementor elementor-6171\" data-elementor-post-type=\"page\">\n\t\t\t\t<div class=\"elementor-element elementor-element-bc4c027 e-con-full e-flex e-con e-parent\" data-id=\"bc4c027\" data-element_type=\"container\" data-e-type=\"container\" data-settings=\"{&quot;background_background&quot;:&quot;classic&quot;}\">\n\t\t<div class=\"elementor-element elementor-element-a024f38 e-flex e-con-boxed e-con e-child\" data-id=\"a024f38\" data-element_type=\"container\" data-e-type=\"container\">\n\t\t\t\t\t<div class=\"e-con-inner\">\n\t\t<div class=\"elementor-element elementor-element-e50f09b e-con-full e-flex e-con e-child\" data-id=\"e50f09b\" data-element_type=\"container\" data-e-type=\"container\">\n\t\t\t\t<div class=\"elementor-element elementor-element-814b982 elementor-widget elementor-widget-image\" data-id=\"814b982\" data-element_type=\"widget\" data-e-type=\"widget\" data-widget_type=\"image.default\">\n\t\t\t\t<div class=\"elementor-widget-container\">\n\t\t\t\t\t\t\t\t\t\t\t\t\t\t\t<img fetchpriority=\"high\" decoding=\"async\" width=\"1170\" height=\"826\" src=\"https:\/\/april-belgium.be\/wp-content\/uploads\/Succession-Banner.webp\" class=\"attachment-large size-large wp-image-6174\" alt=\"Votre succession, \u00e0 vous de la planifier\" srcset=\"https:\/\/april-belgium.be\/wp-content\/uploads\/Succession-Banner.webp 1530w, https:\/\/april-belgium.be\/wp-content\/uploads\/Succession-Banner-400x282.webp 400w, https:\/\/april-belgium.be\/wp-content\/uploads\/Succession-Banner-768x542.webp 768w\" sizes=\"(max-width: 1170px) 100vw, 1170px\" \/>\t\t\t\t\t\t\t\t\t\t\t\t\t\t\t<\/div>\n\t\t\t\t<\/div>\n\t\t\t\t<\/div>\n\t\t<div class=\"elementor-element elementor-element-72edf32 e-con-full e-flex e-con e-child\" data-id=\"72edf32\" data-element_type=\"container\" data-e-type=\"container\">\n\t\t\t\t<div class=\"elementor-element elementor-element-c875e2b elementor-widget elementor-widget-heading\" data-id=\"c875e2b\" data-element_type=\"widget\" data-e-type=\"widget\" data-widget_type=\"heading.default\">\n\t\t\t\t<div class=\"elementor-widget-container\">\n\t\t\t\t\t<h1 class=\"elementor-heading-title elementor-size-default\">Votre succession,\n \u00e0 vous de la planifier<\/h1>\t\t\t\t<\/div>\n\t\t\t\t<\/div>\n\t\t\t\t<div class=\"elementor-element elementor-element-23eaaeb elementor-widget elementor-widget-text-editor\" data-id=\"23eaaeb\" data-element_type=\"widget\" data-e-type=\"widget\" data-widget_type=\"text-editor.default\">\n\t\t\t\t<div class=\"elementor-widget-container\">\n\t\t\t\t\t\t\t\t\t<p><span style=\"font-size: 18px; line-height: 1.35;\">Une gamme d&rsquo;assurances d\u00e9c\u00e8s pens\u00e9e pour planifier et optimiser votre succession.<\/span><\/p>\t\t\t\t\t\t\t\t<\/div>\n\t\t\t\t<\/div>\n\t\t\t\t<\/div>\n\t\t\t\t\t<\/div>\n\t\t\t\t<\/div>\n\t\t\t\t<\/div>\n\t\t<div class=\"elementor-element elementor-element-b5ea5b3 e-flex e-con-boxed e-con e-parent\" data-id=\"b5ea5b3\" data-element_type=\"container\" data-e-type=\"container\">\n\t\t\t\t\t<div class=\"e-con-inner\">\n\t\t\t\t<div class=\"elementor-element elementor-element-5f97325 elementor-widget elementor-widget-heading\" data-id=\"5f97325\" data-element_type=\"widget\" data-e-type=\"widget\" data-widget_type=\"heading.default\">\n\t\t\t\t<div class=\"elementor-widget-container\">\n\t\t\t\t\t<h3 class=\"elementor-heading-title elementor-size-default\">Votre planification successorale, une question d'optimisation<\/h3>\t\t\t\t<\/div>\n\t\t\t\t<\/div>\n\t\t<div class=\"elementor-element elementor-element-dd69805 e-con-full e-flex e-con e-child\" data-id=\"dd69805\" data-element_type=\"container\" data-e-type=\"container\">\n\t\t<a class=\"elementor-element elementor-element-25a7309 e-con-full e-flex e-con e-child\" data-id=\"25a7309\" data-element_type=\"container\" data-e-type=\"container\" href=\"\/nos-solutions\/planifier-ma-succession\/succession\/\">\n\t\t\t\t<div class=\"elementor-element elementor-element-9133ded elementor-widget elementor-widget-image\" data-id=\"9133ded\" data-element_type=\"widget\" data-e-type=\"widget\" data-widget_type=\"image.default\">\n\t\t\t\t<div class=\"elementor-widget-container\">\n\t\t\t\t\t\t\t\t\t\t\t\t\t\t\t<img decoding=\"async\" width=\"1080\" height=\"1080\" src=\"https:\/\/april-belgium.be\/wp-content\/uploads\/Succession-LP2-1.webp\" class=\"attachment-full size-full wp-image-6176\" alt=\"\" srcset=\"https:\/\/april-belgium.be\/wp-content\/uploads\/Succession-LP2-1.webp 1080w, https:\/\/april-belgium.be\/wp-content\/uploads\/Succession-LP2-1-400x400.webp 400w, https:\/\/april-belgium.be\/wp-content\/uploads\/Succession-LP2-1-150x150.webp 150w, https:\/\/april-belgium.be\/wp-content\/uploads\/Succession-LP2-1-768x768.webp 768w\" sizes=\"(max-width: 1080px) 100vw, 1080px\" \/>\t\t\t\t\t\t\t\t\t\t\t\t\t\t\t<\/div>\n\t\t\t\t<\/div>\n\t\t\t\t<div class=\"elementor-element elementor-element-3e025d1 elementor-widget elementor-widget-heading\" data-id=\"3e025d1\" data-element_type=\"widget\" data-e-type=\"widget\" data-widget_type=\"heading.default\">\n\t\t\t\t<div class=\"elementor-widget-container\">\n\t\t\t\t\t<h2 class=\"elementor-heading-title elementor-size-default\">Couvrez le co\u00fbt impos\u00e9 sur votre h\u00e9ritage<\/h2>\t\t\t\t<\/div>\n\t\t\t\t<\/div>\n\t\t\t\t<div class=\"elementor-element elementor-element-c547f0d elementor-widget elementor-widget-html\" data-id=\"c547f0d\" data-element_type=\"widget\" data-e-type=\"widget\" data-widget_type=\"html.default\">\n\t\t\t\t<div class=\"elementor-widget-container\">\n\t\t\t\t\t<center><span href=\"\" class=\"fw-700 col2\" style=\"text-transform: uppercase;font-size: 12px; letter-spacing:0,5px;text-align:center;color: #3eaac4 !important\">Ce que je veux l\u00e9guer, <br \/>sans frais \u00e0 payer <span class=\"p10 fa fa-chevron-right\"><\/span><\/span><\/center>\t\t\t\t<\/div>\n\t\t\t\t<\/div>\n\t\t\t\t<\/a>\n\t\t<div class=\"elementor-element elementor-element-7649ebe e-con-full elementor-hidden-mobile e-flex e-con e-child\" data-id=\"7649ebe\" data-element_type=\"container\" data-e-type=\"container\">\n\t\t\t\t<\/div>\n\t\t<a class=\"elementor-element elementor-element-97ad580 e-con-full e-flex e-con e-child\" data-id=\"97ad580\" data-element_type=\"container\" data-e-type=\"container\" href=\"\/fr\/nos-solutions\/planifier-ma-succession\/donation\/\">\n\t\t\t\t<div class=\"elementor-element elementor-element-a052868 elementor-widget elementor-widget-image\" data-id=\"a052868\" data-element_type=\"widget\" data-e-type=\"widget\" data-widget_type=\"image.default\">\n\t\t\t\t<div class=\"elementor-widget-container\">\n\t\t\t\t\t\t\t\t\t\t\t\t\t\t\t<img decoding=\"async\" width=\"1080\" height=\"1080\" src=\"https:\/\/april-belgium.be\/wp-content\/uploads\/Succession-LP2-2.webp\" class=\"attachment-large size-large wp-image-6178\" alt=\"\" srcset=\"https:\/\/april-belgium.be\/wp-content\/uploads\/Succession-LP2-2.webp 1080w, https:\/\/april-belgium.be\/wp-content\/uploads\/Succession-LP2-2-400x400.webp 400w, https:\/\/april-belgium.be\/wp-content\/uploads\/Succession-LP2-2-150x150.webp 150w, https:\/\/april-belgium.be\/wp-content\/uploads\/Succession-LP2-2-768x768.webp 768w\" sizes=\"(max-width: 1080px) 100vw, 1080px\" \/>\t\t\t\t\t\t\t\t\t\t\t\t\t\t\t<\/div>\n\t\t\t\t<\/div>\n\t\t\t\t<div class=\"elementor-element elementor-element-62bd34a elementor-widget elementor-widget-heading\" data-id=\"62bd34a\" data-element_type=\"widget\" data-e-type=\"widget\" data-widget_type=\"heading.default\">\n\t\t\t\t<div class=\"elementor-widget-container\">\n\t\t\t\t\t<h2 class=\"elementor-heading-title elementor-size-default\">Optez pour la donation sans droits \u00e0 payer<\/h2>\t\t\t\t<\/div>\n\t\t\t\t<\/div>\n\t\t\t\t<div class=\"elementor-element elementor-element-d88dd03 elementor-widget elementor-widget-html\" data-id=\"d88dd03\" data-element_type=\"widget\" data-e-type=\"widget\" data-widget_type=\"html.default\">\n\t\t\t\t<div class=\"elementor-widget-container\">\n\t\t\t\t\t<center><span class=\"fw-700 col2\" style=\"text-transform: uppercase;font-size: 12px; letter-spacing:0,5px;text-align:center;color: #3eaac4 !important\"> Ce que je veux donner, <br \/>sans  charge imposable <span class=\"p10 fa fa-chevron-right\"><\/span><\/span><\/center>\t\t\t\t<\/div>\n\t\t\t\t<\/div>\n\t\t\t\t<\/a>\n\t\t<div class=\"elementor-element elementor-element-26aa9d3 e-con-full e-flex e-con e-child\" data-id=\"26aa9d3\" data-element_type=\"container\" data-e-type=\"container\">\n\t\t\t\t<\/div>\n\t\t\t\t<\/div>\n\t\t\t\t\t<\/div>\n\t\t\t\t<\/div>\n\t\t<div class=\"elementor-element elementor-element-b378a8f e-con-full e-flex e-con e-parent\" data-id=\"b378a8f\" data-element_type=\"container\" data-e-type=\"container\">\n\t\t\t\t<div class=\"elementor-element elementor-element-f8283bf elementor-widget elementor-widget-template\" data-id=\"f8283bf\" data-element_type=\"widget\" data-e-type=\"widget\" data-widget_type=\"template.default\">\n\t\t\t\t<div class=\"elementor-widget-container\">\n\t\t\t\t\t\t\t<div class=\"elementor-template\">\n\t\t\t\t\t<div data-elementor-type=\"container\" data-elementor-id=\"5649\" class=\"elementor elementor-5649\" data-elementor-post-type=\"elementor_library\">\n\t\t\t\t<div class=\"elementor-element elementor-element-0ee37e8 e-con-full e-flex e-con e-parent\" data-id=\"0ee37e8\" data-element_type=\"container\" data-e-type=\"container\" data-settings=\"{&quot;background_background&quot;:&quot;classic&quot;}\">\n\t\t<div class=\"elementor-element elementor-element-a76d0c9 e-flex e-con-boxed e-con e-child\" data-id=\"a76d0c9\" data-element_type=\"container\" data-e-type=\"container\">\n\t\t\t\t\t<div class=\"e-con-inner\">\n\t\t<div class=\"elementor-element elementor-element-3f83b32 e-con-full e-flex e-con e-child\" data-id=\"3f83b32\" data-element_type=\"container\" data-e-type=\"container\">\n\t\t<div class=\"elementor-element elementor-element-6937a9e e-con-full e-flex e-con e-child\" data-id=\"6937a9e\" data-element_type=\"container\" data-e-type=\"container\">\n\t\t\t\t<div class=\"elementor-element elementor-element-0ce068b elementor-widget elementor-widget-image\" data-id=\"0ce068b\" data-element_type=\"widget\" data-e-type=\"widget\" data-widget_type=\"image.default\">\n\t\t\t\t<div class=\"elementor-widget-container\">\n\t\t\t\t\t\t\t\t\t\t\t\t\t\t\t<img loading=\"lazy\" decoding=\"async\" width=\"194\" height=\"190\" src=\"https:\/\/april-belgium.be\/wp-content\/uploads\/picto-calculette-produit-assurance-2021-1.png\" class=\"attachment-large size-large wp-image-5650\" alt=\"\" \/>\t\t\t\t\t\t\t\t\t\t\t\t\t\t\t<\/div>\n\t\t\t\t<\/div>\n\t\t\t\t<\/div>\n\t\t\t\t<div class=\"elementor-element elementor-element-43b4924 elementor-widget elementor-widget-heading\" data-id=\"43b4924\" data-element_type=\"widget\" data-e-type=\"widget\" data-widget_type=\"heading.default\">\n\t\t\t\t<div class=\"elementor-widget-container\">\n\t\t\t\t\t<h1 class=\"elementor-heading-title elementor-size-default\">Quelle est la meilleure formule pour vous ?<\/h1>\t\t\t\t<\/div>\n\t\t\t\t<\/div>\n\t\t\t\t<div class=\"elementor-element elementor-element-f374677 elementor-widget elementor-widget-text-editor\" data-id=\"f374677\" data-element_type=\"widget\" data-e-type=\"widget\" data-widget_type=\"text-editor.default\">\n\t\t\t\t<div class=\"elementor-widget-container\">\n\t\t\t\t\t\t\t\t\t<p>Faites le point sur vos besoins et calculez votre prime. Obtenez votre simulation personnalis\u00e9e, en 3 min chrono, sans engagement.<\/p>\t\t\t\t\t\t\t\t<\/div>\n\t\t\t\t<\/div>\n\t\t\t\t<div class=\"elementor-element elementor-element-9619204 elementor-widget elementor-widget-button\" data-id=\"9619204\" data-element_type=\"widget\" data-e-type=\"widget\" data-widget_type=\"button.default\">\n\t\t\t\t<div class=\"elementor-widget-container\">\n\t\t\t\t\t\t\t\t\t<div class=\"elementor-button-wrapper\">\n\t\t\t\t\t<a class=\"elementor-button elementor-button-link elementor-size-sm\" href=\"https:\/\/april-belgium.be\/fr\/simulateur\/\">\n\t\t\t\t\t\t<span class=\"elementor-button-content-wrapper\">\n\t\t\t\t\t\t\t\t\t<span class=\"elementor-button-text\">D\u00e9marrer ma simulation<\/span>\n\t\t\t\t\t<\/span>\n\t\t\t\t\t<\/a>\n\t\t\t\t<\/div>\n\t\t\t\t\t\t\t\t<\/div>\n\t\t\t\t<\/div>\n\t\t\t\t<\/div>\n\t\t\t\t\t<\/div>\n\t\t\t\t<\/div>\n\t\t\t\t<\/div>\n\t\t\t\t<\/div>\n\t\t\t\t<\/div>\n\t\t\t\t\t\t<\/div>\n\t\t\t\t<\/div>\n\t\t\t\t<\/div>\n\t\t<div class=\"elementor-element elementor-element-c2d82b9 e-con-full e-flex e-con e-parent\" data-id=\"c2d82b9\" data-element_type=\"container\" data-e-type=\"container\">\n\t\t\t\t<div class=\"elementor-element elementor-element-4a2c44f elementor-widget elementor-widget-template\" data-id=\"4a2c44f\" data-element_type=\"widget\" data-e-type=\"widget\" data-widget_type=\"template.default\">\n\t\t\t\t<div class=\"elementor-widget-container\">\n\t\t\t\t\t\t\t<div class=\"elementor-template\">\n\t\t\t\t\t<div data-elementor-type=\"container\" data-elementor-id=\"5658\" class=\"elementor elementor-5658\" data-elementor-post-type=\"elementor_library\">\n\t\t\t\t<div class=\"elementor-element elementor-element-aa3f72f e-con-full e-flex e-con e-parent\" data-id=\"aa3f72f\" data-element_type=\"container\" data-e-type=\"container\" data-settings=\"{&quot;background_background&quot;:&quot;classic&quot;}\">\n\t\t<div class=\"elementor-element elementor-element-8898307 e-flex e-con-boxed e-con e-child\" data-id=\"8898307\" data-element_type=\"container\" data-e-type=\"container\">\n\t\t\t\t\t<div class=\"e-con-inner\">\n\t\t<div class=\"elementor-element elementor-element-4d6098d e-con-full e-flex e-con e-child\" data-id=\"4d6098d\" data-element_type=\"container\" data-e-type=\"container\">\n\t\t\t\t<div class=\"elementor-element elementor-element-126a9fa elementor-widget elementor-widget-heading\" data-id=\"126a9fa\" data-element_type=\"widget\" data-e-type=\"widget\" data-widget_type=\"heading.default\">\n\t\t\t\t<div class=\"elementor-widget-container\">\n\t\t\t\t\t<h1 class=\"elementor-heading-title elementor-size-default\">APRIL, l\u2019assurance en plus facile<\/h1>\t\t\t\t<\/div>\n\t\t\t\t<\/div>\n\t\t\t\t<div class=\"elementor-element elementor-element-9f69d98 elementor-widget elementor-widget-text-editor\" data-id=\"9f69d98\" data-element_type=\"widget\" data-e-type=\"widget\" data-widget_type=\"text-editor.default\">\n\t\t\t\t<div class=\"elementor-widget-container\">\n\t\t\t\t\t\t\t\t\t<p style=\"text-align: center;\"><span style=\"color: #ffffff;\">Parlez-en \u00e0 votre courtier. Vous n\u2019en avez pas encore ? Profitez de notre r\u00e9seau partenaire. Trouvez l\u2019interm\u00e9diaire APRIL le plus proche de chez vous.<\/span><\/p>\t\t\t\t\t\t\t\t<\/div>\n\t\t\t\t<\/div>\n\t\t\t\t<div class=\"elementor-element elementor-element-2adafd4 elementor-widget elementor-widget-button\" data-id=\"2adafd4\" data-element_type=\"widget\" data-e-type=\"widget\" data-widget_type=\"button.default\">\n\t\t\t\t<div class=\"elementor-widget-container\">\n\t\t\t\t\t\t\t\t\t<div class=\"elementor-button-wrapper\">\n\t\t\t\t\t<a class=\"elementor-button elementor-button-link elementor-size-sm\" href=\"\/trouver-un-intermediaires-d-assurances\/\">\n\t\t\t\t\t\t<span class=\"elementor-button-content-wrapper\">\n\t\t\t\t\t\t\t\t\t<span class=\"elementor-button-text\">Mon courtier<\/span>\n\t\t\t\t\t<\/span>\n\t\t\t\t\t<\/a>\n\t\t\t\t<\/div>\n\t\t\t\t\t\t\t\t<\/div>\n\t\t\t\t<\/div>\n\t\t\t\t<\/div>\n\t\t\t\t\t<\/div>\n\t\t\t\t<\/div>\n\t\t\t\t<\/div>\n\t\t\t\t<\/div>\n\t\t\t\t<\/div>\n\t\t\t\t\t\t<\/div>\n\t\t\t\t<\/div>\n\t\t\t\t<\/div>\n\t\t\t\t<\/div>\n\t\t","protected":false},"excerpt":{"rendered":"<p>Votre succession, \u00e0 vous de la planifier Une gamme d&rsquo;assurances d\u00e9c\u00e8s pens\u00e9e pour planifier et optimiser votre succession. Votre planification successorale, une question d&rsquo;optimisation Couvrez le co\u00fbt impos\u00e9 sur votre h\u00e9ritage Ce que je veux l\u00e9guer, sans frais \u00e0 payer Optez pour la donation sans droits \u00e0 payer Ce que je veux donner, sans charge &hellip;<\/p>\n","protected":false},"author":4,"featured_media":6174,"parent":54,"menu_order":0,"comment_status":"closed","ping_status":"closed","template":"elementor_header_footer","meta":{"footnotes":""},"class_list":["post-6171","page","type-page","status-publish","has-post-thumbnail","hentry"],"yoast_head":"<!-- This site is optimized with the Yoast SEO plugin v27.6 - https:\/\/yoast.com\/product\/yoast-seo-wordpress\/ -->\n<title>Assurance d\u00e9c\u00e8s succession - APRIL Belgium<\/title>\n<meta name=\"robots\" content=\"index, follow, max-snippet:-1, max-image-preview:large, max-video-preview:-1\" \/>\n<link rel=\"canonical\" href=\"https:\/\/april-belgium.be\/fr\/nos-solutions\/planifier-ma-succession\/\" \/>\n<meta property=\"og:locale\" content=\"fr_FR\" \/>\n<meta property=\"og:type\" content=\"article\" \/>\n<meta property=\"og:title\" content=\"Assurance d\u00e9c\u00e8s succession - APRIL Belgium\" \/>\n<meta property=\"og:description\" content=\"Votre succession, \u00e0 vous de la planifier Une gamme d&rsquo;assurances d\u00e9c\u00e8s pens\u00e9e pour planifier et optimiser votre succession. Votre planification successorale, une question d&rsquo;optimisation Couvrez le co\u00fbt impos\u00e9 sur votre h\u00e9ritage Ce que je veux l\u00e9guer, sans frais \u00e0 payer Optez pour la donation sans droits \u00e0 payer Ce que je veux donner, sans charge &hellip;\" \/>\n<meta property=\"og:url\" content=\"https:\/\/april-belgium.be\/fr\/nos-solutions\/planifier-ma-succession\/\" \/>\n<meta property=\"og:site_name\" content=\"APRIL Belgium\" \/>\n<meta property=\"article:modified_time\" content=\"2026-01-29T08:18:27+00:00\" \/>\n<meta property=\"og:image\" content=\"https:\/\/april-belgium.be\/wp-content\/uploads\/Succession-Banner.webp\" \/>\n\t<meta property=\"og:image:width\" content=\"1530\" \/>\n\t<meta property=\"og:image:height\" content=\"1080\" \/>\n\t<meta property=\"og:image:type\" content=\"image\/webp\" \/>\n<meta name=\"twitter:card\" content=\"summary_large_image\" \/>\n<meta name=\"twitter:label1\" content=\"Dur\u00e9e de lecture est.\" \/>\n\t<meta name=\"twitter:data1\" content=\"2 minutes\" \/>\n<script type=\"application\/ld+json\" class=\"yoast-schema-graph\">{\"@context\":\"https:\\\/\\\/schema.org\",\"@graph\":[{\"@type\":\"WebPage\",\"@id\":\"https:\\\/\\\/april-belgium.be\\\/fr\\\/nos-solutions\\\/planifier-ma-succession\\\/\",\"url\":\"https:\\\/\\\/april-belgium.be\\\/fr\\\/nos-solutions\\\/planifier-ma-succession\\\/\",\"name\":\"Assurance d\u00e9c\u00e8s succession - APRIL Belgium\",\"isPartOf\":{\"@id\":\"https:\\\/\\\/april-belgium.be\\\/fr\\\/#website\"},\"primaryImageOfPage\":{\"@id\":\"https:\\\/\\\/april-belgium.be\\\/fr\\\/nos-solutions\\\/planifier-ma-succession\\\/#primaryimage\"},\"image\":{\"@id\":\"https:\\\/\\\/april-belgium.be\\\/fr\\\/nos-solutions\\\/planifier-ma-succession\\\/#primaryimage\"},\"thumbnailUrl\":\"https:\\\/\\\/april-belgium.be\\\/wp-content\\\/uploads\\\/Succession-Banner.webp\",\"datePublished\":\"2025-09-30T13:23:37+00:00\",\"dateModified\":\"2026-01-29T08:18:27+00:00\",\"breadcrumb\":{\"@id\":\"https:\\\/\\\/april-belgium.be\\\/fr\\\/nos-solutions\\\/planifier-ma-succession\\\/#breadcrumb\"},\"inLanguage\":\"fr-BE\",\"potentialAction\":[{\"@type\":\"ReadAction\",\"target\":[\"https:\\\/\\\/april-belgium.be\\\/fr\\\/nos-solutions\\\/planifier-ma-succession\\\/\"]}]},{\"@type\":\"ImageObject\",\"inLanguage\":\"fr-BE\",\"@id\":\"https:\\\/\\\/april-belgium.be\\\/fr\\\/nos-solutions\\\/planifier-ma-succession\\\/#primaryimage\",\"url\":\"https:\\\/\\\/april-belgium.be\\\/wp-content\\\/uploads\\\/Succession-Banner.webp\",\"contentUrl\":\"https:\\\/\\\/april-belgium.be\\\/wp-content\\\/uploads\\\/Succession-Banner.webp\",\"width\":1530,\"height\":1080,\"caption\":\"Votre succession, \u00e0 vous de la planifier\"},{\"@type\":\"BreadcrumbList\",\"@id\":\"https:\\\/\\\/april-belgium.be\\\/fr\\\/nos-solutions\\\/planifier-ma-succession\\\/#breadcrumb\",\"itemListElement\":[{\"@type\":\"ListItem\",\"position\":1,\"name\":\"Accueil\",\"item\":\"https:\\\/\\\/april-belgium.be\\\/fr\\\/\"},{\"@type\":\"ListItem\",\"position\":2,\"name\":\"Nos Solutions\",\"item\":\"https:\\\/\\\/april-belgium.be\\\/fr\\\/nos-solutions\\\/\"},{\"@type\":\"ListItem\",\"position\":3,\"name\":\"Assurance d\u00e9c\u00e8s succession\"}]},{\"@type\":\"WebSite\",\"@id\":\"https:\\\/\\\/april-belgium.be\\\/fr\\\/#website\",\"url\":\"https:\\\/\\\/april-belgium.be\\\/fr\\\/\",\"name\":\"APRIL Belgium\",\"description\":\"\",\"potentialAction\":[{\"@type\":\"SearchAction\",\"target\":{\"@type\":\"EntryPoint\",\"urlTemplate\":\"https:\\\/\\\/april-belgium.be\\\/fr\\\/?s={search_term_string}\"},\"query-input\":{\"@type\":\"PropertyValueSpecification\",\"valueRequired\":true,\"valueName\":\"search_term_string\"}}],\"inLanguage\":\"fr-BE\"}]}<\/script>\n<!-- \/ Yoast SEO plugin. -->","yoast_head_json":{"title":"Assurance d\u00e9c\u00e8s succession - APRIL Belgium","robots":{"index":"index","follow":"follow","max-snippet":"max-snippet:-1","max-image-preview":"max-image-preview:large","max-video-preview":"max-video-preview:-1"},"canonical":"https:\/\/april-belgium.be\/fr\/nos-solutions\/planifier-ma-succession\/","og_locale":"fr_FR","og_type":"article","og_title":"Assurance d\u00e9c\u00e8s succession - APRIL Belgium","og_description":"Votre succession, \u00e0 vous de la planifier Une gamme d&rsquo;assurances d\u00e9c\u00e8s pens\u00e9e pour planifier et optimiser votre succession. Votre planification successorale, une question d&rsquo;optimisation Couvrez le co\u00fbt impos\u00e9 sur votre h\u00e9ritage Ce que je veux l\u00e9guer, sans frais \u00e0 payer Optez pour la donation sans droits \u00e0 payer Ce que je veux donner, sans charge &hellip;","og_url":"https:\/\/april-belgium.be\/fr\/nos-solutions\/planifier-ma-succession\/","og_site_name":"APRIL Belgium","article_modified_time":"2026-01-29T08:18:27+00:00","og_image":[{"width":1530,"height":1080,"url":"https:\/\/april-belgium.be\/wp-content\/uploads\/Succession-Banner.webp","type":"image\/webp"}],"twitter_card":"summary_large_image","twitter_misc":{"Dur\u00e9e de lecture est.":"2 minutes"},"schema":{"@context":"https:\/\/schema.org","@graph":[{"@type":"WebPage","@id":"https:\/\/april-belgium.be\/fr\/nos-solutions\/planifier-ma-succession\/","url":"https:\/\/april-belgium.be\/fr\/nos-solutions\/planifier-ma-succession\/","name":"Assurance d\u00e9c\u00e8s succession - APRIL Belgium","isPartOf":{"@id":"https:\/\/april-belgium.be\/fr\/#website"},"primaryImageOfPage":{"@id":"https:\/\/april-belgium.be\/fr\/nos-solutions\/planifier-ma-succession\/#primaryimage"},"image":{"@id":"https:\/\/april-belgium.be\/fr\/nos-solutions\/planifier-ma-succession\/#primaryimage"},"thumbnailUrl":"https:\/\/april-belgium.be\/wp-content\/uploads\/Succession-Banner.webp","datePublished":"2025-09-30T13:23:37+00:00","dateModified":"2026-01-29T08:18:27+00:00","breadcrumb":{"@id":"https:\/\/april-belgium.be\/fr\/nos-solutions\/planifier-ma-succession\/#breadcrumb"},"inLanguage":"fr-BE","potentialAction":[{"@type":"ReadAction","target":["https:\/\/april-belgium.be\/fr\/nos-solutions\/planifier-ma-succession\/"]}]},{"@type":"ImageObject","inLanguage":"fr-BE","@id":"https:\/\/april-belgium.be\/fr\/nos-solutions\/planifier-ma-succession\/#primaryimage","url":"https:\/\/april-belgium.be\/wp-content\/uploads\/Succession-Banner.webp","contentUrl":"https:\/\/april-belgium.be\/wp-content\/uploads\/Succession-Banner.webp","width":1530,"height":1080,"caption":"Votre succession, \u00e0 vous de la planifier"},{"@type":"BreadcrumbList","@id":"https:\/\/april-belgium.be\/fr\/nos-solutions\/planifier-ma-succession\/#breadcrumb","itemListElement":[{"@type":"ListItem","position":1,"name":"Accueil","item":"https:\/\/april-belgium.be\/fr\/"},{"@type":"ListItem","position":2,"name":"Nos Solutions","item":"https:\/\/april-belgium.be\/fr\/nos-solutions\/"},{"@type":"ListItem","position":3,"name":"Assurance d\u00e9c\u00e8s succession"}]},{"@type":"WebSite","@id":"https:\/\/april-belgium.be\/fr\/#website","url":"https:\/\/april-belgium.be\/fr\/","name":"APRIL Belgium","description":"","potentialAction":[{"@type":"SearchAction","target":{"@type":"EntryPoint","urlTemplate":"https:\/\/april-belgium.be\/fr\/?s={search_term_string}"},"query-input":{"@type":"PropertyValueSpecification","valueRequired":true,"valueName":"search_term_string"}}],"inLanguage":"fr-BE"}]}},"_links":{"self":[{"href":"https:\/\/april-belgium.be\/fr\/wp-json\/wp\/v2\/pages\/6171","targetHints":{"allow":["GET"]}}],"collection":[{"href":"https:\/\/april-belgium.be\/fr\/wp-json\/wp\/v2\/pages"}],"about":[{"href":"https:\/\/april-belgium.be\/fr\/wp-json\/wp\/v2\/types\/page"}],"author":[{"embeddable":true,"href":"https:\/\/april-belgium.be\/fr\/wp-json\/wp\/v2\/users\/4"}],"replies":[{"embeddable":true,"href":"https:\/\/april-belgium.be\/fr\/wp-json\/wp\/v2\/comments?post=6171"}],"version-history":[{"count":14,"href":"https:\/\/april-belgium.be\/fr\/wp-json\/wp\/v2\/pages\/6171\/revisions"}],"predecessor-version":[{"id":6609,"href":"https:\/\/april-belgium.be\/fr\/wp-json\/wp\/v2\/pages\/6171\/revisions\/6609"}],"up":[{"embeddable":true,"href":"https:\/\/april-belgium.be\/fr\/wp-json\/wp\/v2\/pages\/54"}],"wp:featuredmedia":[{"embeddable":true,"href":"https:\/\/april-belgium.be\/fr\/wp-json\/wp\/v2\/media\/6174"}],"wp:attachment":[{"href":"https:\/\/april-belgium.be\/fr\/wp-json\/wp\/v2\/media?parent=6171"}],"curies":[{"name":"wp","href":"https:\/\/api.w.org\/{rel}","templated":true}]}}