{"id":902,"date":"2026-01-29T09:13:13","date_gmt":"2026-01-29T09:13:13","guid":{"rendered":"http:\/\/www.elitisprotection.be\/?page_id=902"},"modified":"2026-01-29T09:13:13","modified_gmt":"2026-01-29T09:13:13","slug":"vous-etes-un-particulier-2","status":"publish","type":"page","link":"https:\/\/april-belgium.be\/fr\/trash_contact\/vous-etes-un-particulier-2\/","title":{"rendered":"Vous \u00eates un particulier ?"},"content":{"rendered":"<h2>Vous \u00eates client<\/h2>\n<p>Vous avez une question concernant <strong>votre contrat<\/strong> ? Prenez contact avec l\u2019un de nos courtiers.<\/p>\n<h2>Vous n\u2019\u00eates pas encore client<\/h2>\n<p>Vous souhaitez des informations sur <strong>nos produits<\/strong> ? Prenez contact avec l\u2019un de nos courtiers.<\/p>\n<div style=\"height: 20px;\">\u00a0<\/div>\n<p><a class=\"btn btn-elitis-blue\" href=\"https:\/\/april-belgium.be\/fr\/trouver-un-intermediaires-d-assurances\/\">Trouver un courtier<\/a><\/p>\n<div class=\"separator30\">\u00a0<\/div>\n<p>Vous avez une question relative \u00e0 notre politique en mati\u00e8re de gestion des conflits d\u2019int\u00e9r\u00eats et r\u00e9mun\u00e9rations ou <strong>notre politique<\/strong> de segmentation ? Remplissez le <strong>formulaire<\/strong> ci-dessous et l\u2019un de nos collaborateurs prendra contact avec vous dans les plus brefs d\u00e9lais.<\/p>\n<p>&nbsp;<\/p>\n\n<div class=\"wpcf7 no-js\" id=\"wpcf7-f627-o1\" lang=\"fr-FR\" dir=\"ltr\" data-wpcf7-id=\"627\">\n<div class=\"screen-reader-response\"><p role=\"status\" aria-live=\"polite\" aria-atomic=\"true\"><\/p> <ul><\/ul><\/div>\n<form action=\"\/fr\/wp-json\/wp\/v2\/pages\/902#wpcf7-f627-o1\" method=\"post\" class=\"wpcf7-form init\" aria-label=\"Contact form\" novalidate=\"novalidate\" data-status=\"init\">\n<fieldset class=\"hidden-fields-container\"><input type=\"hidden\" name=\"_wpcf7\" value=\"627\" \/><input type=\"hidden\" name=\"_wpcf7_version\" value=\"6.1.5\" \/><input type=\"hidden\" name=\"_wpcf7_locale\" value=\"fr_FR\" \/><input type=\"hidden\" name=\"_wpcf7_unit_tag\" value=\"wpcf7-f627-o1\" \/><input type=\"hidden\" name=\"_wpcf7_container_post\" value=\"0\" \/><input type=\"hidden\" name=\"_wpcf7_posted_data_hash\" value=\"\" \/><input type=\"hidden\" name=\"_wpcf7_recaptcha_response\" value=\"\" \/>\n<\/fieldset>\n<p>Nom <span style=\"font-weight:normal;color:#9F9F9F;\">(obligatoire)<\/span>\n<\/p>\n<p><span class=\"wpcf7-form-control-wrap\" data-name=\"your-name\"><input size=\"40\" maxlength=\"400\" class=\"wpcf7-form-control wpcf7-text wpcf7-validates-as-required\" aria-required=\"true\" aria-invalid=\"false\" value=\"\" type=\"text\" name=\"your-name\" \/><\/span>\n<\/p>\n<p>Pr\u00e9nom\n<\/p>\n<p><span class=\"wpcf7-form-control-wrap\" data-name=\"your-forename\"><input size=\"40\" maxlength=\"400\" class=\"wpcf7-form-control wpcf7-text\" aria-invalid=\"false\" value=\"\" type=\"text\" name=\"your-forename\" \/><\/span>\n<\/p>\n<p>Email <span style=\"font-weight:normal;color:#9F9F9F;\">(obligatoire)<\/span>\n<\/p>\n<p><span class=\"wpcf7-form-control-wrap\" data-name=\"your-email\"><input size=\"40\" maxlength=\"400\" class=\"wpcf7-form-control wpcf7-email wpcf7-validates-as-required wpcf7-text wpcf7-validates-as-email\" aria-required=\"true\" aria-invalid=\"false\" value=\"\" type=\"email\" name=\"your-email\" \/><\/span>\n<\/p>\n<p>T\u00e9l\u00e9phone\n<\/p>\n<p><span class=\"wpcf7-form-control-wrap\" data-name=\"your-tel\"><input size=\"40\" maxlength=\"400\" class=\"wpcf7-form-control wpcf7-text\" aria-invalid=\"false\" value=\"\" type=\"text\" name=\"your-tel\" \/><\/span>\n<\/p>\n<p>Code postal\n<\/p>\n<p><span class=\"wpcf7-form-control-wrap\" data-name=\"your-cp\"><input size=\"40\" maxlength=\"400\" class=\"wpcf7-form-control wpcf7-text\" aria-invalid=\"false\" value=\"\" type=\"text\" name=\"your-cp\" \/><\/span>\n<\/p>\n<p>Sujet\n<\/p>\n<p><span class=\"wpcf7-form-control-wrap\" data-name=\"your-subject\"><input size=\"40\" maxlength=\"400\" class=\"wpcf7-form-control wpcf7-text wpcf7-validates-as-required\" aria-required=\"true\" aria-invalid=\"false\" value=\"\" type=\"text\" name=\"your-subject\" \/><\/span>\n<\/p>\n<p>Message\n<\/p>\n<p><span class=\"wpcf7-form-control-wrap\" data-name=\"your-message\"><textarea cols=\"40\" rows=\"10\" maxlength=\"2000\" class=\"wpcf7-form-control wpcf7-textarea\" aria-invalid=\"false\" name=\"your-message\"><\/textarea><\/span>\n<\/p>\n<p><input class=\"wpcf7-form-control wpcf7-submit has-spinner\" type=\"submit\" value=\"Envoyer\" \/>\n<\/p><div class=\"wpcf7-response-output\" aria-hidden=\"true\"><\/div>\n<\/form>\n<\/div>\n\n","protected":false},"excerpt":{"rendered":"<p>Vous \u00eates client Vous avez une question concernant votre contrat ? Prenez contact avec l\u2019un de nos courtiers. Vous n\u2019\u00eates pas encore client Vous souhaitez des informations sur nos produits ? Prenez contact avec l\u2019un de nos courtiers. \u00a0 Trouver un courtier \u00a0 Vous avez une question relative \u00e0 notre politique en mati\u00e8re de gestion &hellip;<\/p>\n","protected":false},"author":1,"featured_media":0,"parent":66,"menu_order":0,"comment_status":"closed","ping_status":"open","template":"","meta":{"footnotes":""},"class_list":["post-902","page","type-page","status-publish","hentry"],"yoast_head":"<!-- This site is optimized with the Yoast SEO plugin v27.3 - https:\/\/yoast.com\/product\/yoast-seo-wordpress\/ -->\n<title>Vous \u00eates un particulier? - Elitis Protection<\/title>\n<meta name=\"description\" content=\"En tant que particulier, pensez \u00e0 des solutions qui prot\u00e8gent votre famille en cas de d\u00e9c\u00e8s, d&#039;accident et de maladies.\" \/>\n<meta name=\"robots\" content=\"index, follow, max-snippet:-1, max-image-preview:large, max-video-preview:-1\" \/>\n<link rel=\"canonical\" href=\"https:\/\/april-belgium.be\/fr\/trash_contact\/vous-etes-un-particulier-2\/\" \/>\n<meta property=\"og:locale\" content=\"fr_FR\" \/>\n<meta property=\"og:type\" content=\"article\" \/>\n<meta property=\"og:title\" content=\"Vous \u00eates un particulier? - Elitis Protection\" \/>\n<meta property=\"og:description\" content=\"En tant que particulier, pensez \u00e0 des solutions qui prot\u00e8gent votre famille en cas de d\u00e9c\u00e8s, d&#039;accident et de maladies.\" \/>\n<meta property=\"og:url\" content=\"https:\/\/april-belgium.be\/fr\/trash_contact\/vous-etes-un-particulier-2\/\" \/>\n<meta property=\"og:site_name\" content=\"APRIL-Belgium\" \/>\n<meta name=\"twitter:card\" content=\"summary_large_image\" \/>\n<meta name=\"twitter:label1\" content=\"Dur\u00e9e de lecture est.\" \/>\n\t<meta name=\"twitter:data1\" content=\"1 minute\" \/>\n<script type=\"application\/ld+json\" class=\"yoast-schema-graph\">{\"@context\":\"https:\\\/\\\/schema.org\",\"@graph\":[{\"@type\":\"WebPage\",\"@id\":\"https:\\\/\\\/april-belgium.be\\\/fr\\\/trash_contact\\\/vous-etes-un-particulier-2\\\/\",\"url\":\"https:\\\/\\\/april-belgium.be\\\/fr\\\/trash_contact\\\/vous-etes-un-particulier-2\\\/\",\"name\":\"Vous \u00eates un particulier? - Elitis Protection\",\"isPartOf\":{\"@id\":\"https:\\\/\\\/april-belgium.be\\\/fr\\\/#website\"},\"datePublished\":\"2026-01-29T09:13:13+00:00\",\"description\":\"En tant que particulier, pensez \u00e0 des solutions qui prot\u00e8gent votre famille en cas de d\u00e9c\u00e8s, d'accident et de maladies.\",\"breadcrumb\":{\"@id\":\"https:\\\/\\\/april-belgium.be\\\/fr\\\/trash_contact\\\/vous-etes-un-particulier-2\\\/#breadcrumb\"},\"inLanguage\":\"fr-BE\",\"potentialAction\":[{\"@type\":\"ReadAction\",\"target\":[\"https:\\\/\\\/april-belgium.be\\\/fr\\\/trash_contact\\\/vous-etes-un-particulier-2\\\/\"]}]},{\"@type\":\"BreadcrumbList\",\"@id\":\"https:\\\/\\\/april-belgium.be\\\/fr\\\/trash_contact\\\/vous-etes-un-particulier-2\\\/#breadcrumb\",\"itemListElement\":[{\"@type\":\"ListItem\",\"position\":1,\"name\":\"Accueil\",\"item\":\"https:\\\/\\\/april-belgium.be\\\/fr\\\/\"},{\"@type\":\"ListItem\",\"position\":2,\"name\":\"Contact\",\"item\":\"https:\\\/\\\/april-belgium.be\\\/fr\\\/?page_id=66\"},{\"@type\":\"ListItem\",\"position\":3,\"name\":\"Vous \u00eates un particulier ?\"}]},{\"@type\":\"WebSite\",\"@id\":\"https:\\\/\\\/april-belgium.be\\\/fr\\\/#website\",\"url\":\"https:\\\/\\\/april-belgium.be\\\/fr\\\/\",\"name\":\"APRIL-Belgium\",\"description\":\"\",\"potentialAction\":[{\"@type\":\"SearchAction\",\"target\":{\"@type\":\"EntryPoint\",\"urlTemplate\":\"https:\\\/\\\/april-belgium.be\\\/fr\\\/?s={search_term_string}\"},\"query-input\":{\"@type\":\"PropertyValueSpecification\",\"valueRequired\":true,\"valueName\":\"search_term_string\"}}],\"inLanguage\":\"fr-BE\"}]}<\/script>\n<!-- \/ Yoast SEO plugin. -->","yoast_head_json":{"title":"Vous \u00eates un particulier? - Elitis Protection","description":"En tant que particulier, pensez \u00e0 des solutions qui prot\u00e8gent votre famille en cas de d\u00e9c\u00e8s, d'accident et de maladies.","robots":{"index":"index","follow":"follow","max-snippet":"max-snippet:-1","max-image-preview":"max-image-preview:large","max-video-preview":"max-video-preview:-1"},"canonical":"https:\/\/april-belgium.be\/fr\/trash_contact\/vous-etes-un-particulier-2\/","og_locale":"fr_FR","og_type":"article","og_title":"Vous \u00eates un particulier? - Elitis Protection","og_description":"En tant que particulier, pensez \u00e0 des solutions qui prot\u00e8gent votre famille en cas de d\u00e9c\u00e8s, d'accident et de maladies.","og_url":"https:\/\/april-belgium.be\/fr\/trash_contact\/vous-etes-un-particulier-2\/","og_site_name":"APRIL-Belgium","twitter_card":"summary_large_image","twitter_misc":{"Dur\u00e9e de lecture est.":"1 minute"},"schema":{"@context":"https:\/\/schema.org","@graph":[{"@type":"WebPage","@id":"https:\/\/april-belgium.be\/fr\/trash_contact\/vous-etes-un-particulier-2\/","url":"https:\/\/april-belgium.be\/fr\/trash_contact\/vous-etes-un-particulier-2\/","name":"Vous \u00eates un particulier? - Elitis Protection","isPartOf":{"@id":"https:\/\/april-belgium.be\/fr\/#website"},"datePublished":"2026-01-29T09:13:13+00:00","description":"En tant que particulier, pensez \u00e0 des solutions qui prot\u00e8gent votre famille en cas de d\u00e9c\u00e8s, d'accident et de maladies.","breadcrumb":{"@id":"https:\/\/april-belgium.be\/fr\/trash_contact\/vous-etes-un-particulier-2\/#breadcrumb"},"inLanguage":"fr-BE","potentialAction":[{"@type":"ReadAction","target":["https:\/\/april-belgium.be\/fr\/trash_contact\/vous-etes-un-particulier-2\/"]}]},{"@type":"BreadcrumbList","@id":"https:\/\/april-belgium.be\/fr\/trash_contact\/vous-etes-un-particulier-2\/#breadcrumb","itemListElement":[{"@type":"ListItem","position":1,"name":"Accueil","item":"https:\/\/april-belgium.be\/fr\/"},{"@type":"ListItem","position":2,"name":"Contact","item":"https:\/\/april-belgium.be\/fr\/?page_id=66"},{"@type":"ListItem","position":3,"name":"Vous \u00eates un particulier ?"}]},{"@type":"WebSite","@id":"https:\/\/april-belgium.be\/fr\/#website","url":"https:\/\/april-belgium.be\/fr\/","name":"APRIL-Belgium","description":"","potentialAction":[{"@type":"SearchAction","target":{"@type":"EntryPoint","urlTemplate":"https:\/\/april-belgium.be\/fr\/?s={search_term_string}"},"query-input":{"@type":"PropertyValueSpecification","valueRequired":true,"valueName":"search_term_string"}}],"inLanguage":"fr-BE"}]}},"_links":{"self":[{"href":"https:\/\/april-belgium.be\/fr\/wp-json\/wp\/v2\/pages\/902","targetHints":{"allow":["GET"]}}],"collection":[{"href":"https:\/\/april-belgium.be\/fr\/wp-json\/wp\/v2\/pages"}],"about":[{"href":"https:\/\/april-belgium.be\/fr\/wp-json\/wp\/v2\/types\/page"}],"author":[{"embeddable":true,"href":"https:\/\/april-belgium.be\/fr\/wp-json\/wp\/v2\/users\/1"}],"replies":[{"embeddable":true,"href":"https:\/\/april-belgium.be\/fr\/wp-json\/wp\/v2\/comments?post=902"}],"version-history":[{"count":13,"href":"https:\/\/april-belgium.be\/fr\/wp-json\/wp\/v2\/pages\/902\/revisions"}],"predecessor-version":[{"id":6572,"href":"https:\/\/april-belgium.be\/fr\/wp-json\/wp\/v2\/pages\/902\/revisions\/6572"}],"up":[{"embeddable":true,"href":"https:\/\/april-belgium.be\/fr\/wp-json\/wp\/v2\/pages\/66"}],"wp:attachment":[{"href":"https:\/\/april-belgium.be\/fr\/wp-json\/wp\/v2\/media?parent=902"}],"curies":[{"name":"wp","href":"https:\/\/api.w.org\/{rel}","templated":true}]}}