{"id":905,"date":"2015-09-28T21:44:56","date_gmt":"2015-09-28T21:44:56","guid":{"rendered":"http:\/\/www.elitisprotection.be\/nl\/?page_id=905"},"modified":"2023-05-15T07:30:42","modified_gmt":"2023-05-15T07:30:42","slug":"particulier","status":"publish","type":"page","link":"https:\/\/april-belgium.be\/nl\/trash_contact\/particulier\/","title":{"rendered":"Bent u een particulier?"},"content":{"rendered":"<h2>U bent klant<\/h2>\n<p>Hebt u een vraag over uw <strong>contract<\/strong>? Contacteer \u00e9\u00e9n van onze <strong>makelaars<\/strong>.<\/p>\n<h2>U bent nog geen klant<\/h2>\n<p>Wenst u informatie over <strong>onze producten?<\/strong> Contacteer \u00e9\u00e9n van <strong>onze makelaars<\/strong>.<\/p>\n<div style=\"height: 20px;\">\u00a0<\/div>\n<p><a class=\"btn btn-elitis-blue\" href=\"\/nl\/verzekeringstussenpersonen\/\">Zoek een makelaar<\/a><\/p>\n<div class=\"separator30\">\u00a0<\/div>\n<p>Hebt u een vraag over <strong>ons beleid<\/strong> inzake het beheer van belangenconflicten en bezoldigingen of ons segmenteringsbeleid? Vul het onderstaande <strong>formulier<\/strong> in en \u00e9\u00e9n van onze medewerkers zal zo spoedig mogelijk contact met u opnemen.<\/p>\n<div class=\"separator30\">\u00a0<\/div>\n\n<div class=\"wpcf7 no-js\" id=\"wpcf7-f792-o1\" lang=\"fr-FR\" dir=\"ltr\" data-wpcf7-id=\"792\">\n<div class=\"screen-reader-response\"><p role=\"status\" aria-live=\"polite\" aria-atomic=\"true\"><\/p> <ul><\/ul><\/div>\n<form action=\"\/nl\/wp-json\/wp\/v2\/pages\/905#wpcf7-f792-o1\" method=\"post\" class=\"wpcf7-form init\" aria-label=\"Contactformulier\" novalidate=\"novalidate\" data-status=\"init\">\n<fieldset class=\"hidden-fields-container\"><input type=\"hidden\" name=\"_wpcf7\" value=\"792\" \/><input type=\"hidden\" name=\"_wpcf7_version\" value=\"6.1.5\" \/><input type=\"hidden\" name=\"_wpcf7_locale\" value=\"fr_FR\" \/><input type=\"hidden\" name=\"_wpcf7_unit_tag\" value=\"wpcf7-f792-o1\" \/><input type=\"hidden\" name=\"_wpcf7_container_post\" value=\"0\" \/><input type=\"hidden\" name=\"_wpcf7_posted_data_hash\" value=\"\" \/><input type=\"hidden\" name=\"_wpcf7_recaptcha_response\" value=\"\" \/>\n<\/fieldset>\n<p>Uw naam <span style=\"font-weight:normal;color:#9F9F9F;\">(verplicht)<\/span>\n<\/p>\n<p><span class=\"wpcf7-form-control-wrap\" data-name=\"your-name\"><input size=\"40\" maxlength=\"400\" class=\"wpcf7-form-control wpcf7-text wpcf7-validates-as-required\" aria-required=\"true\" aria-invalid=\"false\" value=\"\" type=\"text\" name=\"your-name\" \/><\/span>\n<\/p>\n<p>Uw voornaam\n<\/p>\n<p><span class=\"wpcf7-form-control-wrap\" data-name=\"your-forename\"><input size=\"40\" maxlength=\"400\" class=\"wpcf7-form-control wpcf7-text\" aria-invalid=\"false\" value=\"\" type=\"text\" name=\"your-forename\" \/><\/span>\n<\/p>\n<p>Uw e-mail <span style=\"font-weight:normal;color:#9F9F9F;\">(verplicht)<\/span>\n<\/p>\n<p><span class=\"wpcf7-form-control-wrap\" data-name=\"your-email\"><input size=\"40\" maxlength=\"400\" class=\"wpcf7-form-control wpcf7-email wpcf7-validates-as-required wpcf7-text wpcf7-validates-as-email\" aria-required=\"true\" aria-invalid=\"false\" value=\"\" type=\"email\" name=\"your-email\" \/><\/span>\n<\/p>\n<p>Uw telefoon\n<\/p>\n<p><span class=\"wpcf7-form-control-wrap\" data-name=\"your-tel\"><input size=\"40\" maxlength=\"400\" class=\"wpcf7-form-control wpcf7-text\" aria-invalid=\"false\" value=\"\" type=\"text\" name=\"your-tel\" \/><\/span>\n<\/p>\n<p>Uw postcode\n<\/p>\n<p><span class=\"wpcf7-form-control-wrap\" data-name=\"your-cp\"><input size=\"40\" maxlength=\"400\" class=\"wpcf7-form-control wpcf7-text\" aria-invalid=\"false\" value=\"\" type=\"text\" name=\"your-cp\" \/><\/span>\n<\/p>\n<p>Onderwerp\n<\/p>\n<p><span class=\"wpcf7-form-control-wrap\" data-name=\"your-subject\"><input size=\"40\" maxlength=\"400\" class=\"wpcf7-form-control wpcf7-text wpcf7-validates-as-required\" aria-required=\"true\" aria-invalid=\"false\" value=\"\" type=\"text\" name=\"your-subject\" \/><\/span>\n<\/p>\n<p>Uw bericht\n<\/p>\n<p><span class=\"wpcf7-form-control-wrap\" data-name=\"your-message\"><textarea cols=\"40\" rows=\"10\" maxlength=\"2000\" class=\"wpcf7-form-control wpcf7-textarea\" aria-invalid=\"false\" name=\"your-message\"><\/textarea><\/span>\n<\/p>\n<p><input class=\"wpcf7-form-control wpcf7-submit has-spinner\" type=\"submit\" value=\"Verzenden\" \/>\n<\/p><div class=\"wpcf7-response-output\" aria-hidden=\"true\"><\/div>\n<\/form>\n<\/div>\n\n","protected":false},"excerpt":{"rendered":"<p>U bent klant Hebt u een vraag over uw contract? Contacteer \u00e9\u00e9n van onze makelaars. U bent nog geen klant Wenst u informatie over onze producten? Contacteer \u00e9\u00e9n van onze makelaars. \u00a0 Zoek een makelaar \u00a0 Hebt u een vraag over ons beleid inzake het beheer van belangenconflicten en bezoldigingen of ons segmenteringsbeleid? Vul het &hellip;<\/p>\n","protected":false},"author":1,"featured_media":0,"parent":68,"menu_order":1,"comment_status":"closed","ping_status":"open","template":"","meta":{"footnotes":""},"class_list":["post-905","page","type-page","status-publish","hentry"],"yoast_head":"<!-- This site is optimized with the Yoast SEO plugin v27.3 - https:\/\/yoast.com\/product\/yoast-seo-wordpress\/ -->\n<title>Bent u een particulier? - APRIL-Belgium<\/title>\n<meta name=\"robots\" content=\"index, follow, max-snippet:-1, max-image-preview:large, max-video-preview:-1\" \/>\n<link rel=\"canonical\" href=\"https:\/\/april-belgium.be\/nl\/trash_contact\/particulier\/\" \/>\n<meta property=\"og:locale\" content=\"nl_BE\" \/>\n<meta property=\"og:type\" content=\"article\" \/>\n<meta property=\"og:title\" content=\"Bent u een particulier? - APRIL-Belgium\" \/>\n<meta property=\"og:description\" content=\"U bent klant Hebt u een vraag over uw contract? Contacteer \u00e9\u00e9n van onze makelaars. U bent nog geen klant Wenst u informatie over onze producten? Contacteer \u00e9\u00e9n van onze makelaars. \u00a0 Zoek een makelaar \u00a0 Hebt u een vraag over ons beleid inzake het beheer van belangenconflicten en bezoldigingen of ons segmenteringsbeleid? Vul het &hellip;\" \/>\n<meta property=\"og:url\" content=\"https:\/\/april-belgium.be\/nl\/trash_contact\/particulier\/\" \/>\n<meta property=\"og:site_name\" content=\"APRIL-Belgium\" \/>\n<meta property=\"article:modified_time\" content=\"2023-05-15T07:30:42+00:00\" \/>\n<meta name=\"twitter:card\" content=\"summary_large_image\" \/>\n<meta name=\"twitter:label1\" content=\"Geschatte leestijd\" \/>\n\t<meta name=\"twitter:data1\" content=\"1 minuut\" \/>\n<script type=\"application\/ld+json\" class=\"yoast-schema-graph\">{\"@context\":\"https:\\\/\\\/schema.org\",\"@graph\":[{\"@type\":\"WebPage\",\"@id\":\"https:\\\/\\\/april-belgium.be\\\/nl\\\/trash_contact\\\/particulier\\\/\",\"url\":\"https:\\\/\\\/april-belgium.be\\\/nl\\\/trash_contact\\\/particulier\\\/\",\"name\":\"Bent u een particulier? - APRIL-Belgium\",\"isPartOf\":{\"@id\":\"https:\\\/\\\/april-belgium.be\\\/fr\\\/#website\"},\"datePublished\":\"2015-09-28T21:44:56+00:00\",\"dateModified\":\"2023-05-15T07:30:42+00:00\",\"breadcrumb\":{\"@id\":\"https:\\\/\\\/april-belgium.be\\\/nl\\\/trash_contact\\\/particulier\\\/#breadcrumb\"},\"inLanguage\":\"nl-BE\",\"potentialAction\":[{\"@type\":\"ReadAction\",\"target\":[\"https:\\\/\\\/april-belgium.be\\\/nl\\\/trash_contact\\\/particulier\\\/\"]}]},{\"@type\":\"BreadcrumbList\",\"@id\":\"https:\\\/\\\/april-belgium.be\\\/nl\\\/trash_contact\\\/particulier\\\/#breadcrumb\",\"itemListElement\":[{\"@type\":\"ListItem\",\"position\":1,\"name\":\"Accueil\",\"item\":\"https:\\\/\\\/april-belgium.be\\\/nl\\\/\"},{\"@type\":\"ListItem\",\"position\":2,\"name\":\"Contact\",\"item\":\"https:\\\/\\\/april-belgium.be\\\/nl\\\/?page_id=68\"},{\"@type\":\"ListItem\",\"position\":3,\"name\":\"Bent u een particulier?\"}]},{\"@type\":\"WebSite\",\"@id\":\"https:\\\/\\\/april-belgium.be\\\/fr\\\/#website\",\"url\":\"https:\\\/\\\/april-belgium.be\\\/fr\\\/\",\"name\":\"APRIL-Belgium\",\"description\":\"\",\"potentialAction\":[{\"@type\":\"SearchAction\",\"target\":{\"@type\":\"EntryPoint\",\"urlTemplate\":\"https:\\\/\\\/april-belgium.be\\\/fr\\\/?s={search_term_string}\"},\"query-input\":{\"@type\":\"PropertyValueSpecification\",\"valueRequired\":true,\"valueName\":\"search_term_string\"}}],\"inLanguage\":\"nl-BE\"}]}<\/script>\n<!-- \/ Yoast SEO plugin. -->","yoast_head_json":{"title":"Bent u een particulier? - APRIL-Belgium","robots":{"index":"index","follow":"follow","max-snippet":"max-snippet:-1","max-image-preview":"max-image-preview:large","max-video-preview":"max-video-preview:-1"},"canonical":"https:\/\/april-belgium.be\/nl\/trash_contact\/particulier\/","og_locale":"nl_BE","og_type":"article","og_title":"Bent u een particulier? - APRIL-Belgium","og_description":"U bent klant Hebt u een vraag over uw contract? Contacteer \u00e9\u00e9n van onze makelaars. U bent nog geen klant Wenst u informatie over onze producten? Contacteer \u00e9\u00e9n van onze makelaars. \u00a0 Zoek een makelaar \u00a0 Hebt u een vraag over ons beleid inzake het beheer van belangenconflicten en bezoldigingen of ons segmenteringsbeleid? Vul het &hellip;","og_url":"https:\/\/april-belgium.be\/nl\/trash_contact\/particulier\/","og_site_name":"APRIL-Belgium","article_modified_time":"2023-05-15T07:30:42+00:00","twitter_card":"summary_large_image","twitter_misc":{"Geschatte leestijd":"1 minuut"},"schema":{"@context":"https:\/\/schema.org","@graph":[{"@type":"WebPage","@id":"https:\/\/april-belgium.be\/nl\/trash_contact\/particulier\/","url":"https:\/\/april-belgium.be\/nl\/trash_contact\/particulier\/","name":"Bent u een particulier? - APRIL-Belgium","isPartOf":{"@id":"https:\/\/april-belgium.be\/fr\/#website"},"datePublished":"2015-09-28T21:44:56+00:00","dateModified":"2023-05-15T07:30:42+00:00","breadcrumb":{"@id":"https:\/\/april-belgium.be\/nl\/trash_contact\/particulier\/#breadcrumb"},"inLanguage":"nl-BE","potentialAction":[{"@type":"ReadAction","target":["https:\/\/april-belgium.be\/nl\/trash_contact\/particulier\/"]}]},{"@type":"BreadcrumbList","@id":"https:\/\/april-belgium.be\/nl\/trash_contact\/particulier\/#breadcrumb","itemListElement":[{"@type":"ListItem","position":1,"name":"Accueil","item":"https:\/\/april-belgium.be\/nl\/"},{"@type":"ListItem","position":2,"name":"Contact","item":"https:\/\/april-belgium.be\/nl\/?page_id=68"},{"@type":"ListItem","position":3,"name":"Bent u een particulier?"}]},{"@type":"WebSite","@id":"https:\/\/april-belgium.be\/fr\/#website","url":"https:\/\/april-belgium.be\/fr\/","name":"APRIL-Belgium","description":"","potentialAction":[{"@type":"SearchAction","target":{"@type":"EntryPoint","urlTemplate":"https:\/\/april-belgium.be\/fr\/?s={search_term_string}"},"query-input":{"@type":"PropertyValueSpecification","valueRequired":true,"valueName":"search_term_string"}}],"inLanguage":"nl-BE"}]}},"_links":{"self":[{"href":"https:\/\/april-belgium.be\/nl\/wp-json\/wp\/v2\/pages\/905","targetHints":{"allow":["GET"]}}],"collection":[{"href":"https:\/\/april-belgium.be\/nl\/wp-json\/wp\/v2\/pages"}],"about":[{"href":"https:\/\/april-belgium.be\/nl\/wp-json\/wp\/v2\/types\/page"}],"author":[{"embeddable":true,"href":"https:\/\/april-belgium.be\/nl\/wp-json\/wp\/v2\/users\/1"}],"replies":[{"embeddable":true,"href":"https:\/\/april-belgium.be\/nl\/wp-json\/wp\/v2\/comments?post=905"}],"version-history":[{"count":11,"href":"https:\/\/april-belgium.be\/nl\/wp-json\/wp\/v2\/pages\/905\/revisions"}],"predecessor-version":[{"id":4295,"href":"https:\/\/april-belgium.be\/nl\/wp-json\/wp\/v2\/pages\/905\/revisions\/4295"}],"up":[{"embeddable":true,"href":"https:\/\/april-belgium.be\/nl\/wp-json\/wp\/v2\/pages\/68"}],"wp:attachment":[{"href":"https:\/\/april-belgium.be\/nl\/wp-json\/wp\/v2\/media?parent=905"}],"curies":[{"name":"wp","href":"https:\/\/api.w.org\/{rel}","templated":true}]}}